{"id":19,"date":"2025-12-01T08:54:26","date_gmt":"2025-12-01T08:54:26","guid":{"rendered":"https:\/\/wp3.novida.fi\/med24vian\/?page_id=19"},"modified":"2026-01-20T08:49:13","modified_gmt":"2026-01-20T08:49:13","slug":"yhteistiedot","status":"publish","type":"page","link":"https:\/\/wp3.novida.fi\/med24vian\/yhteistiedot\/","title":{"rendered":"Yhteistiedot"},"content":{"rendered":"\n\n\n\n\n<div class=\"wp-block-columns is-layout-flex wp-container-core-columns-is-layout-9d6595d7 wp-block-columns-is-layout-flex\">\n<div class=\"wp-block-column is-layout-flow wp-block-column-is-layout-flow\">\n<div id=\"wp-block-themeisle-blocks-form-8f7bf9c8\" class=\"wp-block-themeisle-blocks-form\" data-option-name=\"27ab0c0c3cb378efca2abef748cc703a7c7032cc_8f7bf9c8\"><form class=\"otter-form__container\">\n<p class=\"has-text-align-left\">Onko sin\u00adul\u00adla kysyt\u00adt\u00e4v\u00e4\u00e4 Novri\u00adiX-jalka\u00adpal\u00adloseuras\u00adta?<br>T\u00e4\u00e4lt\u00e4 l\u00f6y\u00add\u00e4t yhteysti\u00adetomme ja voit ottaa mei\u00adhin hel\u00adposti yhteyt\u00adt\u00e4.<br>Otamme mielel\u00adl\u00e4mme vas\u00adtaan \u200b\u200bvieste\u00adj\u00e4 pelaa\u00adjil\u00adta, yhteisty\u00f6kump\u00adpaneil\u00adta ja jalka\u00adpallo\u00adfaneil\u00adta.<\/p>\n\n\n\n<div id=\"wp-block-themeisle-blocks-form-input-72642392\" class=\"wp-block-themeisle-blocks-form-input\"><label for=\"wp-block-themeisle-blocks-form-input-72642392-input\" class=\"otter-form-input-label\"><span class=\"otter-form-input-label__label\">Nimi<\/span><span class=\"required\">*<\/span><\/label><input type=\"text\" id=\"wp-block-themeisle-blocks-form-input-72642392-input\" required class=\"otter-form-input\"><\/div>\n\n\n\n<div id=\"wp-block-themeisle-blocks-form-input-7918948f\" class=\"wp-block-themeisle-blocks-form-input\"><label for=\"wp-block-themeisle-blocks-form-input-7918948f-input\" class=\"otter-form-input-label\"><span class=\"otter-form-input-label__label\">S\u00e4hk\u00f6\u00adposti<\/span><span class=\"required\">*<\/span><\/label><input type=\"email\" id=\"wp-block-themeisle-blocks-form-input-7918948f-input\" required class=\"otter-form-input\"><\/div>\n\n\n<div class=\"protection\" aria-hidden=\"true\"><input type=\"hidden\" id=\"wp-block-themeisle-blocks-form-8f7bf9c8_nonce_field\" name=\"wp-block-themeisle-blocks-form-8f7bf9c8_nonce_field\" value=\"a2dc42d2ec\"><input type=\"hidden\" name=\"_wp_http_referer\" value=\"\/med24vian\/wp-json\/wp\/v2\/pages\/19\"><input class=\"o-anti-bot\" type=\"checkbox\"><\/div>\n\n\n<div id=\"wp-block-themeisle-blocks-form-textarea-2b55c817\" class=\"wp-block-themeisle-blocks-form-textarea\"><label for=\"wp-block-themeisle-blocks-form-textarea-2b55c817-input\" class=\"otter-form-textarea-label\"><span class=\"otter-form-textarea-label__label\">Viesti<\/span><\/label><textarea id=\"wp-block-themeisle-blocks-form-textarea-2b55c817-input\" rows=\"10\" class=\"otter-form-textarea-input\"><\/textarea><\/div>\n<div class=\"wp-block-button\"><button class=\"wp-block-button__link\" type=\"submit\">L\u00e4het\u00e4<\/button><\/div><\/form><\/div>\n<\/div>\n\n\n\n<div class=\"wp-block-column is-layout-flow wp-block-column-is-layout-flow\">\n<p class=\"has-text-align-left\">Novri\u00adiX Foot\u00adball Club sijait\u00adsee hel\u00adposti saavutet\u00adtaval\u00adla alueel\u00adla. Toimis\u00adtomme on samas\u00adsa paikas\u00adsa pelialueen ja har\u00adjoi\u00adtusken\u00adt\u00e4n kanssa, mik\u00e4 tekee toimin\u00adnas\u00adta suju\u00advaa ja k\u00e4yt\u00e4n\u00adn\u00f6l\u00adlist\u00e4.<br>Alueel\u00adla j\u00e4r\u00adjestet\u00e4\u00e4n har\u00adjoituk\u00adsia, pele\u00adj\u00e4 ja seu\u00adran tapah\u00adtu\u00admia. Olemme ter\u00adve\u00adtullei\u00adta niin pelaa\u00adjat, yhteisty\u00f6kump\u00adpan\u00adit kuin vierail\u00adi\u00adjatkin.<\/p>\n\n\n<div style=\"height:400pxpx;\" class=\"wp-block-themeisle-blocks-leaflet-map\" id=\"wp-block-themeisle-blocks-google-map-f3f14287\"><\/div>\n<script type=\"text\/javascript\">\n\t\/* <![CDATA[ *\/\n\t\tif ( ! window.themeisleLeafletMaps ) window.themeisleLeafletMaps =[];\n\t\twindow.themeisleLeafletMaps.push( { container: \"wp-block-themeisle-blocks-google-map-f3f14287\", attributes: {\"id\":\"wp-block-themeisle-blocks-google-map-f3f14287\",\"latitude\":\"46.83595416678317\",\"longitude\":\"35.36433577537537\",\"bbox\":\"35.36215782165528,46.83448624985119,35.366513729095466,46.83742204361739\",\"zoom\":17,\"location\":\"La Sagrada Familia, Barcelona, Spain\",\"height\":\"400px\",\"markers\":[],\"zoomControl\":true,\"draggable\":true,\"hasCustomCSS\":false,\"customCSS\":\"\",\"otterConditions\":[]} } );\n\t\/* ]]> *\/\n<\/script>\n<\/div>\n<\/div>\n\n\n\n<div class=\"wp-block-columns is-layout-flex wp-container-core-columns-is-layout-9d6595d7 wp-block-columns-is-layout-flex\">\n<div class=\"wp-block-column is-vertically-aligned-center has-background has-small-font-size is-layout-flow wp-block-column-is-layout-flow\" style=\"background-color:#6b6b6b36\">\n<h5 id=\"wp-block-themeisle-blocks-advanced-heading-9efc1469\" class=\"wp-block-themeisle-blocks-advanced-heading wp-block-themeisle-blocks-advanced-heading-9efc1469 ticss-fda123bf\">Valmentaja<\/h5>\n\n\n\n<p class=\"has-text-align-center\">Albert Des\u00adtik<\/p>\n\n\n\n<p class=\"has-text-align-center\">+35 012 345 6789 zxcvbnm@gmail.com<\/p>\n<\/div>\n\n\n\n<div class=\"wp-block-column has-background has-small-font-size is-layout-flow wp-block-column-is-layout-flow\" style=\"background-color:#6b6b6b36\">\n<h5 id=\"wp-block-themeisle-blocks-advanced-heading-117b5477\" class=\"wp-block-themeisle-blocks-advanced-heading wp-block-themeisle-blocks-advanced-heading-117b5477\">Manageri<\/h5>\n\n\n\n<p class=\"has-text-align-center\">Kimpin Tiau<\/p>\n\n\n\n<p class=\"has-text-align-center\">+35 012 345 6789                                                                                             zxcvbnm@gmail.com<\/p>\n<\/div>\n\n\n\n<div class=\"wp-block-column ticss-3c8ca0f8 has-background has-small-font-size is-layout-flow wp-block-column-is-layout-flow\" style=\"background-color:#6b6b6b36\">\n<h5 id=\"wp-block-themeisle-blocks-advanced-heading-e542adb3\" class=\"wp-block-themeisle-blocks-advanced-heading wp-block-themeisle-blocks-advanced-heading-e542adb3\"><a href=\"https:\/\/portfolio17352.wordpress.com\/\">Toimisto<\/a><\/h5>\n\n\n\n<p class=\"has-text-align-center\">Bratish Erichenko<\/p>\n\n\n\n<p class=\"has-text-align-center\">+35 012 345 6789                                                         zxcvbnm@gmail.com<\/p>\n<\/div>\n<\/div>\n\n\n\n\n<div style=\"margin-bottom:6px;\" class=\"aligncenter is-style-default animated backInUp wp-block-site-logo\"><a href=\"https:\/\/wp3.novida.fi\/med24vian\/\" class=\"custom-logo-link  no-t-logo\" rel=\"home\" itemprop=\"url\"><img loading=\"lazy\" decoding=\"async\" width=\"135\" height=\"135\" src=\"https:\/\/wp3.novida.fi\/med24vian\/wp-content\/uploads\/sites\/41\/2025\/12\/cropped-NovriiX_logo-1.png\" class=\"custom-logo\" alt=\"NovriiX\" itemprop=\"logo\" srcset=\"https:\/\/wp3.novida.fi\/med24vian\/wp-content\/uploads\/sites\/41\/2025\/12\/NovriiX_logo.png 2x\"><\/a><\/div>","protected":false},"excerpt":{"rendered":"<p>Novri\u00adiX Foot\u00adball Club sijait\u00adsee hel\u00adposti saavutet\u00adtaval\u00adla alueel\u00adla. Toimis\u00adtomme on samas\u00adsa paikas\u00adsa pelialueen ja har\u00adjoi\u00adtusken\u00adt\u00e4n kanssa, mik\u00e4 tekee toimin\u00adnas\u00adta suju\u00advaa ja k\u00e4yt\u00e4n\u00adn\u00f6l\u00adlist\u00e4.Alueel\u00adla j\u00e4r\u00adjestet\u00e4\u00e4n har\u00adjoituk\u00adsia, pele\u00adj\u00e4 ja seu\u00adran tapah\u00adtu\u00admia. Olemme ter\u00adve\u00adtullei\u00adta niin \u2026<\/p>\n","protected":false},"author":45,"featured_media":0,"parent":0,"menu_order":0,"comment_status":"closed","ping_status":"closed","template":"","meta":{"wp_typography_post_enhancements_disabled":false,"_themeisle_gutenberg_block_has_review":false,"footnotes":""},"class_list":["post-19","page","type-page","status-publish","hentry"],"yoast_head":"<!-- This site is optimized with the Yoast SEO plugin v26.5 - https:\/\/yoast.com\/wordpress\/plugins\/seo\/ -->\n<title>NovriiX Yhteistiedot: Contact Information and Details<\/title>\n<meta name=\"description\" content=\"Find out all about NovriiX Yhteistiedot, your local football club with convenient access to practice fields and events.\" \/>\n<meta name=\"robots\" content=\"index, follow, max-snippet:-1, max-image-preview:large, max-video-preview:-1\" \/>\n<link rel=\"canonical\" href=\"https:\/\/wp3.novida.fi\/med24vian\/yhteistiedot\/\" \/>\n<meta property=\"og:locale\" content=\"en_GB\" \/>\n<meta property=\"og:type\" content=\"article\" \/>\n<meta property=\"og:title\" content=\"NovriiX Yhteistiedot: Contact Information and Details\" \/>\n<meta property=\"og:description\" content=\"Find out all about NovriiX Yhteistiedot, your local football club with convenient access to practice fields and events.\" \/>\n<meta property=\"og:url\" content=\"https:\/\/wp3.novida.fi\/med24vian\/yhteistiedot\/\" \/>\n<meta property=\"og:site_name\" content=\"NovriiX\" \/>\n<meta property=\"article:modified_time\" content=\"2026-01-20T08:49:13+00:00\" \/>\n<meta property=\"og:image\" content=\"https:\/\/wp3.novida.fi\/med24vian\/wp-content\/uploads\/sites\/41\/2026\/01\/NovriiX_logo-2-1024x1024.png\" \/>\n<meta name=\"twitter:card\" content=\"summary_large_image\" \/>\n<meta name=\"twitter:label1\" content=\"Estimated reading time\" \/>\n\t<meta name=\"twitter:data1\" content=\"1 minute\" \/>\n<script type=\"application\/ld+json\" class=\"yoast-schema-graph\">{\"@context\":\"https:\/\/schema.org\",\"@graph\":[{\"@type\":\"WebPage\",\"@id\":\"https:\/\/wp3.novida.fi\/med24vian\/yhteistiedot\/\",\"url\":\"https:\/\/wp3.novida.fi\/med24vian\/yhteistiedot\/\",\"name\":\"NovriiX Yhteistiedot: Contact Information and Details\",\"isPartOf\":{\"@id\":\"https:\/\/wp3.novida.fi\/med24vian\/#website\"},\"primaryImageOfPage\":{\"@id\":\"https:\/\/wp3.novida.fi\/med24vian\/yhteistiedot\/#primaryimage\"},\"image\":{\"@id\":\"https:\/\/wp3.novida.fi\/med24vian\/yhteistiedot\/#primaryimage\"},\"thumbnailUrl\":\"https:\/\/wp3.novida.fi\/med24vian\/wp-content\/uploads\/sites\/41\/2026\/01\/NovriiX_logo-2-1024x1024.png\",\"datePublished\":\"2025-12-01T08:54:26+00:00\",\"dateModified\":\"2026-01-20T08:49:13+00:00\",\"description\":\"Find out all about NovriiX Yhteistiedot, your local football club with convenient access to practice fields and events.\",\"breadcrumb\":{\"@id\":\"https:\/\/wp3.novida.fi\/med24vian\/yhteistiedot\/#breadcrumb\"},\"inLanguage\":\"en-GB\",\"potentialAction\":[{\"@type\":\"ReadAction\",\"target\":[\"https:\/\/wp3.novida.fi\/med24vian\/yhteistiedot\/\"]}]},{\"@type\":\"ImageObject\",\"inLanguage\":\"en-GB\",\"@id\":\"https:\/\/wp3.novida.fi\/med24vian\/yhteistiedot\/#primaryimage\",\"url\":\"https:\/\/wp3.novida.fi\/med24vian\/wp-content\/uploads\/sites\/41\/2026\/01\/NovriiX_logo-2.png\",\"contentUrl\":\"https:\/\/wp3.novida.fi\/med24vian\/wp-content\/uploads\/sites\/41\/2026\/01\/NovriiX_logo-2.png\",\"width\":1110,\"height\":1110},{\"@type\":\"BreadcrumbList\",\"@id\":\"https:\/\/wp3.novida.fi\/med24vian\/yhteistiedot\/#breadcrumb\",\"itemListElement\":[{\"@type\":\"ListItem\",\"position\":1,\"name\":\"Home\",\"item\":\"https:\/\/wp3.novida.fi\/med24vian\/\"},{\"@type\":\"ListItem\",\"position\":2,\"name\":\"Yhteistiedot\"}]},{\"@type\":\"WebSite\",\"@id\":\"https:\/\/wp3.novida.fi\/med24vian\/#website\",\"url\":\"https:\/\/wp3.novida.fi\/med24vian\/\",\"name\":\"NovriiX\",\"description\":\"\",\"publisher\":{\"@id\":\"https:\/\/wp3.novida.fi\/med24vian\/#organization\"},\"potentialAction\":[{\"@type\":\"SearchAction\",\"target\":{\"@type\":\"EntryPoint\",\"urlTemplate\":\"https:\/\/wp3.novida.fi\/med24vian\/?s={search_term_string}\"},\"query-input\":{\"@type\":\"PropertyValueSpecification\",\"valueRequired\":true,\"valueName\":\"search_term_string\"}}],\"inLanguage\":\"en-GB\"},{\"@type\":\"Organization\",\"@id\":\"https:\/\/wp3.novida.fi\/med24vian\/#organization\",\"name\":\"NovriiX\",\"url\":\"https:\/\/wp3.novida.fi\/med24vian\/\",\"logo\":{\"@type\":\"ImageObject\",\"inLanguage\":\"en-GB\",\"@id\":\"https:\/\/wp3.novida.fi\/med24vian\/#\/schema\/logo\/image\/\",\"url\":\"https:\/\/wp3.novida.fi\/med24vian\/wp-content\/uploads\/sites\/41\/2025\/12\/cropped-NovriiX_logo-1.png\",\"contentUrl\":\"https:\/\/wp3.novida.fi\/med24vian\/wp-content\/uploads\/sites\/41\/2025\/12\/cropped-NovriiX_logo-1.png\",\"width\":1110,\"height\":1110,\"caption\":\"NovriiX\"},\"image\":{\"@id\":\"https:\/\/wp3.novida.fi\/med24vian\/#\/schema\/logo\/image\/\"}}]}<\/script>\n<!-- \/ Yoast SEO plugin. -->","yoast_head_json":{"title":"NovriiX Yhteistiedot: Contact Information and Details","description":"Find out all about NovriiX Yhteistiedot, your local football club with convenient access to practice fields and events.","robots":{"index":"index","follow":"follow","max-snippet":"max-snippet:-1","max-image-preview":"max-image-preview:large","max-video-preview":"max-video-preview:-1"},"canonical":"https:\/\/wp3.novida.fi\/med24vian\/yhteistiedot\/","og_locale":"en_GB","og_type":"article","og_title":"NovriiX Yhteistiedot: Contact Information and Details","og_description":"Find out all about NovriiX Yhteistiedot, your local football club with convenient access to practice fields and events.","og_url":"https:\/\/wp3.novida.fi\/med24vian\/yhteistiedot\/","og_site_name":"NovriiX","article_modified_time":"2026-01-20T08:49:13+00:00","og_image":[{"url":"https:\/\/wp3.novida.fi\/med24vian\/wp-content\/uploads\/sites\/41\/2026\/01\/NovriiX_logo-2-1024x1024.png","type":"","width":"","height":""}],"twitter_card":"summary_large_image","twitter_misc":{"Estimated reading time":"1 minute"},"schema":{"@context":"https:\/\/schema.org","@graph":[{"@type":"WebPage","@id":"https:\/\/wp3.novida.fi\/med24vian\/yhteistiedot\/","url":"https:\/\/wp3.novida.fi\/med24vian\/yhteistiedot\/","name":"NovriiX Yhteistiedot: Contact Information and Details","isPartOf":{"@id":"https:\/\/wp3.novida.fi\/med24vian\/#website"},"primaryImageOfPage":{"@id":"https:\/\/wp3.novida.fi\/med24vian\/yhteistiedot\/#primaryimage"},"image":{"@id":"https:\/\/wp3.novida.fi\/med24vian\/yhteistiedot\/#primaryimage"},"thumbnailUrl":"https:\/\/wp3.novida.fi\/med24vian\/wp-content\/uploads\/sites\/41\/2026\/01\/NovriiX_logo-2-1024x1024.png","datePublished":"2025-12-01T08:54:26+00:00","dateModified":"2026-01-20T08:49:13+00:00","description":"Find out all about NovriiX Yhteistiedot, your local football club with convenient access to practice fields and events.","breadcrumb":{"@id":"https:\/\/wp3.novida.fi\/med24vian\/yhteistiedot\/#breadcrumb"},"inLanguage":"en-GB","potentialAction":[{"@type":"ReadAction","target":["https:\/\/wp3.novida.fi\/med24vian\/yhteistiedot\/"]}]},{"@type":"ImageObject","inLanguage":"en-GB","@id":"https:\/\/wp3.novida.fi\/med24vian\/yhteistiedot\/#primaryimage","url":"https:\/\/wp3.novida.fi\/med24vian\/wp-content\/uploads\/sites\/41\/2026\/01\/NovriiX_logo-2.png","contentUrl":"https:\/\/wp3.novida.fi\/med24vian\/wp-content\/uploads\/sites\/41\/2026\/01\/NovriiX_logo-2.png","width":1110,"height":1110},{"@type":"BreadcrumbList","@id":"https:\/\/wp3.novida.fi\/med24vian\/yhteistiedot\/#breadcrumb","itemListElement":[{"@type":"ListItem","position":1,"name":"Home","item":"https:\/\/wp3.novida.fi\/med24vian\/"},{"@type":"ListItem","position":2,"name":"Yhteistiedot"}]},{"@type":"WebSite","@id":"https:\/\/wp3.novida.fi\/med24vian\/#website","url":"https:\/\/wp3.novida.fi\/med24vian\/","name":"NovriiX","description":"","publisher":{"@id":"https:\/\/wp3.novida.fi\/med24vian\/#organization"},"potentialAction":[{"@type":"SearchAction","target":{"@type":"EntryPoint","urlTemplate":"https:\/\/wp3.novida.fi\/med24vian\/?s={search_term_string}"},"query-input":{"@type":"PropertyValueSpecification","valueRequired":true,"valueName":"search_term_string"}}],"inLanguage":"en-GB"},{"@type":"Organization","@id":"https:\/\/wp3.novida.fi\/med24vian\/#organization","name":"NovriiX","url":"https:\/\/wp3.novida.fi\/med24vian\/","logo":{"@type":"ImageObject","inLanguage":"en-GB","@id":"https:\/\/wp3.novida.fi\/med24vian\/#\/schema\/logo\/image\/","url":"https:\/\/wp3.novida.fi\/med24vian\/wp-content\/uploads\/sites\/41\/2025\/12\/cropped-NovriiX_logo-1.png","contentUrl":"https:\/\/wp3.novida.fi\/med24vian\/wp-content\/uploads\/sites\/41\/2025\/12\/cropped-NovriiX_logo-1.png","width":1110,"height":1110,"caption":"NovriiX"},"image":{"@id":"https:\/\/wp3.novida.fi\/med24vian\/#\/schema\/logo\/image\/"}}]}},"_links":{"self":[{"href":"https:\/\/wp3.novida.fi\/med24vian\/wp-json\/wp\/v2\/pages\/19","targetHints":{"allow":["GET"]}}],"collection":[{"href":"https:\/\/wp3.novida.fi\/med24vian\/wp-json\/wp\/v2\/pages"}],"about":[{"href":"https:\/\/wp3.novida.fi\/med24vian\/wp-json\/wp\/v2\/types\/page"}],"author":[{"embeddable":true,"href":"https:\/\/wp3.novida.fi\/med24vian\/wp-json\/wp\/v2\/users\/45"}],"replies":[{"embeddable":true,"href":"https:\/\/wp3.novida.fi\/med24vian\/wp-json\/wp\/v2\/comments?post=19"}],"version-history":[{"count":26,"href":"https:\/\/wp3.novida.fi\/med24vian\/wp-json\/wp\/v2\/pages\/19\/revisions"}],"predecessor-version":[{"id":264,"href":"https:\/\/wp3.novida.fi\/med24vian\/wp-json\/wp\/v2\/pages\/19\/revisions\/264"}],"wp:attachment":[{"href":"https:\/\/wp3.novida.fi\/med24vian\/wp-json\/wp\/v2\/media?parent=19"}],"curies":[{"name":"wp","href":"https:\/\/api.w.org\/{rel}","templated":true}]}}