{"id":17,"date":"2025-12-01T08:53:03","date_gmt":"2025-12-01T08:53:03","guid":{"rendered":"https:\/\/wp3.novida.fi\/med24vian\/?page_id=17"},"modified":"2026-01-21T10:31:55","modified_gmt":"2026-01-21T10:31:55","slug":"novriix-kauppa-pelipaita-lippu","status":"publish","type":"page","link":"https:\/\/wp3.novida.fi\/med24vian\/novriix-kauppa-pelipaita-lippu\/","title":{"rendered":"Kauppa"},"content":{"rendered":"\n<div class=\"wp-block-columns is-layout-flex wp-container-core-columns-is-layout-9d6595d7 wp-block-columns-is-layout-flex\">\n<div class=\"wp-block-column is-layout-flow wp-block-column-is-layout-flow\">\n<p><strong>Novri\u00adiX Kaup\u00adpa Peli\u00adpai\u00adta Lip\u00adpu<\/strong> tar\u00adjoaa kaiken, mit\u00e4 peli\u00adfan\u00adit voivat toivoa! T\u00e4l\u00adl\u00e4 sivul\u00adla l\u00f6y\u00add\u00e4t laa\u00adjan valikoiman tuot\u00adtei\u00adta, jot\u00adka ilah\u00addut\u00adta\u00advat niin sin\u00adua kuin meit\u00e4. Meilt\u00e4 saat peli\u00adpai\u00addat, peliliput, puhe\u00adli\u00admen suo\u00adjakuoret, tar\u00adrat, keng\u00e4t ja lip\u00adpik\u00adset \u2013 kaik\u00adki huolel\u00adla valit\u00adtu ja laadukas.<\/p>\n\n\n\n<p>Jokainen <strong>Novri\u00adiX Kaup\u00adpa Peli\u00adpai\u00adta Lip\u00adpu<\/strong> \u2011tuote on suun\u00adnitel\u00adtu niin, ett\u00e4 se tar\u00adjoaa iloa ja k\u00e4yt\u00adt\u00f6\u00admukavu\u00adut\u00adta arjes\u00adsa. Peli\u00adpai\u00addat on valmis\u00adtet\u00adtu kest\u00e4vist\u00e4 mate\u00adri\u00adaaleista, jot\u00adka tun\u00adtu\u00advat miel\u00adlyt\u00adt\u00e4vilt\u00e4 p\u00e4\u00e4l\u00adl\u00e4 ja s\u00e4i\u00adlyv\u00e4t kau\u00adni\u00adina pitk\u00e4\u00e4n. Puhe\u00adli\u00admen suo\u00adjakuoret ja tar\u00adrat tuo\u00advat per\u00adsoon\u00adal\u00adlisu\u00adut\u00adta ja suo\u00adjaa\u00advat lait\u00adteitasi samal\u00adla, kun ne ker\u00adto\u00advat sin\u00adun fan\u00adi\u00adtuk\u00adses\u00adtasi.<\/p>\n\n\n\n<p>Keng\u00e4t ja lip\u00adpik\u00adset ovat t\u00e4y\u00addel\u00adlisi\u00e4 niin peli-illan kuin vapaa-ajan k\u00e4yt\u00adt\u00f6\u00f6n. Me halu\u00adamme, ett\u00e4 jokainen asi\u00adakas l\u00f6yt\u00e4\u00e4 juuri sen tuot\u00adteen, joka saa hymyn huulille. <strong>Novri\u00adiX Kaup\u00adpa Peli\u00adpai\u00adta Lip\u00adpu<\/strong> ei ole vain kaup\u00adpa, vaan paik\u00adka, jos\u00adsa peli\u00adfan\u00adit voivat ilmen\u00adt\u00e4\u00e4 itse\u00e4\u00e4n ja ker\u00e4t\u00e4 suosikki\u00adtuot\u00adteitaan.<\/p>\n\n\n\n<p>Tar\u00adjoamme my\u00f6s nopean toim\u00adi\u00adtuk\u00adsen ja yst\u00e4v\u00e4l\u00adlisen asi\u00adakas\u00adpalvelun, joka aut\u00adtaa sin\u00adua val\u00adit\u00adse\u00admaan juuri oikeat tuot\u00adteet. Tilaa suosikkisi hel\u00adposti ja nau\u00adti nopeas\u00adta toim\u00adi\u00adtuk\u00adses\u00adta kotiovelle\u00adsi. Lis\u00e4k\u00adsi meil\u00adl\u00e4 on eri\u00adlaisia kam\u00adpan\u00adjoi\u00adta ja tar\u00adjouk\u00adsia, joil\u00adla voit s\u00e4\u00e4st\u00e4\u00e4 ostok\u00adsis\u00adsasi ja ker\u00e4t\u00e4 kokoel\u00adman suosikki\u00adtuot\u00adteitasi.<\/p>\n\n\n\n<p>Olit\u00adpa sit\u00adten pelaa\u00adja, fanit\u00adta\u00adja tai ker\u00e4il\u00adi\u00adj\u00e4, <strong>Novri\u00adiX Kaup\u00adpa Peli\u00adpai\u00adta Lip\u00adpu<\/strong> on oikea paik\u00adka l\u00f6yt\u00e4\u00e4 laadukkai\u00adta ja hausko\u00adja tuot\u00adtei\u00adta. Tutus\u00adtu valikoimaamme jo t\u00e4n\u00e4\u00e4n ja l\u00f6y\u00add\u00e4 peli\u00adpai\u00adta, lip\u00adpu, tar\u00adrat, suo\u00adjakuoret, keng\u00e4t ja lip\u00adpik\u00adset, jot\u00adka tekev\u00e4t arjes\u00adtasi pelim\u00e4isen hauskem\u00adman!<\/p>\n<\/div>\n<\/div>\n\n\n\n<div class=\"wp-block-columns is-layout-flex wp-container-core-columns-is-layout-9d6595d7 wp-block-columns-is-layout-flex\">\n<div class=\"wp-block-column is-layout-flow wp-block-column-is-layout-flow\">\n<figure class=\"wp-block-image size-full\"><img loading=\"lazy\" decoding=\"async\" width=\"1000\" height=\"666\" src=\"https:\/\/wp3.novida.fi\/med24vian\/wp-content\/uploads\/sites\/41\/2025\/12\/Cap-Mockup-2.png\" alt class=\"wp-image-63\" srcset=\"https:\/\/wp3.novida.fi\/med24vian\/wp-content\/uploads\/sites\/41\/2025\/12\/Cap-Mockup-2.png 1000w, https:\/\/wp3.novida.fi\/med24vian\/wp-content\/uploads\/sites\/41\/2025\/12\/Cap-Mockup-2-300x200.png 300w, https:\/\/wp3.novida.fi\/med24vian\/wp-content\/uploads\/sites\/41\/2025\/12\/Cap-Mockup-2-768x511.png 768w\" sizes=\"auto, (max-width: 1000px) 100vw, 1000px\"><\/figure>\n\n\n\n<p class=\"has-text-align-center\">Seu\u00adran v\u00e4ri\u00adnen lip\u00adpis<\/p>\n\n\n\n<p class=\"has-text-align-center\">Laadukas puuvil\u00adla, s\u00e4\u00e4det\u00adt\u00e4v\u00e4 kiin\u00adni\u00adtys. Kir\u00adjot\u00adtu Novri\u00adiX-logo ja joukkueen tun\u00adnusv\u00e4rit. Sopii faneille ja arkik\u00e4yt\u00adt\u00f6\u00f6n.<\/p>\n\n\n\n<div style=\"height:22px\" aria-hidden=\"true\" class=\"wp-block-spacer\"><\/div>\n\n\n\n<div class=\"wp-block-buttons is-content-justification-center is-layout-flex wp-container-core-buttons-is-layout-16018d1d wp-block-buttons-is-layout-flex\">\n<div class=\"wp-block-button has-custom-width wp-block-button__width-50\"><a class=\"wp-block-button__link has-text-color has-background has-link-color wp-element-button\" href=\"https:\/\/www.temu.com\/\" style=\"color:#d7c5af;background-color:#6b6b6b\"><strong>MAKSA:30\u20ac<\/strong><\/a><\/div>\n<\/div>\n<\/div>\n\n\n\n<div class=\"wp-block-column is-layout-flow wp-block-column-is-layout-flow\">\n<figure class=\"wp-block-image size-full\"><img loading=\"lazy\" decoding=\"async\" width=\"1000\" height=\"666\" src=\"https:\/\/wp3.novida.fi\/med24vian\/wp-content\/uploads\/sites\/41\/2025\/12\/Nike-Air-Force-1-Mockup-Floating-1.png\" alt class=\"wp-image-64\" srcset=\"https:\/\/wp3.novida.fi\/med24vian\/wp-content\/uploads\/sites\/41\/2025\/12\/Nike-Air-Force-1-Mockup-Floating-1.png 1000w, https:\/\/wp3.novida.fi\/med24vian\/wp-content\/uploads\/sites\/41\/2025\/12\/Nike-Air-Force-1-Mockup-Floating-1-300x200.png 300w, https:\/\/wp3.novida.fi\/med24vian\/wp-content\/uploads\/sites\/41\/2025\/12\/Nike-Air-Force-1-Mockup-Floating-1-768x511.png 768w\" sizes=\"auto, (max-width: 1000px) 100vw, 1000px\"><\/figure>\n\n\n\n<p class=\"has-text-align-center\">Lenkkar\u00adit spon\u00adsor\u00adeil\u00adla ja logo\u00adtyylil\u00adl\u00e4<\/p>\n\n\n\n<p class=\"has-text-align-center\">Rajoitet\u00adtu er\u00e4 lenkkare\u00adi\u00adta, jot\u00adka on suun\u00adnitel\u00adtu Novri\u00adiX-joukkueen visuaalisen ilmeen poh\u00adjal\u00adta. Viral\u00adliset spon\u00adsorit sijoitet\u00adtu sivu\u00adpa\u00adneelei\u00adhin. Kest\u00e4v\u00e4 poh\u00adja, laadukkaat mate\u00adri\u00adaalit ja mod\u00aderni ulkon\u00e4k\u00f6.<\/p>\n\n\n\n<div class=\"wp-block-buttons is-content-justification-center is-layout-flex wp-container-core-buttons-is-layout-16018d1d wp-block-buttons-is-layout-flex\">\n<div class=\"wp-block-button has-custom-width wp-block-button__width-50 ticss-dffe3dda\"><a class=\"wp-block-button__link has-text-color has-background has-link-color has-text-align-center wp-element-button\" href=\"https:\/\/www.temu.com\/\" style=\"color:#d7c5af;background-color:#6b6b6b\"><strong>MAKSA:120\u20ac<\/strong><\/a><\/div>\n<\/div>\n<\/div>\n<\/div>\n\n\n\n<div class=\"wp-block-columns is-layout-flex wp-container-core-columns-is-layout-9d6595d7 wp-block-columns-is-layout-flex\">\n<div class=\"wp-block-column is-layout-flow wp-block-column-is-layout-flow\">\n<figure class=\"wp-block-image size-full\"><img loading=\"lazy\" decoding=\"async\" width=\"1000\" height=\"666\" src=\"https:\/\/wp3.novida.fi\/med24vian\/wp-content\/uploads\/sites\/41\/2025\/12\/Iphone-15-Pro-Case-Mockup-Close-Up-.png\" alt class=\"wp-image-66\" srcset=\"https:\/\/wp3.novida.fi\/med24vian\/wp-content\/uploads\/sites\/41\/2025\/12\/Iphone-15-Pro-Case-Mockup-Close-Up-.png 1000w, https:\/\/wp3.novida.fi\/med24vian\/wp-content\/uploads\/sites\/41\/2025\/12\/Iphone-15-Pro-Case-Mockup-Close-Up--300x200.png 300w, https:\/\/wp3.novida.fi\/med24vian\/wp-content\/uploads\/sites\/41\/2025\/12\/Iphone-15-Pro-Case-Mockup-Close-Up--768x511.png 768w\" sizes=\"auto, (max-width: 1000px) 100vw, 1000px\"><\/figure>\n\n\n\n<p class=\"has-text-align-center\">Puhe\u00adlinkuoret<\/p>\n\n\n\n<p class=\"has-text-align-center\">Iskua vai\u00admen\u00adta\u00adva jous\u00adta\u00adva mate\u00adri\u00adaali ja tark\u00adka Novri\u00adiX-logopaina\u00adtus. Saatavil\u00adla suosi\u00adtu\u00adimpi\u00adin puhe\u00adlin\u00admallei\u00adhin.<\/p>\n\n\n\n<div class=\"wp-block-buttons is-content-justification-center is-layout-flex wp-container-core-buttons-is-layout-16018d1d wp-block-buttons-is-layout-flex\">\n<div class=\"wp-block-button has-custom-width wp-block-button__width-50\"><a class=\"wp-block-button__link has-text-color has-background has-link-color wp-element-button\" href=\"https:\/\/www.temu.com\/\" style=\"color:#d7c5af;background-color:#6b6b6b\"><strong>MAKSA:20\u20ac<\/strong><\/a><\/div>\n<\/div>\n<\/div>\n\n\n\n<div class=\"wp-block-column is-layout-flow wp-block-column-is-layout-flow\">\n<figure class=\"wp-block-image size-full\"><img loading=\"lazy\" decoding=\"async\" width=\"1000\" height=\"666\" src=\"https:\/\/wp3.novida.fi\/med24vian\/wp-content\/uploads\/sites\/41\/2025\/12\/Round-Stickers-Mockup-Front-View.png\" alt class=\"wp-image-67\" srcset=\"https:\/\/wp3.novida.fi\/med24vian\/wp-content\/uploads\/sites\/41\/2025\/12\/Round-Stickers-Mockup-Front-View.png 1000w, https:\/\/wp3.novida.fi\/med24vian\/wp-content\/uploads\/sites\/41\/2025\/12\/Round-Stickers-Mockup-Front-View-300x200.png 300w, https:\/\/wp3.novida.fi\/med24vian\/wp-content\/uploads\/sites\/41\/2025\/12\/Round-Stickers-Mockup-Front-View-768x511.png 768w\" sizes=\"auto, (max-width: 1000px) 100vw, 1000px\"><\/figure>\n\n\n\n<p class=\"has-text-align-center\">Logo-tar\u00adra<\/p>\n\n\n\n<p>Vesi\u00adti\u00adivis vinyyl\u00adi\u00adtar\u00adra, sopii l\u00e4p\u00adp\u00e4rei\u00adhin, pul\u00adloi\u00adhin, lau\u00adtoi\u00adhin ja muille pin\u00adnoille. Kirkkaat v\u00e4rit ja tark\u00adka pain\u00ado\u00adlaatu.<\/p>\n\n\n\n<div class=\"wp-block-buttons is-content-justification-center is-layout-flex wp-container-core-buttons-is-layout-16018d1d wp-block-buttons-is-layout-flex\">\n<div class=\"wp-block-button has-custom-width wp-block-button__width-50\"><a class=\"wp-block-button__link has-text-color has-background has-link-color wp-element-button\" href=\"https:\/\/www.temu.com\/\" style=\"color:#d7c5af;background-color:#6b6b6b\"><strong>MAKSA:10kpl\/5\u20ac<\/strong><\/a><\/div>\n<\/div>\n<\/div>\n<\/div>\n\n\n\n<div class=\"wp-block-columns is-layout-flex wp-container-core-columns-is-layout-9d6595d7 wp-block-columns-is-layout-flex\">\n<div class=\"wp-block-column is-layout-flow wp-block-column-is-layout-flow\">\n<figure class=\"wp-block-image size-full\"><img loading=\"lazy\" decoding=\"async\" width=\"666\" height=\"1000\" src=\"https:\/\/wp3.novida.fi\/med24vian\/wp-content\/uploads\/sites\/41\/2025\/12\/Men-T-Shirt-Mockup-Front-View-1-2.png\" alt class=\"wp-image-70\" srcset=\"https:\/\/wp3.novida.fi\/med24vian\/wp-content\/uploads\/sites\/41\/2025\/12\/Men-T-Shirt-Mockup-Front-View-1-2.png 666w, https:\/\/wp3.novida.fi\/med24vian\/wp-content\/uploads\/sites\/41\/2025\/12\/Men-T-Shirt-Mockup-Front-View-1-2-200x300.png 200w\" sizes=\"auto, (max-width: 666px) 100vw, 666px\"><\/figure>\n<\/div>\n\n\n\n<div class=\"wp-block-column is-vertically-aligned-center is-layout-flow wp-block-column-is-layout-flow\">\n<p class=\"has-text-align-center\">Peli\u00adpai\u00adta<\/p>\n\n\n\n<p class=\"has-text-align-center\">Ammat\u00adti\u00adlais\u00adta\u00adson urheilukan\u00adgas, joka hen\u00adgit\u00adt\u00e4\u00e4 hyvin. Kevyt, jous\u00adta\u00adva ja erit\u00adt\u00e4in kest\u00e4v\u00e4. Novri\u00adiX-joukkueen viral\u00adliset v\u00e4rit ja laadukas logopaina\u00adtus.<\/p>\n\n\n\n<div class=\"wp-block-buttons is-content-justification-center is-layout-flex wp-container-core-buttons-is-layout-16018d1d wp-block-buttons-is-layout-flex\">\n<div class=\"wp-block-button has-custom-width wp-block-button__width-50\"><a class=\"wp-block-button__link has-text-color has-background has-link-color wp-element-button\" href=\"https:\/\/www.temu.com\/\" style=\"color:#d7c5af;background-color:#6b6b6b\"><strong>MAKSA:100\u20ac<\/strong><\/a><\/div>\n<\/div>\n<\/div>\n<\/div>\n\n\n\n<div class=\"wp-block-columns is-layout-flex wp-container-core-columns-is-layout-9d6595d7 wp-block-columns-is-layout-flex\">\n<div class=\"wp-block-column is-layout-flow wp-block-column-is-layout-flow\" style=\"flex-basis:66.66%\">\n<figure class=\"wp-block-image size-large\"><img loading=\"lazy\" decoding=\"async\" width=\"1024\" height=\"724\" src=\"https:\/\/wp3.novida.fi\/med24vian\/wp-content\/uploads\/sites\/41\/2025\/12\/poster_novriix2000x1414-2-1024x724.jpg\" alt class=\"wp-image-121\" style=\"aspect-ratio:1.414370279648908\" srcset=\"https:\/\/wp3.novida.fi\/med24vian\/wp-content\/uploads\/sites\/41\/2025\/12\/poster_novriix2000x1414-2-1024x724.jpg 1024w, https:\/\/wp3.novida.fi\/med24vian\/wp-content\/uploads\/sites\/41\/2025\/12\/poster_novriix2000x1414-2-300x212.jpg 300w, https:\/\/wp3.novida.fi\/med24vian\/wp-content\/uploads\/sites\/41\/2025\/12\/poster_novriix2000x1414-2-768x543.jpg 768w, https:\/\/wp3.novida.fi\/med24vian\/wp-content\/uploads\/sites\/41\/2025\/12\/poster_novriix2000x1414-2-1536x1086.jpg 1536w, https:\/\/wp3.novida.fi\/med24vian\/wp-content\/uploads\/sites\/41\/2025\/12\/poster_novriix2000x1414-2.jpg 2000w\" sizes=\"auto, (max-width: 1024px) 100vw, 1024px\"><\/figure>\n<\/div>\n\n\n\n<div class=\"wp-block-column is-layout-flow wp-block-column-is-layout-flow\" style=\"flex-basis:33.33%\">\n<p class=\"has-text-align-center\">Lip\u00adpu<\/p>\n\n\n\n<p class=\"has-text-align-center\">Novri\u00adiX vs Foot\u00adball Club \u2013 tule kat\u00adso\u00admaan kau\u00adden odote\u00adtu\u00adin\u00adta ottelua!<br>Ken\u00adt\u00e4lle astuu my\u00f6s joukkueen uusi, upea hy\u00f6kk\u00e4\u00e4j\u00e4, joka on valmis n\u00e4yt\u00adt\u00e4m\u00e4\u00e4n taiton\u00adsa ja tekem\u00e4\u00e4n vaiku\u00adtuk\u00adsen jokaisel\u00adla kos\u00adke\u00adtuk\u00adsel\u00adla.<br>Luvas\u00adsa on vauh\u00adtia, j\u00e4n\u00adni\u00adtys\u00adt\u00e4 ja todel\u00adlista tais\u00adteluhenke\u00e4 \u2013 t\u00e4t\u00e4 peli\u00e4 et halua mis\u00adsa\u00adta!<\/p>\n\n\n\n<div class=\"wp-block-buttons is-content-justification-center is-layout-flex wp-container-core-buttons-is-layout-16018d1d wp-block-buttons-is-layout-flex\">\n<div class=\"wp-block-button\"><a class=\"wp-block-button__link has-text-color has-background has-link-color wp-element-button\" href=\"https:\/\/www.temu.com\/\" style=\"color:#d7c5af;background-color:#6b6b6b\">Normal:40\u20ac<\/a><\/div>\n\n\n\n<div class=\"wp-block-button\"><a class=\"wp-block-button__link has-text-color has-background has-link-color wp-element-button\" href=\"https:\/\/www.temu.com\/\" style=\"color:#d7c5af;background-color:#6b6b6b\">VIP:80\u20ac<\/a><\/div>\n<\/div>\n<\/div>\n<\/div>\n\n\n<div style=\"margin-bottom:6px;\" class=\"aligncenter is-style-default animated backInUp wp-block-site-logo\"><a href=\"https:\/\/wp3.novida.fi\/med24vian\/\" class=\"custom-logo-link  no-t-logo\" rel=\"home\" itemprop=\"url\"><img loading=\"lazy\" decoding=\"async\" width=\"135\" height=\"135\" src=\"https:\/\/wp3.novida.fi\/med24vian\/wp-content\/uploads\/sites\/41\/2025\/12\/cropped-NovriiX_logo-1.png\" class=\"custom-logo\" alt=\"NovriiX\" itemprop=\"logo\" srcset=\"https:\/\/wp3.novida.fi\/med24vian\/wp-content\/uploads\/sites\/41\/2025\/12\/NovriiX_logo.png 2x\"><\/a><\/div>","protected":false},"excerpt":{"rendered":"<p>Novri\u00adiX Kaup\u00adpa Peli\u00adpai\u00adta Lip\u00adpu tar\u00adjoaa kaiken, mit\u00e4 peli\u00adfan\u00adit voivat toivoa! T\u00e4l\u00adl\u00e4 sivul\u00adla l\u00f6y\u00add\u00e4t laa\u00adjan valikoiman tuot\u00adtei\u00adta, jot\u00adka ilah\u00addut\u00adta\u00advat niin sin\u00adua kuin meit\u00e4. Meilt\u00e4 saat peli\u00adpai\u00addat, peliliput, puhe\u00adli\u00admen suo\u00adjakuoret, tar\u00adrat, keng\u00e4t \u2026<\/p>\n","protected":false},"author":45,"featured_media":0,"parent":0,"menu_order":0,"comment_status":"closed","ping_status":"closed","template":"","meta":{"wp_typography_post_enhancements_disabled":false,"_themeisle_gutenberg_block_has_review":false,"footnotes":""},"class_list":["post-17","page","type-page","status-publish","hentry"],"yoast_head":"<!-- This site is optimized with the Yoast SEO plugin v26.5 - https:\/\/yoast.com\/wordpress\/plugins\/seo\/ -->\n<title>NovriiX Kauppa Pelipaita Lippu \u2013 Osta Suosikkipelipaitasi Nyt<\/title>\n<meta name=\"description\" content=\"NovriiX Kauppa Pelipaita Lippu tarjoaa laajan valikoiman pelipaitoja. Tilaa suosikkisi helposti ja nopeasti!\" \/>\n<meta name=\"robots\" content=\"index, follow, max-snippet:-1, max-image-preview:large, max-video-preview:-1\" \/>\n<link rel=\"canonical\" href=\"https:\/\/wp3.novida.fi\/med24vian\/novriix-kauppa-pelipaita-lippu\/\" \/>\n<meta property=\"og:locale\" content=\"en_GB\" \/>\n<meta property=\"og:type\" content=\"article\" \/>\n<meta property=\"og:title\" content=\"NovriiX Kauppa Pelipaita Lippu \u2013 Osta Suosikkipelipaitasi Nyt\" \/>\n<meta property=\"og:description\" content=\"NovriiX Kauppa Pelipaita Lippu tarjoaa laajan valikoiman pelipaitoja. Tilaa suosikkisi helposti ja nopeasti!\" \/>\n<meta property=\"og:url\" content=\"https:\/\/wp3.novida.fi\/med24vian\/novriix-kauppa-pelipaita-lippu\/\" \/>\n<meta property=\"og:site_name\" content=\"NovriiX\" \/>\n<meta property=\"article:modified_time\" content=\"2026-01-21T10:31:55+00:00\" \/>\n<meta property=\"og:image\" content=\"https:\/\/wp3.novida.fi\/med24vian\/wp-content\/uploads\/sites\/41\/2025\/12\/Cap-Mockup-2.png\" \/>\n\t<meta property=\"og:image:width\" content=\"1000\" \/>\n\t<meta property=\"og:image:height\" content=\"666\" \/>\n\t<meta property=\"og:image:type\" content=\"image\/png\" \/>\n<meta name=\"twitter:card\" content=\"summary_large_image\" \/>\n<meta name=\"twitter:label1\" content=\"Estimated reading time\" \/>\n\t<meta name=\"twitter:data1\" content=\"3 minutes\" \/>\n<script type=\"application\/ld+json\" class=\"yoast-schema-graph\">{\"@context\":\"https:\/\/schema.org\",\"@graph\":[{\"@type\":\"WebPage\",\"@id\":\"https:\/\/wp3.novida.fi\/med24vian\/novriix-kauppa-pelipaita-lippu\/\",\"url\":\"https:\/\/wp3.novida.fi\/med24vian\/novriix-kauppa-pelipaita-lippu\/\",\"name\":\"NovriiX Kauppa Pelipaita Lippu \u2013 Osta Suosikkipelipaitasi Nyt\",\"isPartOf\":{\"@id\":\"https:\/\/wp3.novida.fi\/med24vian\/#website\"},\"primaryImageOfPage\":{\"@id\":\"https:\/\/wp3.novida.fi\/med24vian\/novriix-kauppa-pelipaita-lippu\/#primaryimage\"},\"image\":{\"@id\":\"https:\/\/wp3.novida.fi\/med24vian\/novriix-kauppa-pelipaita-lippu\/#primaryimage\"},\"thumbnailUrl\":\"https:\/\/wp3.novida.fi\/med24vian\/wp-content\/uploads\/sites\/41\/2025\/12\/Cap-Mockup-2.png\",\"datePublished\":\"2025-12-01T08:53:03+00:00\",\"dateModified\":\"2026-01-21T10:31:55+00:00\",\"description\":\"NovriiX Kauppa Pelipaita Lippu tarjoaa laajan valikoiman pelipaitoja. Tilaa suosikkisi helposti ja nopeasti!\",\"breadcrumb\":{\"@id\":\"https:\/\/wp3.novida.fi\/med24vian\/novriix-kauppa-pelipaita-lippu\/#breadcrumb\"},\"inLanguage\":\"en-GB\",\"potentialAction\":[{\"@type\":\"ReadAction\",\"target\":[\"https:\/\/wp3.novida.fi\/med24vian\/novriix-kauppa-pelipaita-lippu\/\"]}]},{\"@type\":\"ImageObject\",\"inLanguage\":\"en-GB\",\"@id\":\"https:\/\/wp3.novida.fi\/med24vian\/novriix-kauppa-pelipaita-lippu\/#primaryimage\",\"url\":\"https:\/\/wp3.novida.fi\/med24vian\/wp-content\/uploads\/sites\/41\/2025\/12\/Cap-Mockup-2.png\",\"contentUrl\":\"https:\/\/wp3.novida.fi\/med24vian\/wp-content\/uploads\/sites\/41\/2025\/12\/Cap-Mockup-2.png\",\"width\":1000,\"height\":666},{\"@type\":\"BreadcrumbList\",\"@id\":\"https:\/\/wp3.novida.fi\/med24vian\/novriix-kauppa-pelipaita-lippu\/#breadcrumb\",\"itemListElement\":[{\"@type\":\"ListItem\",\"position\":1,\"name\":\"Home\",\"item\":\"https:\/\/wp3.novida.fi\/med24vian\/\"},{\"@type\":\"ListItem\",\"position\":2,\"name\":\"Kauppa\"}]},{\"@type\":\"WebSite\",\"@id\":\"https:\/\/wp3.novida.fi\/med24vian\/#website\",\"url\":\"https:\/\/wp3.novida.fi\/med24vian\/\",\"name\":\"NovriiX\",\"description\":\"\",\"publisher\":{\"@id\":\"https:\/\/wp3.novida.fi\/med24vian\/#organization\"},\"potentialAction\":[{\"@type\":\"SearchAction\",\"target\":{\"@type\":\"EntryPoint\",\"urlTemplate\":\"https:\/\/wp3.novida.fi\/med24vian\/?s={search_term_string}\"},\"query-input\":{\"@type\":\"PropertyValueSpecification\",\"valueRequired\":true,\"valueName\":\"search_term_string\"}}],\"inLanguage\":\"en-GB\"},{\"@type\":\"Organization\",\"@id\":\"https:\/\/wp3.novida.fi\/med24vian\/#organization\",\"name\":\"NovriiX\",\"url\":\"https:\/\/wp3.novida.fi\/med24vian\/\",\"logo\":{\"@type\":\"ImageObject\",\"inLanguage\":\"en-GB\",\"@id\":\"https:\/\/wp3.novida.fi\/med24vian\/#\/schema\/logo\/image\/\",\"url\":\"https:\/\/wp3.novida.fi\/med24vian\/wp-content\/uploads\/sites\/41\/2025\/12\/cropped-NovriiX_logo-1.png\",\"contentUrl\":\"https:\/\/wp3.novida.fi\/med24vian\/wp-content\/uploads\/sites\/41\/2025\/12\/cropped-NovriiX_logo-1.png\",\"width\":1110,\"height\":1110,\"caption\":\"NovriiX\"},\"image\":{\"@id\":\"https:\/\/wp3.novida.fi\/med24vian\/#\/schema\/logo\/image\/\"}}]}<\/script>\n<!-- \/ Yoast SEO plugin. -->","yoast_head_json":{"title":"NovriiX Kauppa Pelipaita Lippu \u2013 Osta Suosikkipelipaitasi Nyt","description":"NovriiX Kauppa Pelipaita Lippu tarjoaa laajan valikoiman pelipaitoja. Tilaa suosikkisi helposti ja nopeasti!","robots":{"index":"index","follow":"follow","max-snippet":"max-snippet:-1","max-image-preview":"max-image-preview:large","max-video-preview":"max-video-preview:-1"},"canonical":"https:\/\/wp3.novida.fi\/med24vian\/novriix-kauppa-pelipaita-lippu\/","og_locale":"en_GB","og_type":"article","og_title":"NovriiX Kauppa Pelipaita Lippu \u2013 Osta Suosikkipelipaitasi Nyt","og_description":"NovriiX Kauppa Pelipaita Lippu tarjoaa laajan valikoiman pelipaitoja. Tilaa suosikkisi helposti ja nopeasti!","og_url":"https:\/\/wp3.novida.fi\/med24vian\/novriix-kauppa-pelipaita-lippu\/","og_site_name":"NovriiX","article_modified_time":"2026-01-21T10:31:55+00:00","og_image":[{"width":1000,"height":666,"url":"https:\/\/wp3.novida.fi\/med24vian\/wp-content\/uploads\/sites\/41\/2025\/12\/Cap-Mockup-2.png","type":"image\/png"}],"twitter_card":"summary_large_image","twitter_misc":{"Estimated reading time":"3 minutes"},"schema":{"@context":"https:\/\/schema.org","@graph":[{"@type":"WebPage","@id":"https:\/\/wp3.novida.fi\/med24vian\/novriix-kauppa-pelipaita-lippu\/","url":"https:\/\/wp3.novida.fi\/med24vian\/novriix-kauppa-pelipaita-lippu\/","name":"NovriiX Kauppa Pelipaita Lippu \u2013 Osta Suosikkipelipaitasi Nyt","isPartOf":{"@id":"https:\/\/wp3.novida.fi\/med24vian\/#website"},"primaryImageOfPage":{"@id":"https:\/\/wp3.novida.fi\/med24vian\/novriix-kauppa-pelipaita-lippu\/#primaryimage"},"image":{"@id":"https:\/\/wp3.novida.fi\/med24vian\/novriix-kauppa-pelipaita-lippu\/#primaryimage"},"thumbnailUrl":"https:\/\/wp3.novida.fi\/med24vian\/wp-content\/uploads\/sites\/41\/2025\/12\/Cap-Mockup-2.png","datePublished":"2025-12-01T08:53:03+00:00","dateModified":"2026-01-21T10:31:55+00:00","description":"NovriiX Kauppa Pelipaita Lippu tarjoaa laajan valikoiman pelipaitoja. Tilaa suosikkisi helposti ja nopeasti!","breadcrumb":{"@id":"https:\/\/wp3.novida.fi\/med24vian\/novriix-kauppa-pelipaita-lippu\/#breadcrumb"},"inLanguage":"en-GB","potentialAction":[{"@type":"ReadAction","target":["https:\/\/wp3.novida.fi\/med24vian\/novriix-kauppa-pelipaita-lippu\/"]}]},{"@type":"ImageObject","inLanguage":"en-GB","@id":"https:\/\/wp3.novida.fi\/med24vian\/novriix-kauppa-pelipaita-lippu\/#primaryimage","url":"https:\/\/wp3.novida.fi\/med24vian\/wp-content\/uploads\/sites\/41\/2025\/12\/Cap-Mockup-2.png","contentUrl":"https:\/\/wp3.novida.fi\/med24vian\/wp-content\/uploads\/sites\/41\/2025\/12\/Cap-Mockup-2.png","width":1000,"height":666},{"@type":"BreadcrumbList","@id":"https:\/\/wp3.novida.fi\/med24vian\/novriix-kauppa-pelipaita-lippu\/#breadcrumb","itemListElement":[{"@type":"ListItem","position":1,"name":"Home","item":"https:\/\/wp3.novida.fi\/med24vian\/"},{"@type":"ListItem","position":2,"name":"Kauppa"}]},{"@type":"WebSite","@id":"https:\/\/wp3.novida.fi\/med24vian\/#website","url":"https:\/\/wp3.novida.fi\/med24vian\/","name":"NovriiX","description":"","publisher":{"@id":"https:\/\/wp3.novida.fi\/med24vian\/#organization"},"potentialAction":[{"@type":"SearchAction","target":{"@type":"EntryPoint","urlTemplate":"https:\/\/wp3.novida.fi\/med24vian\/?s={search_term_string}"},"query-input":{"@type":"PropertyValueSpecification","valueRequired":true,"valueName":"search_term_string"}}],"inLanguage":"en-GB"},{"@type":"Organization","@id":"https:\/\/wp3.novida.fi\/med24vian\/#organization","name":"NovriiX","url":"https:\/\/wp3.novida.fi\/med24vian\/","logo":{"@type":"ImageObject","inLanguage":"en-GB","@id":"https:\/\/wp3.novida.fi\/med24vian\/#\/schema\/logo\/image\/","url":"https:\/\/wp3.novida.fi\/med24vian\/wp-content\/uploads\/sites\/41\/2025\/12\/cropped-NovriiX_logo-1.png","contentUrl":"https:\/\/wp3.novida.fi\/med24vian\/wp-content\/uploads\/sites\/41\/2025\/12\/cropped-NovriiX_logo-1.png","width":1110,"height":1110,"caption":"NovriiX"},"image":{"@id":"https:\/\/wp3.novida.fi\/med24vian\/#\/schema\/logo\/image\/"}}]}},"_links":{"self":[{"href":"https:\/\/wp3.novida.fi\/med24vian\/wp-json\/wp\/v2\/pages\/17","targetHints":{"allow":["GET"]}}],"collection":[{"href":"https:\/\/wp3.novida.fi\/med24vian\/wp-json\/wp\/v2\/pages"}],"about":[{"href":"https:\/\/wp3.novida.fi\/med24vian\/wp-json\/wp\/v2\/types\/page"}],"author":[{"embeddable":true,"href":"https:\/\/wp3.novida.fi\/med24vian\/wp-json\/wp\/v2\/users\/45"}],"replies":[{"embeddable":true,"href":"https:\/\/wp3.novida.fi\/med24vian\/wp-json\/wp\/v2\/comments?post=17"}],"version-history":[{"count":9,"href":"https:\/\/wp3.novida.fi\/med24vian\/wp-json\/wp\/v2\/pages\/17\/revisions"}],"predecessor-version":[{"id":257,"href":"https:\/\/wp3.novida.fi\/med24vian\/wp-json\/wp\/v2\/pages\/17\/revisions\/257"}],"wp:attachment":[{"href":"https:\/\/wp3.novida.fi\/med24vian\/wp-json\/wp\/v2\/media?parent=17"}],"curies":[{"name":"wp","href":"https:\/\/api.w.org\/{rel}","templated":true}]}}