{"id":10,"date":"2025-12-01T08:42:33","date_gmt":"2025-12-01T08:42:33","guid":{"rendered":"https:\/\/wp3.novida.fi\/med24vian\/?page_id=10"},"modified":"2026-01-20T08:52:55","modified_gmt":"2026-01-20T08:52:55","slug":"novriix-seura","status":"publish","type":"page","link":"https:\/\/wp3.novida.fi\/med24vian\/novriix-seura\/","title":{"rendered":"Seura"},"content":{"rendered":"\n\n\n<div class=\"wp-block-columns is-layout-flex wp-container-core-columns-is-layout-9d6595d7 wp-block-columns-is-layout-flex\">\n<div class=\"wp-block-column is-layout-flow wp-block-column-is-layout-flow\" style=\"flex-basis:33.33%\">\n<h3 id=\"wp-block-themeisle-blocks-advanced-heading-672956d1\" class=\"wp-block-themeisle-blocks-advanced-heading wp-block-themeisle-blocks-advanced-heading-672956d1\">Logon historia<\/h3>\n\n\n\n<h3 id=\"wp-block-themeisle-blocks-advanced-heading-e27b36b8\" class=\"wp-block-themeisle-blocks-advanced-heading wp-block-themeisle-blocks-advanced-heading-e27b36b8\"> <\/h3>\n<\/div>\n\n\n\n<div class=\"wp-block-column is-layout-flow wp-block-column-is-layout-flow\" style=\"flex-basis:66.66%\">\n<p>Novri\u00adiX-logo sym\u00adbol\u00adoi uut\u00adta alkua, yht\u00aden\u00e4isyyt\u00adt\u00e4 ja jatku\u00advaa kehi\u00adtys\u00adt\u00e4. Py\u00f6re\u00e4 muo\u00adto edus\u00adtaa joukkuet\u00adta, tasa-arvoa ja jalka\u00adpal\u00adlon jatku\u00advaa liiket\u00adt\u00e4.<br>Logon keskel\u00adl\u00e4 ole\u00adva tyylitel\u00adty <strong>X<\/strong> kuvaa eri taus\u00adto\u00adjen ja polku\u00adjen kohtaamista yhden tavoit\u00adteen ymp\u00e4ril\u00adl\u00e4. Se sym\u00adbol\u00adoi my\u00f6s haastet\u00adta ja mah\u00addol\u00adlisu\u00adut\u00adta \u2014 jokainen ottelu alkaa avoime\u00adna.<br>Nimi <strong>NOVRIIX<\/strong> ja perus\u00adtamisvu\u00adosi <strong>2025<\/strong> ker\u00adto\u00advat seu\u00adran iden\u00adti\u00adteetist\u00e4 ja sen tari\u00adnan alus\u00adta. V\u00e4ri\u00admaail\u00adma hei\u00adjas\u00adtaa vakaut\u00adta, reilua peli\u00e4 ja kun\u00adnioi\u00adtus\u00adta.<\/p>\n\n\n\n<hr class=\"wp-block-separator has-alpha-channel-opacity is-style-wide\">\n<\/div>\n<\/div>\n\n\n\n<div class=\"wp-block-columns is-layout-flex wp-container-core-columns-is-layout-9d6595d7 wp-block-columns-is-layout-flex\">\n<div class=\"wp-block-column is-layout-flow wp-block-column-is-layout-flow\" style=\"flex-basis:33.33%\">\n<h3 id=\"wp-block-themeisle-blocks-advanced-heading-7a082ff6\" class=\"wp-block-themeisle-blocks-advanced-heading wp-block-themeisle-blocks-advanced-heading-7a082ff6\">Tervetuloa NovriiX-seuraan<\/h3>\n\n\n\n<h3 id=\"wp-block-themeisle-blocks-advanced-heading-b5e0b7b4\" class=\"wp-block-themeisle-blocks-advanced-heading wp-block-themeisle-blocks-advanced-heading-b5e0b7b4\"> <\/h3>\n<\/div>\n\n\n\n<div class=\"wp-block-column is-layout-flow wp-block-column-is-layout-flow\" style=\"flex-basis:66.66%\">\n<p><strong>Novri\u00adiX<\/strong> on vuon\u00adna 2025 perustet\u00adtu jalka\u00adpal\u00adloseu\u00adra, joka syn\u00adtyi into\u00adhi\u00admos\u00adta peli\u00adin, yhteis\u00f6l\u00adlisyy\u00addest\u00e4 ja halus\u00adta luo\u00adda jotain uut\u00adta. Seu\u00adra yhdis\u00adt\u00e4\u00e4 eri taus\u00adtoista tule\u00advia ihmisi\u00e4 yhteisen tavoit\u00adteen ymp\u00e4rille: kehit\u00adty\u00e4 yhdess\u00e4 ja naut\u00adtia jalka\u00adpal\u00adlosta reilun pelin hengess\u00e4.<\/p>\n\n\n\n<hr class=\"wp-block-separator has-alpha-channel-opacity is-style-wide\">\n<\/div>\n<\/div>\n\n\n\n<div class=\"wp-block-columns is-layout-flex wp-container-core-columns-is-layout-9d6595d7 wp-block-columns-is-layout-flex\">\n<div class=\"wp-block-column is-layout-flow wp-block-column-is-layout-flow\" style=\"flex-basis:33.33%\">\n<h3 id=\"wp-block-themeisle-blocks-advanced-heading-16a9411d\" class=\"wp-block-themeisle-blocks-advanced-heading wp-block-themeisle-blocks-advanced-heading-16a9411d\">Seuran arvot<br><\/h3>\n\n\n\n<h3 id=\"wp-block-themeisle-blocks-advanced-heading-f6b082e6\" class=\"wp-block-themeisle-blocks-advanced-heading wp-block-themeisle-blocks-advanced-heading-f6b082e6\"> <\/h3>\n<\/div>\n\n\n\n<div class=\"wp-block-column is-layout-flow wp-block-column-is-layout-flow\" style=\"flex-basis:66.66%\">\n<p><strong>Reilu peli<\/strong> \u2013 kun\u00adnioi\u00adtus vas\u00adtus\u00adta\u00adjia, tuo\u00admare\u00adi\u00adta ja joukkue\u00adtovere\u00adi\u00adta kohtaan<br><strong>Yhteis\u00f6l\u00adlisyys<\/strong> \u2013 seu\u00adra on avoin ja tur\u00advalli\u00adnen kaikille<br><strong>Kehi\u00adtys<\/strong> \u2013 pelaa\u00adjien ja seu\u00adran jatku\u00adva kehit\u00adtymi\u00adnen<br><strong>Tasa-arvo<\/strong> \u2013 jokaisel\u00adla on oikeus osal\u00adlis\u00adtua ja kuu\u00adlua joukkoon<\/p>\n\n\n\n<hr class=\"wp-block-separator has-alpha-channel-opacity is-style-wide\">\n<\/div>\n<\/div>\n\n\n\n<div class=\"wp-block-columns is-layout-flex wp-container-core-columns-is-layout-9d6595d7 wp-block-columns-is-layout-flex\">\n<div class=\"wp-block-column is-layout-flow wp-block-column-is-layout-flow\" style=\"flex-basis:33.33%\">\n<h3 id=\"wp-block-themeisle-blocks-advanced-heading-3dcc46a3\" class=\"wp-block-themeisle-blocks-advanced-heading wp-block-themeisle-blocks-advanced-heading-3dcc46a3\">Missio ja visio<\/h3>\n\n\n\n<h3 id=\"wp-block-themeisle-blocks-advanced-heading-a01233e1\" class=\"wp-block-themeisle-blocks-advanced-heading wp-block-themeisle-blocks-advanced-heading-a01233e1\"> <\/h3>\n<\/div>\n\n\n\n<div class=\"wp-block-column is-layout-flow wp-block-column-is-layout-flow\" style=\"flex-basis:66.66%\">\n<p><strong>Mis\u00adsio:<\/strong><br>Tar\u00adjo\u00adta mah\u00addol\u00adlisu\u00adus pela\u00adta jalka\u00adpal\u00adloa innos\u00adtavas\u00adsa, kan\u00adnus\u00adtavas\u00adsa ja yhden\u00adver\u00adtaises\u00adsa ymp\u00e4rist\u00f6ss\u00e4.<br><strong>Visio:<\/strong><br>Kas\u00advaa tun\u00adnis\u00adtet\u00adtavak\u00adsi ja arvoste\u00adtuk\u00adsi seu\u00adrak\u00adsi, joka tun\u00adnetaan hyv\u00e4st\u00e4 hengest\u00e4, sitoutuneista pelaa\u00adjista ja mod\u00adernista ajat\u00adtelus\u00adta.<\/p>\n\n\n\n<hr class=\"wp-block-separator has-alpha-channel-opacity is-style-wide\">\n<\/div>\n<\/div>\n\n\n\n<div class=\"wp-block-columns is-layout-flex wp-container-core-columns-is-layout-9d6595d7 wp-block-columns-is-layout-flex\">\n<div class=\"wp-block-column is-layout-flow wp-block-column-is-layout-flow\" style=\"flex-basis:33.33%\">\n<h3 id=\"wp-block-themeisle-blocks-advanced-heading-c807359e\" class=\"wp-block-themeisle-blocks-advanced-heading wp-block-themeisle-blocks-advanced-heading-c807359e\">Pelifilosofia<br><\/h3>\n\n\n\n<h3 id=\"wp-block-themeisle-blocks-advanced-heading-e11790ea\" class=\"wp-block-themeisle-blocks-advanced-heading wp-block-themeisle-blocks-advanced-heading-e11790ea\"> <\/h3>\n<\/div>\n\n\n\n<div class=\"wp-block-column is-layout-flow wp-block-column-is-layout-flow\" style=\"flex-basis:66.66%\">\n<p>Novri\u00adiX uskoo akti\u00adiviseen, rohkeaan ja joukkuekeskeiseen jalka\u00adpal\u00adloon. T\u00e4rkein\u00adt\u00e4 ei ole vain tulos, vaan my\u00f6s kehit\u00adtymi\u00adnen, oppimi\u00adnen ja pelist\u00e4 naut\u00adtimi\u00adnen<\/p>\n\n\n\n<hr class=\"wp-block-separator has-alpha-channel-opacity is-style-wide\">\n<\/div>\n<\/div>\n\n\n\n<div class=\"wp-block-columns is-layout-flex wp-container-core-columns-is-layout-9d6595d7 wp-block-columns-is-layout-flex\">\n<div class=\"wp-block-column is-layout-flow wp-block-column-is-layout-flow\" style=\"flex-basis:33.33%\">\n<h3 id=\"wp-block-themeisle-blocks-advanced-heading-4dbf325c\" class=\"wp-block-themeisle-blocks-advanced-heading wp-block-themeisle-blocks-advanced-heading-4dbf325c\">Yhdenvertaisuus ja tasa-arvo<\/h3>\n\n\n\n<h3 id=\"wp-block-themeisle-blocks-advanced-heading-3ae87340\" class=\"wp-block-themeisle-blocks-advanced-heading wp-block-themeisle-blocks-advanced-heading-3ae87340\"> <\/h3>\n<\/div>\n\n\n\n<div class=\"wp-block-column is-layout-flow wp-block-column-is-layout-flow\" style=\"flex-basis:66.66%\">\n<p>Novri\u00adiX on sitoutunut yhden\u00adver\u00adtaisu\u00adu\u00adteen ja tasa-arvoon. Seu\u00adra ei hyv\u00e4ksy syr\u00adjin\u00adt\u00e4\u00e4 mis\u00ads\u00e4\u00e4n muo\u00addos\u00adsa ja pyrkii luo\u00admaan ymp\u00e4rist\u00f6n, jos\u00adsa jokainen tun\u00adtee olon\u00adsa ter\u00adve\u00adtulleek\u00adsi ja arvoste\u00adtuk\u00adsi.<\/p>\n\n\n\n<hr class=\"wp-block-separator has-alpha-channel-opacity is-style-wide\">\n<\/div>\n<\/div>\n\n\n<div style=\"margin-bottom:6px;\" class=\"aligncenter is-style-default animated backInUp wp-block-site-logo\"><a href=\"https:\/\/wp3.novida.fi\/med24vian\/\" class=\"custom-logo-link  no-t-logo\" rel=\"home\" itemprop=\"url\"><img loading=\"lazy\" decoding=\"async\" width=\"135\" height=\"135\" src=\"https:\/\/wp3.novida.fi\/med24vian\/wp-content\/uploads\/sites\/41\/2025\/12\/cropped-NovriiX_logo-1.png\" class=\"custom-logo\" alt=\"NovriiX\" itemprop=\"logo\" srcset=\"https:\/\/wp3.novida.fi\/med24vian\/wp-content\/uploads\/sites\/41\/2025\/12\/NovriiX_logo.png 2x\"><\/a><\/div>\n\n\n\n","protected":false},"excerpt":{"rendered":"<p>Novri\u00adiX-logo sym\u00adbol\u00adoi uut\u00adta alkua, yht\u00aden\u00e4isyyt\u00adt\u00e4 ja jatku\u00advaa kehi\u00adtys\u00adt\u00e4. Py\u00f6re\u00e4 muo\u00adto edus\u00adtaa joukkuet\u00adta, tasa-arvoa ja jalka\u00adpal\u00adlon jatku\u00advaa liiket\u00adt\u00e4.Logon keskel\u00adl\u00e4 ole\u00adva tyylitel\u00adty X kuvaa eri taus\u00adto\u00adjen ja polku\u00adjen kohtaamista yhden tavoit\u00adteen ymp\u00e4ril\u00adl\u00e4. \u2026<\/p>\n","protected":false},"author":45,"featured_media":0,"parent":0,"menu_order":0,"comment_status":"closed","ping_status":"closed","template":"","meta":{"wp_typography_post_enhancements_disabled":false,"_themeisle_gutenberg_block_has_review":false,"footnotes":""},"class_list":["post-10","page","type-page","status-publish","hentry"],"yoast_head":"<!-- This site is optimized with the Yoast SEO plugin v26.5 - https:\/\/yoast.com\/wordpress\/plugins\/seo\/ -->\n<title>NovriiX Seura \u2013 Historia, Arvot ja PelifilosofiaSeura - NovriiX<\/title>\n<meta name=\"description\" content=\"Tutustu NovriiX Seuraan \u2013 seura perustettu 2025, joka arvostaa reilua peli\u00e4, yhteis\u00f6llisyytt\u00e4 ja pelaajien kehityst\u00e4.\" \/>\n<meta name=\"robots\" content=\"index, follow, max-snippet:-1, max-image-preview:large, max-video-preview:-1\" \/>\n<link rel=\"canonical\" href=\"https:\/\/wp3.novida.fi\/med24vian\/novriix-seura\/\" \/>\n<meta property=\"og:locale\" content=\"en_GB\" \/>\n<meta property=\"og:type\" content=\"article\" \/>\n<meta property=\"og:title\" content=\"NovriiX Seura \u2013 Historia, Arvot ja PelifilosofiaSeura - NovriiX\" \/>\n<meta property=\"og:description\" content=\"Tutustu NovriiX Seuraan \u2013 seura perustettu 2025, joka arvostaa reilua peli\u00e4, yhteis\u00f6llisyytt\u00e4 ja pelaajien kehityst\u00e4.\" \/>\n<meta property=\"og:url\" content=\"https:\/\/wp3.novida.fi\/med24vian\/novriix-seura\/\" \/>\n<meta property=\"og:site_name\" content=\"NovriiX\" \/>\n<meta property=\"article:modified_time\" content=\"2026-01-20T08:52:55+00:00\" \/>\n<meta property=\"og:image\" content=\"https:\/\/wp3.novida.fi\/med24vian\/wp-content\/uploads\/sites\/41\/2026\/01\/NovriiX_logo-3-1024x1024.png\" \/>\n<meta name=\"twitter:card\" content=\"summary_large_image\" \/>\n<meta name=\"twitter:label1\" content=\"Estimated reading time\" \/>\n\t<meta name=\"twitter:data1\" content=\"2 minutes\" \/>\n<script type=\"application\/ld+json\" class=\"yoast-schema-graph\">{\"@context\":\"https:\/\/schema.org\",\"@graph\":[{\"@type\":\"WebPage\",\"@id\":\"https:\/\/wp3.novida.fi\/med24vian\/novriix-seura\/\",\"url\":\"https:\/\/wp3.novida.fi\/med24vian\/novriix-seura\/\",\"name\":\"NovriiX Seura \u2013 Historia, Arvot ja PelifilosofiaSeura - NovriiX\",\"isPartOf\":{\"@id\":\"https:\/\/wp3.novida.fi\/med24vian\/#website\"},\"primaryImageOfPage\":{\"@id\":\"https:\/\/wp3.novida.fi\/med24vian\/novriix-seura\/#primaryimage\"},\"image\":{\"@id\":\"https:\/\/wp3.novida.fi\/med24vian\/novriix-seura\/#primaryimage\"},\"thumbnailUrl\":\"https:\/\/wp3.novida.fi\/med24vian\/wp-content\/uploads\/sites\/41\/2026\/01\/NovriiX_logo-3-1024x1024.png\",\"datePublished\":\"2025-12-01T08:42:33+00:00\",\"dateModified\":\"2026-01-20T08:52:55+00:00\",\"description\":\"Tutustu NovriiX Seuraan \u2013 seura perustettu 2025, joka arvostaa reilua peli\u00e4, yhteis\u00f6llisyytt\u00e4 ja pelaajien kehityst\u00e4.\",\"breadcrumb\":{\"@id\":\"https:\/\/wp3.novida.fi\/med24vian\/novriix-seura\/#breadcrumb\"},\"inLanguage\":\"en-GB\",\"potentialAction\":[{\"@type\":\"ReadAction\",\"target\":[\"https:\/\/wp3.novida.fi\/med24vian\/novriix-seura\/\"]}]},{\"@type\":\"ImageObject\",\"inLanguage\":\"en-GB\",\"@id\":\"https:\/\/wp3.novida.fi\/med24vian\/novriix-seura\/#primaryimage\",\"url\":\"https:\/\/wp3.novida.fi\/med24vian\/wp-content\/uploads\/sites\/41\/2026\/01\/NovriiX_logo-3.png\",\"contentUrl\":\"https:\/\/wp3.novida.fi\/med24vian\/wp-content\/uploads\/sites\/41\/2026\/01\/NovriiX_logo-3.png\",\"width\":1110,\"height\":1110},{\"@type\":\"BreadcrumbList\",\"@id\":\"https:\/\/wp3.novida.fi\/med24vian\/novriix-seura\/#breadcrumb\",\"itemListElement\":[{\"@type\":\"ListItem\",\"position\":1,\"name\":\"Home\",\"item\":\"https:\/\/wp3.novida.fi\/med24vian\/\"},{\"@type\":\"ListItem\",\"position\":2,\"name\":\"Seura\"}]},{\"@type\":\"WebSite\",\"@id\":\"https:\/\/wp3.novida.fi\/med24vian\/#website\",\"url\":\"https:\/\/wp3.novida.fi\/med24vian\/\",\"name\":\"NovriiX\",\"description\":\"\",\"publisher\":{\"@id\":\"https:\/\/wp3.novida.fi\/med24vian\/#organization\"},\"potentialAction\":[{\"@type\":\"SearchAction\",\"target\":{\"@type\":\"EntryPoint\",\"urlTemplate\":\"https:\/\/wp3.novida.fi\/med24vian\/?s={search_term_string}\"},\"query-input\":{\"@type\":\"PropertyValueSpecification\",\"valueRequired\":true,\"valueName\":\"search_term_string\"}}],\"inLanguage\":\"en-GB\"},{\"@type\":\"Organization\",\"@id\":\"https:\/\/wp3.novida.fi\/med24vian\/#organization\",\"name\":\"NovriiX\",\"url\":\"https:\/\/wp3.novida.fi\/med24vian\/\",\"logo\":{\"@type\":\"ImageObject\",\"inLanguage\":\"en-GB\",\"@id\":\"https:\/\/wp3.novida.fi\/med24vian\/#\/schema\/logo\/image\/\",\"url\":\"https:\/\/wp3.novida.fi\/med24vian\/wp-content\/uploads\/sites\/41\/2025\/12\/cropped-NovriiX_logo-1.png\",\"contentUrl\":\"https:\/\/wp3.novida.fi\/med24vian\/wp-content\/uploads\/sites\/41\/2025\/12\/cropped-NovriiX_logo-1.png\",\"width\":1110,\"height\":1110,\"caption\":\"NovriiX\"},\"image\":{\"@id\":\"https:\/\/wp3.novida.fi\/med24vian\/#\/schema\/logo\/image\/\"}}]}<\/script>\n<!-- \/ Yoast SEO plugin. -->","yoast_head_json":{"title":"NovriiX Seura \u2013 Historia, Arvot ja PelifilosofiaSeura - NovriiX","description":"Tutustu NovriiX Seuraan \u2013 seura perustettu 2025, joka arvostaa reilua peli\u00e4, yhteis\u00f6llisyytt\u00e4 ja pelaajien kehityst\u00e4.","robots":{"index":"index","follow":"follow","max-snippet":"max-snippet:-1","max-image-preview":"max-image-preview:large","max-video-preview":"max-video-preview:-1"},"canonical":"https:\/\/wp3.novida.fi\/med24vian\/novriix-seura\/","og_locale":"en_GB","og_type":"article","og_title":"NovriiX Seura \u2013 Historia, Arvot ja PelifilosofiaSeura - NovriiX","og_description":"Tutustu NovriiX Seuraan \u2013 seura perustettu 2025, joka arvostaa reilua peli\u00e4, yhteis\u00f6llisyytt\u00e4 ja pelaajien kehityst\u00e4.","og_url":"https:\/\/wp3.novida.fi\/med24vian\/novriix-seura\/","og_site_name":"NovriiX","article_modified_time":"2026-01-20T08:52:55+00:00","og_image":[{"url":"https:\/\/wp3.novida.fi\/med24vian\/wp-content\/uploads\/sites\/41\/2026\/01\/NovriiX_logo-3-1024x1024.png","type":"","width":"","height":""}],"twitter_card":"summary_large_image","twitter_misc":{"Estimated reading time":"2 minutes"},"schema":{"@context":"https:\/\/schema.org","@graph":[{"@type":"WebPage","@id":"https:\/\/wp3.novida.fi\/med24vian\/novriix-seura\/","url":"https:\/\/wp3.novida.fi\/med24vian\/novriix-seura\/","name":"NovriiX Seura \u2013 Historia, Arvot ja PelifilosofiaSeura - NovriiX","isPartOf":{"@id":"https:\/\/wp3.novida.fi\/med24vian\/#website"},"primaryImageOfPage":{"@id":"https:\/\/wp3.novida.fi\/med24vian\/novriix-seura\/#primaryimage"},"image":{"@id":"https:\/\/wp3.novida.fi\/med24vian\/novriix-seura\/#primaryimage"},"thumbnailUrl":"https:\/\/wp3.novida.fi\/med24vian\/wp-content\/uploads\/sites\/41\/2026\/01\/NovriiX_logo-3-1024x1024.png","datePublished":"2025-12-01T08:42:33+00:00","dateModified":"2026-01-20T08:52:55+00:00","description":"Tutustu NovriiX Seuraan \u2013 seura perustettu 2025, joka arvostaa reilua peli\u00e4, yhteis\u00f6llisyytt\u00e4 ja pelaajien kehityst\u00e4.","breadcrumb":{"@id":"https:\/\/wp3.novida.fi\/med24vian\/novriix-seura\/#breadcrumb"},"inLanguage":"en-GB","potentialAction":[{"@type":"ReadAction","target":["https:\/\/wp3.novida.fi\/med24vian\/novriix-seura\/"]}]},{"@type":"ImageObject","inLanguage":"en-GB","@id":"https:\/\/wp3.novida.fi\/med24vian\/novriix-seura\/#primaryimage","url":"https:\/\/wp3.novida.fi\/med24vian\/wp-content\/uploads\/sites\/41\/2026\/01\/NovriiX_logo-3.png","contentUrl":"https:\/\/wp3.novida.fi\/med24vian\/wp-content\/uploads\/sites\/41\/2026\/01\/NovriiX_logo-3.png","width":1110,"height":1110},{"@type":"BreadcrumbList","@id":"https:\/\/wp3.novida.fi\/med24vian\/novriix-seura\/#breadcrumb","itemListElement":[{"@type":"ListItem","position":1,"name":"Home","item":"https:\/\/wp3.novida.fi\/med24vian\/"},{"@type":"ListItem","position":2,"name":"Seura"}]},{"@type":"WebSite","@id":"https:\/\/wp3.novida.fi\/med24vian\/#website","url":"https:\/\/wp3.novida.fi\/med24vian\/","name":"NovriiX","description":"","publisher":{"@id":"https:\/\/wp3.novida.fi\/med24vian\/#organization"},"potentialAction":[{"@type":"SearchAction","target":{"@type":"EntryPoint","urlTemplate":"https:\/\/wp3.novida.fi\/med24vian\/?s={search_term_string}"},"query-input":{"@type":"PropertyValueSpecification","valueRequired":true,"valueName":"search_term_string"}}],"inLanguage":"en-GB"},{"@type":"Organization","@id":"https:\/\/wp3.novida.fi\/med24vian\/#organization","name":"NovriiX","url":"https:\/\/wp3.novida.fi\/med24vian\/","logo":{"@type":"ImageObject","inLanguage":"en-GB","@id":"https:\/\/wp3.novida.fi\/med24vian\/#\/schema\/logo\/image\/","url":"https:\/\/wp3.novida.fi\/med24vian\/wp-content\/uploads\/sites\/41\/2025\/12\/cropped-NovriiX_logo-1.png","contentUrl":"https:\/\/wp3.novida.fi\/med24vian\/wp-content\/uploads\/sites\/41\/2025\/12\/cropped-NovriiX_logo-1.png","width":1110,"height":1110,"caption":"NovriiX"},"image":{"@id":"https:\/\/wp3.novida.fi\/med24vian\/#\/schema\/logo\/image\/"}}]}},"_links":{"self":[{"href":"https:\/\/wp3.novida.fi\/med24vian\/wp-json\/wp\/v2\/pages\/10","targetHints":{"allow":["GET"]}}],"collection":[{"href":"https:\/\/wp3.novida.fi\/med24vian\/wp-json\/wp\/v2\/pages"}],"about":[{"href":"https:\/\/wp3.novida.fi\/med24vian\/wp-json\/wp\/v2\/types\/page"}],"author":[{"embeddable":true,"href":"https:\/\/wp3.novida.fi\/med24vian\/wp-json\/wp\/v2\/users\/45"}],"replies":[{"embeddable":true,"href":"https:\/\/wp3.novida.fi\/med24vian\/wp-json\/wp\/v2\/comments?post=10"}],"version-history":[{"count":9,"href":"https:\/\/wp3.novida.fi\/med24vian\/wp-json\/wp\/v2\/pages\/10\/revisions"}],"predecessor-version":[{"id":268,"href":"https:\/\/wp3.novida.fi\/med24vian\/wp-json\/wp\/v2\/pages\/10\/revisions\/268"}],"wp:attachment":[{"href":"https:\/\/wp3.novida.fi\/med24vian\/wp-json\/wp\/v2\/media?parent=10"}],"curies":[{"name":"wp","href":"https:\/\/api.w.org\/{rel}","templated":true}]}}