{"id":34,"date":"2025-12-12T10:46:59","date_gmt":"2025-12-12T10:46:59","guid":{"rendered":"https:\/\/wp3.novida.fi\/med24seer\/?page_id=34"},"modified":"2026-01-20T07:48:20","modified_gmt":"2026-01-20T07:48:20","slug":"etusivu","status":"publish","type":"page","link":"https:\/\/wp3.novida.fi\/med24seer\/","title":{"rendered":"Etusivu"},"content":{"rendered":"\n<p>Ter\u00adve\u00adtu\u00adloa Hair&amp;Style Yp\u00e4j\u00e4lle. Liik\u00adkeess\u00e4mme erikois\u00adtu\u00adtaan  h\u00e4\u00e4\u2011, hau\u00adta\u00adjais- ja muiden juh\u00adlakam\u00adpausten tekoon.<\/p>\n\n\n\n<div class=\"wp-block-columns is-layout-flex wp-container-core-columns-is-layout-9d6595d7 wp-block-columns-is-layout-flex\">\n<div class=\"wp-block-column is-layout-flow wp-block-column-is-layout-flow\" style=\"flex-basis:33.33%\"><div class=\"wp-block-image\">\n<figure class=\"aligncenter size-large\"><img loading=\"lazy\" decoding=\"async\" width=\"1024\" height=\"1024\" src=\"https:\/\/wp3.novida.fi\/med24seer\/wp-content\/uploads\/sites\/44\/2026\/01\/Brown_Braid-1-1024x1024.jpg\" alt class=\"wp-image-113\" style=\"aspect-ratio:3\/4;object-fit:cover\" srcset=\"https:\/\/wp3.novida.fi\/med24seer\/wp-content\/uploads\/sites\/44\/2026\/01\/Brown_Braid-1-1024x1024.jpg 1024w, https:\/\/wp3.novida.fi\/med24seer\/wp-content\/uploads\/sites\/44\/2026\/01\/Brown_Braid-1-300x300.jpg 300w, https:\/\/wp3.novida.fi\/med24seer\/wp-content\/uploads\/sites\/44\/2026\/01\/Brown_Braid-1-150x150.jpg 150w, https:\/\/wp3.novida.fi\/med24seer\/wp-content\/uploads\/sites\/44\/2026\/01\/Brown_Braid-1-768x768.jpg 768w, https:\/\/wp3.novida.fi\/med24seer\/wp-content\/uploads\/sites\/44\/2026\/01\/Brown_Braid-1-1536x1536.jpg 1536w, https:\/\/wp3.novida.fi\/med24seer\/wp-content\/uploads\/sites\/44\/2026\/01\/Brown_Braid-1-270x270.jpg 270w, https:\/\/wp3.novida.fi\/med24seer\/wp-content\/uploads\/sites\/44\/2026\/01\/Brown_Braid-1.jpg 2048w\" sizes=\"auto, (max-width: 1024px) 100vw, 1024px\"><\/figure>\n<\/div><\/div>\n\n\n\n<div class=\"wp-block-column is-layout-flow wp-block-column-is-layout-flow\" style=\"flex-basis:66.66%\">\n<h2 class=\"wp-block-heading has-text-align-center\">Kampaukset<\/h2>\n\n\n\n<p class=\"has-text-align-center\">Kam\u00adpaa\u00adjamme tekev\u00e4t jokaiselle hiustyylille koris\u00adteel\u00adlisia tyyle\u00adj\u00e4 sek\u00e4 naisille ja miehille.<\/p>\n<\/div>\n<\/div>\n\n\n\n<p class=\"has-background\" style=\"background-color:#abb7c27a\"><\/p>\n\n\n\n<div class=\"wp-block-columns is-layout-flex wp-container-core-columns-is-layout-9d6595d7 wp-block-columns-is-layout-flex\">\n<div class=\"wp-block-column is-layout-flow wp-block-column-is-layout-flow\" style=\"flex-basis:33.33%\"><div class=\"wp-block-image ticss-40aa6935\">\n<figure class=\"aligncenter size-large\"><img loading=\"lazy\" decoding=\"async\" width=\"1024\" height=\"1024\" src=\"https:\/\/wp3.novida.fi\/med24seer\/wp-content\/uploads\/sites\/44\/2026\/01\/Purple_Star-1-1024x1024.jpg\" alt class=\"wp-image-114\" srcset=\"https:\/\/wp3.novida.fi\/med24seer\/wp-content\/uploads\/sites\/44\/2026\/01\/Purple_Star-1-1024x1024.jpg 1024w, https:\/\/wp3.novida.fi\/med24seer\/wp-content\/uploads\/sites\/44\/2026\/01\/Purple_Star-1-300x300.jpg 300w, https:\/\/wp3.novida.fi\/med24seer\/wp-content\/uploads\/sites\/44\/2026\/01\/Purple_Star-1-150x150.jpg 150w, https:\/\/wp3.novida.fi\/med24seer\/wp-content\/uploads\/sites\/44\/2026\/01\/Purple_Star-1-768x768.jpg 768w, https:\/\/wp3.novida.fi\/med24seer\/wp-content\/uploads\/sites\/44\/2026\/01\/Purple_Star-1-1536x1536.jpg 1536w, https:\/\/wp3.novida.fi\/med24seer\/wp-content\/uploads\/sites\/44\/2026\/01\/Purple_Star-1-270x270.jpg 270w, https:\/\/wp3.novida.fi\/med24seer\/wp-content\/uploads\/sites\/44\/2026\/01\/Purple_Star-1.jpg 2048w\" sizes=\"auto, (max-width: 1024px) 100vw, 1024px\"><\/figure>\n<\/div><\/div>\n\n\n\n<div class=\"wp-block-column is-layout-flow wp-block-column-is-layout-flow\" style=\"flex-basis:66.66%\">\n<h2 class=\"wp-block-heading has-text-align-center\">Korut<\/h2>\n\n\n\n<p class=\"has-text-align-center\">Tar\u00adjoamme k\u00e4sin tehtyj\u00e4 koru\u00adja. Niit\u00e4 saa kor\u00advako\u00adru\u00adina, sek\u00e4 hiusko\u00adris\u00adteina.<\/p>\n<\/div>\n<\/div>\n\n\n\n<p>L\u00f6y\u00add\u00e4t mei\u00add\u00e4t Yp\u00e4j\u00e4n keskus\u00adtas\u00adta, mis\u00adt\u00e4 voit ostaa kaikkea mit\u00e4 tarvit\u00adset tule\u00advi\u00adin juh\u00adli\u00adisi.<\/p>\n","protected":false},"excerpt":{"rendered":"<p>Ter\u00adve\u00adtu\u00adloa Hair&amp;Style Yp\u00e4j\u00e4lle. Liik\u00adkeess\u00e4mme erikois\u00adtu\u00adtaan h\u00e4\u00e4\u2011, hau\u00ad\u00adta\u00ad\u00adjais- ja muiden juh\u00adlakam\u00adpausten tekoon. Kam\u00adpauk\u00adset Kam\u00adpaa\u00adjamme tekev\u00e4t jokaiselle hiustyylille koris\u00adteel\u00adlisia tyyle\u00adj\u00e4 sek\u00e4 naisille ja miehille. Korut Tar\u00adjoamme k\u00e4sin tehtyj\u00e4 koru\u00adja. Niit\u00e4 saa kor\u00advako\u00adru\u00adina, sek\u00e4 hiusko\u00adris\u00adteina. L\u00f6y\u00add\u00e4t mei\u00add\u00e4t Yp\u00e4j\u00e4n keskus\u00adtas\u00adta, mis\u00adt\u00e4 voit ostaa kaikkea mit\u00e4 tarvit\u00adset tule\u00advi\u00adin juh\u00adli\u00adisi.<\/p>\n","protected":false},"author":48,"featured_media":0,"parent":0,"menu_order":0,"comment_status":"closed","ping_status":"closed","template":"","meta":{"wp_typography_post_enhancements_disabled":false,"_themeisle_gutenberg_block_has_review":false,"footnotes":""},"class_list":["post-34","page","type-page","status-publish","hentry"],"yoast_head":"<!-- This site is optimized with the Yoast SEO plugin v26.5 - https:\/\/yoast.com\/wordpress\/plugins\/seo\/ -->\n<title>Etusivu - Hair&amp;Style Yp\u00e4j\u00e4<\/title>\n<meta name=\"robots\" content=\"index, follow, max-snippet:-1, max-image-preview:large, max-video-preview:-1\" \/>\n<link rel=\"canonical\" href=\"https:\/\/wp3.novida.fi\/med24seer\/\" \/>\n<meta property=\"og:locale\" content=\"en_GB\" \/>\n<meta property=\"og:type\" content=\"article\" \/>\n<meta property=\"og:title\" content=\"Etusivu - Hair&amp;Style Yp\u00e4j\u00e4\" \/>\n<meta property=\"og:description\" content=\"Ter\u00adve\u00adtu\u00adloa Hair&amp;Style Yp\u00e4j\u00e4lle. Liik\u00adkeess\u00e4mme erikois\u00adtu\u00adtaan h\u00e4\u00e4\u2011, hau\u00adta\u00adjais- ja muiden juh\u00adlakam\u00adpausten tekoon. Kampaukset Kam\u00adpaa\u00adjamme tekev\u00e4t jokaiselle hiustyylille koris\u00adteel\u00adlisia tyyle\u00adj\u00e4 sek\u00e4 naisille ja miehille. Korut Tar\u00adjoamme k\u00e4sin tehtyj\u00e4 koru\u00adja. Niit\u00e4 saa kor\u00advako\u00adru\u00adina, sek\u00e4 hiusko\u00adris\u00adteina. L\u00f6y\u00add\u00e4t mei\u00add\u00e4t Yp\u00e4j\u00e4n keskus\u00adtas\u00adta, mis\u00adt\u00e4 voit ostaa kaikkea mit\u00e4 tarvit\u00adset tule\u00advi\u00adin juh\u00adli\u00adisi.\" \/>\n<meta property=\"og:url\" content=\"https:\/\/wp3.novida.fi\/med24seer\/\" \/>\n<meta property=\"og:site_name\" content=\"Hair&amp;Style Yp\u00e4j\u00e4\" \/>\n<meta property=\"article:modified_time\" content=\"2026-01-20T07:48:20+00:00\" \/>\n<meta property=\"og:image\" content=\"https:\/\/wp3.novida.fi\/med24seer\/wp-content\/uploads\/sites\/44\/2026\/01\/Brown_Braid-1.jpg\" \/>\n\t<meta property=\"og:image:width\" content=\"2048\" \/>\n\t<meta property=\"og:image:height\" content=\"2048\" \/>\n\t<meta property=\"og:image:type\" content=\"image\/jpeg\" \/>\n<meta name=\"twitter:card\" content=\"summary_large_image\" \/>\n<meta name=\"twitter:label1\" content=\"Estimated reading time\" \/>\n\t<meta name=\"twitter:data1\" content=\"1 minute\" \/>\n<script type=\"application\/ld+json\" class=\"yoast-schema-graph\">{\"@context\":\"https:\/\/schema.org\",\"@graph\":[{\"@type\":\"WebPage\",\"@id\":\"https:\/\/wp3.novida.fi\/med24seer\/\",\"url\":\"https:\/\/wp3.novida.fi\/med24seer\/\",\"name\":\"Etusivu - Hair&amp;Style Yp\u00e4j\u00e4\",\"isPartOf\":{\"@id\":\"https:\/\/wp3.novida.fi\/med24seer\/#website\"},\"primaryImageOfPage\":{\"@id\":\"https:\/\/wp3.novida.fi\/med24seer\/#primaryimage\"},\"image\":{\"@id\":\"https:\/\/wp3.novida.fi\/med24seer\/#primaryimage\"},\"thumbnailUrl\":\"https:\/\/wp3.novida.fi\/med24seer\/wp-content\/uploads\/sites\/44\/2026\/01\/Brown_Braid-1-1024x1024.jpg\",\"datePublished\":\"2025-12-12T10:46:59+00:00\",\"dateModified\":\"2026-01-20T07:48:20+00:00\",\"breadcrumb\":{\"@id\":\"https:\/\/wp3.novida.fi\/med24seer\/#breadcrumb\"},\"inLanguage\":\"en-GB\",\"potentialAction\":[{\"@type\":\"ReadAction\",\"target\":[\"https:\/\/wp3.novida.fi\/med24seer\/\"]}]},{\"@type\":\"ImageObject\",\"inLanguage\":\"en-GB\",\"@id\":\"https:\/\/wp3.novida.fi\/med24seer\/#primaryimage\",\"url\":\"https:\/\/wp3.novida.fi\/med24seer\/wp-content\/uploads\/sites\/44\/2026\/01\/Brown_Braid-1.jpg\",\"contentUrl\":\"https:\/\/wp3.novida.fi\/med24seer\/wp-content\/uploads\/sites\/44\/2026\/01\/Brown_Braid-1.jpg\",\"width\":2048,\"height\":2048},{\"@type\":\"BreadcrumbList\",\"@id\":\"https:\/\/wp3.novida.fi\/med24seer\/#breadcrumb\",\"itemListElement\":[{\"@type\":\"ListItem\",\"position\":1,\"name\":\"Home\",\"item\":\"https:\/\/wp3.novida.fi\/med24seer\/\"},{\"@type\":\"ListItem\",\"position\":2,\"name\":\"Etusivu\"}]},{\"@type\":\"WebSite\",\"@id\":\"https:\/\/wp3.novida.fi\/med24seer\/#website\",\"url\":\"https:\/\/wp3.novida.fi\/med24seer\/\",\"name\":\"Hair&amp;Style Yp\u00e4j\u00e4\",\"description\":\"\",\"publisher\":{\"@id\":\"https:\/\/wp3.novida.fi\/med24seer\/#organization\"},\"potentialAction\":[{\"@type\":\"SearchAction\",\"target\":{\"@type\":\"EntryPoint\",\"urlTemplate\":\"https:\/\/wp3.novida.fi\/med24seer\/?s={search_term_string}\"},\"query-input\":{\"@type\":\"PropertyValueSpecification\",\"valueRequired\":true,\"valueName\":\"search_term_string\"}}],\"inLanguage\":\"en-GB\"},{\"@type\":\"Organization\",\"@id\":\"https:\/\/wp3.novida.fi\/med24seer\/#organization\",\"name\":\"Hair&amp;Style Yp\u00e4j\u00e4\",\"url\":\"https:\/\/wp3.novida.fi\/med24seer\/\",\"logo\":{\"@type\":\"ImageObject\",\"inLanguage\":\"en-GB\",\"@id\":\"https:\/\/wp3.novida.fi\/med24seer\/#\/schema\/logo\/image\/\",\"url\":\"https:\/\/wp3.novida.fi\/med24seer\/wp-content\/uploads\/sites\/44\/2025\/12\/cropped-Screenshot-2025-12-16-at-8.34.21.png\",\"contentUrl\":\"https:\/\/wp3.novida.fi\/med24seer\/wp-content\/uploads\/sites\/44\/2025\/12\/cropped-Screenshot-2025-12-16-at-8.34.21.png\",\"width\":512,\"height\":512,\"caption\":\"Hair&amp;Style Yp\u00e4j\u00e4\"},\"image\":{\"@id\":\"https:\/\/wp3.novida.fi\/med24seer\/#\/schema\/logo\/image\/\"}}]}<\/script>\n<!-- \/ Yoast SEO plugin. -->","yoast_head_json":{"title":"Etusivu - Hair&amp;Style Yp\u00e4j\u00e4","robots":{"index":"index","follow":"follow","max-snippet":"max-snippet:-1","max-image-preview":"max-image-preview:large","max-video-preview":"max-video-preview:-1"},"canonical":"https:\/\/wp3.novida.fi\/med24seer\/","og_locale":"en_GB","og_type":"article","og_title":"Etusivu - Hair&amp;Style Yp\u00e4j\u00e4","og_description":"Ter\u00adve\u00adtu\u00adloa Hair&amp;Style Yp\u00e4j\u00e4lle. Liik\u00adkeess\u00e4mme erikois\u00adtu\u00adtaan h\u00e4\u00e4\u2011, hau\u00adta\u00adjais- ja muiden juh\u00adlakam\u00adpausten tekoon. Kampaukset Kam\u00adpaa\u00adjamme tekev\u00e4t jokaiselle hiustyylille koris\u00adteel\u00adlisia tyyle\u00adj\u00e4 sek\u00e4 naisille ja miehille. Korut Tar\u00adjoamme k\u00e4sin tehtyj\u00e4 koru\u00adja. Niit\u00e4 saa kor\u00advako\u00adru\u00adina, sek\u00e4 hiusko\u00adris\u00adteina. L\u00f6y\u00add\u00e4t mei\u00add\u00e4t Yp\u00e4j\u00e4n keskus\u00adtas\u00adta, mis\u00adt\u00e4 voit ostaa kaikkea mit\u00e4 tarvit\u00adset tule\u00advi\u00adin juh\u00adli\u00adisi.","og_url":"https:\/\/wp3.novida.fi\/med24seer\/","og_site_name":"Hair&amp;Style Yp\u00e4j\u00e4","article_modified_time":"2026-01-20T07:48:20+00:00","og_image":[{"width":2048,"height":2048,"url":"https:\/\/wp3.novida.fi\/med24seer\/wp-content\/uploads\/sites\/44\/2026\/01\/Brown_Braid-1.jpg","type":"image\/jpeg"}],"twitter_card":"summary_large_image","twitter_misc":{"Estimated reading time":"1 minute"},"schema":{"@context":"https:\/\/schema.org","@graph":[{"@type":"WebPage","@id":"https:\/\/wp3.novida.fi\/med24seer\/","url":"https:\/\/wp3.novida.fi\/med24seer\/","name":"Etusivu - Hair&amp;Style Yp\u00e4j\u00e4","isPartOf":{"@id":"https:\/\/wp3.novida.fi\/med24seer\/#website"},"primaryImageOfPage":{"@id":"https:\/\/wp3.novida.fi\/med24seer\/#primaryimage"},"image":{"@id":"https:\/\/wp3.novida.fi\/med24seer\/#primaryimage"},"thumbnailUrl":"https:\/\/wp3.novida.fi\/med24seer\/wp-content\/uploads\/sites\/44\/2026\/01\/Brown_Braid-1-1024x1024.jpg","datePublished":"2025-12-12T10:46:59+00:00","dateModified":"2026-01-20T07:48:20+00:00","breadcrumb":{"@id":"https:\/\/wp3.novida.fi\/med24seer\/#breadcrumb"},"inLanguage":"en-GB","potentialAction":[{"@type":"ReadAction","target":["https:\/\/wp3.novida.fi\/med24seer\/"]}]},{"@type":"ImageObject","inLanguage":"en-GB","@id":"https:\/\/wp3.novida.fi\/med24seer\/#primaryimage","url":"https:\/\/wp3.novida.fi\/med24seer\/wp-content\/uploads\/sites\/44\/2026\/01\/Brown_Braid-1.jpg","contentUrl":"https:\/\/wp3.novida.fi\/med24seer\/wp-content\/uploads\/sites\/44\/2026\/01\/Brown_Braid-1.jpg","width":2048,"height":2048},{"@type":"BreadcrumbList","@id":"https:\/\/wp3.novida.fi\/med24seer\/#breadcrumb","itemListElement":[{"@type":"ListItem","position":1,"name":"Home","item":"https:\/\/wp3.novida.fi\/med24seer\/"},{"@type":"ListItem","position":2,"name":"Etusivu"}]},{"@type":"WebSite","@id":"https:\/\/wp3.novida.fi\/med24seer\/#website","url":"https:\/\/wp3.novida.fi\/med24seer\/","name":"Hair&amp;Style Yp\u00e4j\u00e4","description":"","publisher":{"@id":"https:\/\/wp3.novida.fi\/med24seer\/#organization"},"potentialAction":[{"@type":"SearchAction","target":{"@type":"EntryPoint","urlTemplate":"https:\/\/wp3.novida.fi\/med24seer\/?s={search_term_string}"},"query-input":{"@type":"PropertyValueSpecification","valueRequired":true,"valueName":"search_term_string"}}],"inLanguage":"en-GB"},{"@type":"Organization","@id":"https:\/\/wp3.novida.fi\/med24seer\/#organization","name":"Hair&amp;Style Yp\u00e4j\u00e4","url":"https:\/\/wp3.novida.fi\/med24seer\/","logo":{"@type":"ImageObject","inLanguage":"en-GB","@id":"https:\/\/wp3.novida.fi\/med24seer\/#\/schema\/logo\/image\/","url":"https:\/\/wp3.novida.fi\/med24seer\/wp-content\/uploads\/sites\/44\/2025\/12\/cropped-Screenshot-2025-12-16-at-8.34.21.png","contentUrl":"https:\/\/wp3.novida.fi\/med24seer\/wp-content\/uploads\/sites\/44\/2025\/12\/cropped-Screenshot-2025-12-16-at-8.34.21.png","width":512,"height":512,"caption":"Hair&amp;Style Yp\u00e4j\u00e4"},"image":{"@id":"https:\/\/wp3.novida.fi\/med24seer\/#\/schema\/logo\/image\/"}}]}},"_links":{"self":[{"href":"https:\/\/wp3.novida.fi\/med24seer\/wp-json\/wp\/v2\/pages\/34","targetHints":{"allow":["GET"]}}],"collection":[{"href":"https:\/\/wp3.novida.fi\/med24seer\/wp-json\/wp\/v2\/pages"}],"about":[{"href":"https:\/\/wp3.novida.fi\/med24seer\/wp-json\/wp\/v2\/types\/page"}],"author":[{"embeddable":true,"href":"https:\/\/wp3.novida.fi\/med24seer\/wp-json\/wp\/v2\/users\/48"}],"replies":[{"embeddable":true,"href":"https:\/\/wp3.novida.fi\/med24seer\/wp-json\/wp\/v2\/comments?post=34"}],"version-history":[{"count":35,"href":"https:\/\/wp3.novida.fi\/med24seer\/wp-json\/wp\/v2\/pages\/34\/revisions"}],"predecessor-version":[{"id":158,"href":"https:\/\/wp3.novida.fi\/med24seer\/wp-json\/wp\/v2\/pages\/34\/revisions\/158"}],"wp:attachment":[{"href":"https:\/\/wp3.novida.fi\/med24seer\/wp-json\/wp\/v2\/media?parent=34"}],"curies":[{"name":"wp","href":"https:\/\/api.w.org\/{rel}","templated":true}]}}