{"id":29,"date":"2025-12-12T10:40:19","date_gmt":"2025-12-12T10:40:19","guid":{"rendered":"https:\/\/wp3.novida.fi\/med24seer\/?page_id=29"},"modified":"2026-01-20T07:30:41","modified_gmt":"2026-01-20T07:30:41","slug":"yhteystiedot","status":"publish","type":"page","link":"https:\/\/wp3.novida.fi\/med24seer\/yhteystiedot\/","title":{"rendered":"Yhteystiedot"},"content":{"rendered":"\n<p>Ole mei\u00adhin yhtey\u00addess\u00e4 s\u00e4hk\u00f6\u00adpostin tai puhe\u00adli\u00admen kaut\u00adta.<\/p>\n\n\n\n<p>Puh. 040 4872648<\/p>\n\n\n\n<div id=\"wp-block-themeisle-blocks-form-431874f1\" class=\"wp-block-themeisle-blocks-form\" data-option-name=\"c7ad771526c04b725bb83f1d41934aceed792493_431874f1\"><form class=\"otter-form__container\">\n<div id=\"wp-block-themeisle-blocks-form-input-08e3638a\" class=\"wp-block-themeisle-blocks-form-input\"><label for=\"wp-block-themeisle-blocks-form-input-08e3638a-input\" class=\"otter-form-input-label\"><span class=\"otter-form-input-label__label\">Name<\/span><span class=\"required\">*<\/span><\/label><input type=\"text\" id=\"wp-block-themeisle-blocks-form-input-08e3638a-input\" required class=\"otter-form-input\"><\/div>\n\n\n\n<div id=\"wp-block-themeisle-blocks-form-input-67d9ac75\" class=\"wp-block-themeisle-blocks-form-input\"><label for=\"wp-block-themeisle-blocks-form-input-67d9ac75-input\" class=\"otter-form-input-label\"><span class=\"otter-form-input-label__label\">Email<\/span><span class=\"required\">*<\/span><\/label><input type=\"email\" id=\"wp-block-themeisle-blocks-form-input-67d9ac75-input\" required class=\"otter-form-input\"><\/div>\n\n\n<div class=\"protection\" aria-hidden=\"true\"><input type=\"hidden\" id=\"wp-block-themeisle-blocks-form-431874f1_nonce_field\" name=\"wp-block-themeisle-blocks-form-431874f1_nonce_field\" value=\"e3db0840ea\"><input type=\"hidden\" name=\"_wp_http_referer\" value=\"\/med24seer\/wp-json\/wp\/v2\/pages\/29\"><input class=\"o-anti-bot\" type=\"checkbox\"><\/div>\n\n\n<div id=\"wp-block-themeisle-blocks-form-textarea-84e95a2a\" class=\"wp-block-themeisle-blocks-form-textarea\"><label for=\"wp-block-themeisle-blocks-form-textarea-84e95a2a-input\" class=\"otter-form-textarea-label\"><span class=\"otter-form-textarea-label__label\">Mes\u00adsage<\/span><\/label><textarea id=\"wp-block-themeisle-blocks-form-textarea-84e95a2a-input\" rows=\"10\" class=\"otter-form-textarea-input\"><\/textarea><\/div>\n\n\n\n<p class=\"has-extra-small-font-size\">You agree to receive email com\u00admu\u00adni\u00adca\u00adtion from us by sub\u00admit\u00adting this form and under\u00adstand that your con\u00adtact infor\u00adma\u00adtion will be stored with us.<\/p>\n<div class=\"wp-block-button\"><button class=\"wp-block-button__link\" type=\"submit\">Submit<\/button><\/div><\/form><\/div>\n\n\n<div style=\"height:400pxpx;\" class=\"wp-block-themeisle-blocks-leaflet-map\" id=\"wp-block-themeisle-blocks-leaflet-map-0b36658c\"><\/div>\n<script type=\"text\/javascript\">\n\t\/* <![CDATA[ *\/\n\t\tif ( ! window.themeisleLeafletMaps ) window.themeisleLeafletMaps =[];\n\t\twindow.themeisleLeafletMaps.push( { container: \"wp-block-themeisle-blocks-leaflet-map-0b36658c\", attributes: {\"id\":\"wp-block-themeisle-blocks-leaflet-map-0b36658c\",\"location\":\"Yp\\u00e4j\\u00e4, Suomi\",\"latitude\":\"60.80464293712992\",\"longitude\":\"23.281316757202152\",\"bbox\":\"23.26329231262207,60.800451684778906,23.29934120178223,60.80882513768641\",\"zoom\":15,\"height\":\"400px\",\"markers\":[],\"zoomControl\":true,\"draggable\":true,\"hasCustomCSS\":false,\"customCSS\":\"\",\"otterConditions\":[]} } );\n\t\/* ]]> *\/\n<\/script>\n","protected":false},"excerpt":{"rendered":"<p>Ole mei\u00adhin yhtey\u00addess\u00e4 s\u00e4hk\u00f6\u00adpostin tai puhe\u00adli\u00admen kaut\u00adta. Puh. 040 4872648<\/p>\n","protected":false},"author":48,"featured_media":0,"parent":0,"menu_order":0,"comment_status":"closed","ping_status":"closed","template":"","meta":{"wp_typography_post_enhancements_disabled":false,"_themeisle_gutenberg_block_has_review":false,"footnotes":""},"class_list":["post-29","page","type-page","status-publish","hentry"],"yoast_head":"<!-- This site is optimized with the Yoast SEO plugin v26.5 - https:\/\/yoast.com\/wordpress\/plugins\/seo\/ -->\n<title>Yhteystiedot - Hair&amp;Style Yp\u00e4j\u00e4<\/title>\n<meta name=\"robots\" content=\"index, follow, max-snippet:-1, max-image-preview:large, max-video-preview:-1\" \/>\n<link rel=\"canonical\" href=\"https:\/\/wp3.novida.fi\/med24seer\/yhteystiedot\/\" \/>\n<meta property=\"og:locale\" content=\"en_GB\" \/>\n<meta property=\"og:type\" content=\"article\" \/>\n<meta property=\"og:title\" content=\"Yhteystiedot - Hair&amp;Style Yp\u00e4j\u00e4\" \/>\n<meta property=\"og:description\" content=\"Ole mei\u00adhin yhtey\u00addess\u00e4 s\u00e4hk\u00f6\u00adpostin tai puhe\u00adli\u00admen kaut\u00adta. Puh. 040 4872648\" \/>\n<meta property=\"og:url\" content=\"https:\/\/wp3.novida.fi\/med24seer\/yhteystiedot\/\" \/>\n<meta property=\"og:site_name\" content=\"Hair&amp;Style Yp\u00e4j\u00e4\" \/>\n<meta property=\"article:modified_time\" content=\"2026-01-20T07:30:41+00:00\" \/>\n<meta name=\"twitter:card\" content=\"summary_large_image\" \/>\n<meta name=\"twitter:label1\" content=\"Estimated reading time\" \/>\n\t<meta name=\"twitter:data1\" content=\"1 minute\" \/>\n<script type=\"application\/ld+json\" class=\"yoast-schema-graph\">{\"@context\":\"https:\/\/schema.org\",\"@graph\":[{\"@type\":\"WebPage\",\"@id\":\"https:\/\/wp3.novida.fi\/med24seer\/yhteystiedot\/\",\"url\":\"https:\/\/wp3.novida.fi\/med24seer\/yhteystiedot\/\",\"name\":\"Yhteystiedot - Hair&amp;Style Yp\u00e4j\u00e4\",\"isPartOf\":{\"@id\":\"https:\/\/wp3.novida.fi\/med24seer\/#website\"},\"datePublished\":\"2025-12-12T10:40:19+00:00\",\"dateModified\":\"2026-01-20T07:30:41+00:00\",\"breadcrumb\":{\"@id\":\"https:\/\/wp3.novida.fi\/med24seer\/yhteystiedot\/#breadcrumb\"},\"inLanguage\":\"en-GB\",\"potentialAction\":[{\"@type\":\"ReadAction\",\"target\":[\"https:\/\/wp3.novida.fi\/med24seer\/yhteystiedot\/\"]}]},{\"@type\":\"BreadcrumbList\",\"@id\":\"https:\/\/wp3.novida.fi\/med24seer\/yhteystiedot\/#breadcrumb\",\"itemListElement\":[{\"@type\":\"ListItem\",\"position\":1,\"name\":\"Home\",\"item\":\"https:\/\/wp3.novida.fi\/med24seer\/\"},{\"@type\":\"ListItem\",\"position\":2,\"name\":\"Yhteystiedot\"}]},{\"@type\":\"WebSite\",\"@id\":\"https:\/\/wp3.novida.fi\/med24seer\/#website\",\"url\":\"https:\/\/wp3.novida.fi\/med24seer\/\",\"name\":\"Hair&amp;Style Yp\u00e4j\u00e4\",\"description\":\"\",\"publisher\":{\"@id\":\"https:\/\/wp3.novida.fi\/med24seer\/#organization\"},\"potentialAction\":[{\"@type\":\"SearchAction\",\"target\":{\"@type\":\"EntryPoint\",\"urlTemplate\":\"https:\/\/wp3.novida.fi\/med24seer\/?s={search_term_string}\"},\"query-input\":{\"@type\":\"PropertyValueSpecification\",\"valueRequired\":true,\"valueName\":\"search_term_string\"}}],\"inLanguage\":\"en-GB\"},{\"@type\":\"Organization\",\"@id\":\"https:\/\/wp3.novida.fi\/med24seer\/#organization\",\"name\":\"Hair&amp;Style Yp\u00e4j\u00e4\",\"url\":\"https:\/\/wp3.novida.fi\/med24seer\/\",\"logo\":{\"@type\":\"ImageObject\",\"inLanguage\":\"en-GB\",\"@id\":\"https:\/\/wp3.novida.fi\/med24seer\/#\/schema\/logo\/image\/\",\"url\":\"https:\/\/wp3.novida.fi\/med24seer\/wp-content\/uploads\/sites\/44\/2025\/12\/cropped-Screenshot-2025-12-16-at-8.34.21.png\",\"contentUrl\":\"https:\/\/wp3.novida.fi\/med24seer\/wp-content\/uploads\/sites\/44\/2025\/12\/cropped-Screenshot-2025-12-16-at-8.34.21.png\",\"width\":512,\"height\":512,\"caption\":\"Hair&amp;Style Yp\u00e4j\u00e4\"},\"image\":{\"@id\":\"https:\/\/wp3.novida.fi\/med24seer\/#\/schema\/logo\/image\/\"}}]}<\/script>\n<!-- \/ Yoast SEO plugin. -->","yoast_head_json":{"title":"Yhteystiedot - Hair&amp;Style Yp\u00e4j\u00e4","robots":{"index":"index","follow":"follow","max-snippet":"max-snippet:-1","max-image-preview":"max-image-preview:large","max-video-preview":"max-video-preview:-1"},"canonical":"https:\/\/wp3.novida.fi\/med24seer\/yhteystiedot\/","og_locale":"en_GB","og_type":"article","og_title":"Yhteystiedot - Hair&amp;Style Yp\u00e4j\u00e4","og_description":"Ole mei\u00adhin yhtey\u00addess\u00e4 s\u00e4hk\u00f6\u00adpostin tai puhe\u00adli\u00admen kaut\u00adta. Puh. 040 4872648","og_url":"https:\/\/wp3.novida.fi\/med24seer\/yhteystiedot\/","og_site_name":"Hair&amp;Style Yp\u00e4j\u00e4","article_modified_time":"2026-01-20T07:30:41+00:00","twitter_card":"summary_large_image","twitter_misc":{"Estimated reading time":"1 minute"},"schema":{"@context":"https:\/\/schema.org","@graph":[{"@type":"WebPage","@id":"https:\/\/wp3.novida.fi\/med24seer\/yhteystiedot\/","url":"https:\/\/wp3.novida.fi\/med24seer\/yhteystiedot\/","name":"Yhteystiedot - Hair&amp;Style Yp\u00e4j\u00e4","isPartOf":{"@id":"https:\/\/wp3.novida.fi\/med24seer\/#website"},"datePublished":"2025-12-12T10:40:19+00:00","dateModified":"2026-01-20T07:30:41+00:00","breadcrumb":{"@id":"https:\/\/wp3.novida.fi\/med24seer\/yhteystiedot\/#breadcrumb"},"inLanguage":"en-GB","potentialAction":[{"@type":"ReadAction","target":["https:\/\/wp3.novida.fi\/med24seer\/yhteystiedot\/"]}]},{"@type":"BreadcrumbList","@id":"https:\/\/wp3.novida.fi\/med24seer\/yhteystiedot\/#breadcrumb","itemListElement":[{"@type":"ListItem","position":1,"name":"Home","item":"https:\/\/wp3.novida.fi\/med24seer\/"},{"@type":"ListItem","position":2,"name":"Yhteystiedot"}]},{"@type":"WebSite","@id":"https:\/\/wp3.novida.fi\/med24seer\/#website","url":"https:\/\/wp3.novida.fi\/med24seer\/","name":"Hair&amp;Style Yp\u00e4j\u00e4","description":"","publisher":{"@id":"https:\/\/wp3.novida.fi\/med24seer\/#organization"},"potentialAction":[{"@type":"SearchAction","target":{"@type":"EntryPoint","urlTemplate":"https:\/\/wp3.novida.fi\/med24seer\/?s={search_term_string}"},"query-input":{"@type":"PropertyValueSpecification","valueRequired":true,"valueName":"search_term_string"}}],"inLanguage":"en-GB"},{"@type":"Organization","@id":"https:\/\/wp3.novida.fi\/med24seer\/#organization","name":"Hair&amp;Style Yp\u00e4j\u00e4","url":"https:\/\/wp3.novida.fi\/med24seer\/","logo":{"@type":"ImageObject","inLanguage":"en-GB","@id":"https:\/\/wp3.novida.fi\/med24seer\/#\/schema\/logo\/image\/","url":"https:\/\/wp3.novida.fi\/med24seer\/wp-content\/uploads\/sites\/44\/2025\/12\/cropped-Screenshot-2025-12-16-at-8.34.21.png","contentUrl":"https:\/\/wp3.novida.fi\/med24seer\/wp-content\/uploads\/sites\/44\/2025\/12\/cropped-Screenshot-2025-12-16-at-8.34.21.png","width":512,"height":512,"caption":"Hair&amp;Style Yp\u00e4j\u00e4"},"image":{"@id":"https:\/\/wp3.novida.fi\/med24seer\/#\/schema\/logo\/image\/"}}]}},"_links":{"self":[{"href":"https:\/\/wp3.novida.fi\/med24seer\/wp-json\/wp\/v2\/pages\/29","targetHints":{"allow":["GET"]}}],"collection":[{"href":"https:\/\/wp3.novida.fi\/med24seer\/wp-json\/wp\/v2\/pages"}],"about":[{"href":"https:\/\/wp3.novida.fi\/med24seer\/wp-json\/wp\/v2\/types\/page"}],"author":[{"embeddable":true,"href":"https:\/\/wp3.novida.fi\/med24seer\/wp-json\/wp\/v2\/users\/48"}],"replies":[{"embeddable":true,"href":"https:\/\/wp3.novida.fi\/med24seer\/wp-json\/wp\/v2\/comments?post=29"}],"version-history":[{"count":14,"href":"https:\/\/wp3.novida.fi\/med24seer\/wp-json\/wp\/v2\/pages\/29\/revisions"}],"predecessor-version":[{"id":148,"href":"https:\/\/wp3.novida.fi\/med24seer\/wp-json\/wp\/v2\/pages\/29\/revisions\/148"}],"wp:attachment":[{"href":"https:\/\/wp3.novida.fi\/med24seer\/wp-json\/wp\/v2\/media?parent=29"}],"curies":[{"name":"wp","href":"https:\/\/api.w.org\/{rel}","templated":true}]}}