{"id":65,"date":"2025-12-04T10:13:20","date_gmt":"2025-12-04T10:13:20","guid":{"rendered":"https:\/\/wp3.novida.fi\/med24pusa\/?page_id=65"},"modified":"2026-01-21T10:09:06","modified_gmt":"2026-01-21T10:09:06","slug":"kissat","status":"publish","type":"page","link":"https:\/\/wp3.novida.fi\/med24pusa\/kissat\/","title":{"rendered":"Kissat"},"content":{"rendered":"\n<div id=\"wp-block-themeisle-blocks-advanced-columns-55b78b58\" class=\"wp-block-themeisle-blocks-advanced-columns alignfull has-2-columns has-desktop-equal-layout has-tablet-equal-layout has-mobile-collapsedRows-layout has-vertical-center ticss-c00aadba\"><div class=\"wp-block-themeisle-blocks-advanced-columns-overlay\"><\/div><div class=\"innerblocks-wrap\">\n<div id=\"wp-block-themeisle-blocks-advanced-column-d16eef57\" class=\"wp-block-themeisle-blocks-advanced-column\"><div class=\"wp-block-image is-style-rounded\">\n<figure class=\"aligncenter size-full\"><img loading=\"lazy\" decoding=\"async\" width=\"1280\" height=\"794\" src=\"https:\/\/wp3.novida.fi\/med24pusa\/wp-content\/uploads\/sites\/39\/2025\/12\/cat-5205591_1280.jpg\" alt class=\"wp-image-105\" style=\"aspect-ratio:4\/3;object-fit:cover\" srcset=\"https:\/\/wp3.novida.fi\/med24pusa\/wp-content\/uploads\/sites\/39\/2025\/12\/cat-5205591_1280.jpg 1280w, https:\/\/wp3.novida.fi\/med24pusa\/wp-content\/uploads\/sites\/39\/2025\/12\/cat-5205591_1280-300x186.jpg 300w, https:\/\/wp3.novida.fi\/med24pusa\/wp-content\/uploads\/sites\/39\/2025\/12\/cat-5205591_1280-1024x635.jpg 1024w, https:\/\/wp3.novida.fi\/med24pusa\/wp-content\/uploads\/sites\/39\/2025\/12\/cat-5205591_1280-768x476.jpg 768w, https:\/\/wp3.novida.fi\/med24pusa\/wp-content\/uploads\/sites\/39\/2025\/12\/cat-5205591_1280-435x270.jpg 435w\" sizes=\"auto, (max-width: 1280px) 100vw, 1280px\"><\/figure>\n<\/div>\n\n\n<h3 id=\"wp-block-themeisle-blocks-advanced-heading-af4a6933\" class=\"wp-block-themeisle-blocks-advanced-heading wp-block-themeisle-blocks-advanced-heading-af4a6933\">Taito<\/h3>\n\n\n\n<p class=\"has-text-align-center\">\u2640<\/p>\n\n\n\n<p class=\"has-text-align-center\">2v<br>#1 herkku\u00adjen ker\u00adj\u00e4\u00e4j\u00e4. Ujo mut\u00adta kilt\u00adti. <\/p>\n<\/div>\n\n\n\n<div id=\"wp-block-themeisle-blocks-advanced-column-bd1b0b6b\" class=\"wp-block-themeisle-blocks-advanced-column\"><div class=\"wp-block-image is-style-rounded\">\n<figure class=\"aligncenter size-full\"><img loading=\"lazy\" decoding=\"async\" width=\"1280\" height=\"853\" src=\"https:\/\/wp3.novida.fi\/med24pusa\/wp-content\/uploads\/sites\/39\/2025\/12\/cat-4429821_1280-1.jpg\" alt class=\"wp-image-103\" style=\"aspect-ratio:4\/3;object-fit:cover\" srcset=\"https:\/\/wp3.novida.fi\/med24pusa\/wp-content\/uploads\/sites\/39\/2025\/12\/cat-4429821_1280-1.jpg 1280w, https:\/\/wp3.novida.fi\/med24pusa\/wp-content\/uploads\/sites\/39\/2025\/12\/cat-4429821_1280-1-300x200.jpg 300w, https:\/\/wp3.novida.fi\/med24pusa\/wp-content\/uploads\/sites\/39\/2025\/12\/cat-4429821_1280-1-1024x682.jpg 1024w, https:\/\/wp3.novida.fi\/med24pusa\/wp-content\/uploads\/sites\/39\/2025\/12\/cat-4429821_1280-1-768x512.jpg 768w, https:\/\/wp3.novida.fi\/med24pusa\/wp-content\/uploads\/sites\/39\/2025\/12\/cat-4429821_1280-1-405x270.jpg 405w\" sizes=\"auto, (max-width: 1280px) 100vw, 1280px\"><\/figure>\n<\/div>\n\n\n<h3 id=\"wp-block-themeisle-blocks-advanced-heading-112ba0b0\" class=\"wp-block-themeisle-blocks-advanced-heading wp-block-themeisle-blocks-advanced-heading-112ba0b0\">Lumo<\/h3>\n\n\n\n<p class=\"has-text-align-center\">\u2640<\/p>\n\n\n\n<p class=\"has-text-align-center\">6kk<br>Ujo mut\u00adta utelias nuoren kissan alku.<\/p>\n<\/div>\n<\/div><\/div>\n\n\n\n<div id=\"wp-block-themeisle-blocks-advanced-columns-e43fdf9e\" class=\"wp-block-themeisle-blocks-advanced-columns alignfull has-2-columns has-desktop-equal-layout has-tablet-equal-layout has-mobile-collapsedRows-layout has-vertical-center ticss-c00aadba\"><div class=\"wp-block-themeisle-blocks-advanced-columns-overlay\"><\/div><div class=\"innerblocks-wrap\">\n<div id=\"wp-block-themeisle-blocks-advanced-column-450b7947\" class=\"wp-block-themeisle-blocks-advanced-column\"><div class=\"wp-block-image is-style-rounded\">\n<figure class=\"aligncenter size-full\"><img loading=\"lazy\" decoding=\"async\" width=\"1280\" height=\"853\" src=\"https:\/\/wp3.novida.fi\/med24pusa\/wp-content\/uploads\/sites\/39\/2025\/12\/cat-4541889_1280.jpg\" alt class=\"wp-image-115\" style=\"aspect-ratio:4\/3;object-fit:cover\" srcset=\"https:\/\/wp3.novida.fi\/med24pusa\/wp-content\/uploads\/sites\/39\/2025\/12\/cat-4541889_1280.jpg 1280w, https:\/\/wp3.novida.fi\/med24pusa\/wp-content\/uploads\/sites\/39\/2025\/12\/cat-4541889_1280-300x200.jpg 300w, https:\/\/wp3.novida.fi\/med24pusa\/wp-content\/uploads\/sites\/39\/2025\/12\/cat-4541889_1280-1024x682.jpg 1024w, https:\/\/wp3.novida.fi\/med24pusa\/wp-content\/uploads\/sites\/39\/2025\/12\/cat-4541889_1280-768x512.jpg 768w, https:\/\/wp3.novida.fi\/med24pusa\/wp-content\/uploads\/sites\/39\/2025\/12\/cat-4541889_1280-405x270.jpg 405w\" sizes=\"auto, (max-width: 1280px) 100vw, 1280px\"><\/figure>\n<\/div>\n\n\n<h3 id=\"wp-block-themeisle-blocks-advanced-heading-ddd2083f\" class=\"wp-block-themeisle-blocks-advanced-heading wp-block-themeisle-blocks-advanced-heading-ddd2083f\">Kiki<\/h3>\n\n\n\n<p class=\"has-text-align-center\">\u2640<\/p>\n\n\n\n<p class=\"has-text-align-center\">7v<br>Rauhalli\u00adnen, tykk\u00e4\u00e4 muiden kisso\u00adjen seuras\u00adta. <\/p>\n<\/div>\n\n\n\n<div id=\"wp-block-themeisle-blocks-advanced-column-b80679de\" class=\"wp-block-themeisle-blocks-advanced-column\"><div class=\"wp-block-image is-style-rounded\">\n<figure class=\"aligncenter size-full\"><img loading=\"lazy\" decoding=\"async\" width=\"1280\" height=\"853\" src=\"https:\/\/wp3.novida.fi\/med24pusa\/wp-content\/uploads\/sites\/39\/2025\/12\/cat-6946505_1280.jpg\" alt class=\"wp-image-116\" style=\"aspect-ratio:4\/3;object-fit:cover\" srcset=\"https:\/\/wp3.novida.fi\/med24pusa\/wp-content\/uploads\/sites\/39\/2025\/12\/cat-6946505_1280.jpg 1280w, https:\/\/wp3.novida.fi\/med24pusa\/wp-content\/uploads\/sites\/39\/2025\/12\/cat-6946505_1280-300x200.jpg 300w, https:\/\/wp3.novida.fi\/med24pusa\/wp-content\/uploads\/sites\/39\/2025\/12\/cat-6946505_1280-1024x682.jpg 1024w, https:\/\/wp3.novida.fi\/med24pusa\/wp-content\/uploads\/sites\/39\/2025\/12\/cat-6946505_1280-768x512.jpg 768w, https:\/\/wp3.novida.fi\/med24pusa\/wp-content\/uploads\/sites\/39\/2025\/12\/cat-6946505_1280-405x270.jpg 405w\" sizes=\"auto, (max-width: 1280px) 100vw, 1280px\"><\/figure>\n<\/div>\n\n\n<h3 id=\"wp-block-themeisle-blocks-advanced-heading-1a24a439\" class=\"wp-block-themeisle-blocks-advanced-heading wp-block-themeisle-blocks-advanced-heading-1a24a439\">Nox<\/h3>\n\n\n\n<p class=\"has-text-align-center\">\u2642<\/p>\n\n\n\n<p class=\"has-text-align-center\">4v<br>Todel\u00adla ihmis\u00adl\u00e4heinen, tykk\u00e4\u00e4 ottaa p\u00e4ikk\u00e4re\u00adit\u00e4 sylis\u00ads\u00e4. <\/p>\n<\/div>\n<\/div><\/div>\n\n\n\n<div id=\"wp-block-themeisle-blocks-advanced-columns-ca792637\" class=\"wp-block-themeisle-blocks-advanced-columns alignfull has-2-columns has-desktop-equal-layout has-tablet-equal-layout has-mobile-collapsedRows-layout has-vertical-center ticss-c00aadba\"><div class=\"wp-block-themeisle-blocks-advanced-columns-overlay\"><\/div><div class=\"innerblocks-wrap\">\n<div id=\"wp-block-themeisle-blocks-advanced-column-327c727b\" class=\"wp-block-themeisle-blocks-advanced-column\"><div class=\"wp-block-image is-style-rounded\">\n<figure class=\"aligncenter size-full\"><img loading=\"lazy\" decoding=\"async\" width=\"1280\" height=\"854\" src=\"https:\/\/wp3.novida.fi\/med24pusa\/wp-content\/uploads\/sites\/39\/2025\/12\/cat-8197577_1280.jpg\" alt class=\"wp-image-102\" style=\"aspect-ratio:4\/3;object-fit:cover\" srcset=\"https:\/\/wp3.novida.fi\/med24pusa\/wp-content\/uploads\/sites\/39\/2025\/12\/cat-8197577_1280.jpg 1280w, https:\/\/wp3.novida.fi\/med24pusa\/wp-content\/uploads\/sites\/39\/2025\/12\/cat-8197577_1280-300x200.jpg 300w, https:\/\/wp3.novida.fi\/med24pusa\/wp-content\/uploads\/sites\/39\/2025\/12\/cat-8197577_1280-1024x683.jpg 1024w, https:\/\/wp3.novida.fi\/med24pusa\/wp-content\/uploads\/sites\/39\/2025\/12\/cat-8197577_1280-768x512.jpg 768w, https:\/\/wp3.novida.fi\/med24pusa\/wp-content\/uploads\/sites\/39\/2025\/12\/cat-8197577_1280-405x270.jpg 405w\" sizes=\"auto, (max-width: 1280px) 100vw, 1280px\"><\/figure>\n<\/div>\n\n\n<h3 id=\"wp-block-themeisle-blocks-advanced-heading-469844a0\" class=\"wp-block-themeisle-blocks-advanced-heading wp-block-themeisle-blocks-advanced-heading-469844a0\">Masa<\/h3>\n\n\n\n<p class=\"has-text-align-center\">\u2642<\/p>\n\n\n\n<p class=\"has-text-align-center\">3v<br>Vil\u00adli ja vapaa, mut\u00adta varovainen. <\/p>\n<\/div>\n\n\n\n<div id=\"wp-block-themeisle-blocks-advanced-column-b395b755\" class=\"wp-block-themeisle-blocks-advanced-column\"><div class=\"wp-block-image is-style-rounded\">\n<figure class=\"aligncenter size-full\"><img loading=\"lazy\" decoding=\"async\" width=\"1280\" height=\"960\" src=\"https:\/\/wp3.novida.fi\/med24pusa\/wp-content\/uploads\/sites\/39\/2025\/12\/cat-1625838_1280.jpg\" alt class=\"wp-image-117\" style=\"aspect-ratio:4\/3;object-fit:cover\" srcset=\"https:\/\/wp3.novida.fi\/med24pusa\/wp-content\/uploads\/sites\/39\/2025\/12\/cat-1625838_1280.jpg 1280w, https:\/\/wp3.novida.fi\/med24pusa\/wp-content\/uploads\/sites\/39\/2025\/12\/cat-1625838_1280-300x225.jpg 300w, https:\/\/wp3.novida.fi\/med24pusa\/wp-content\/uploads\/sites\/39\/2025\/12\/cat-1625838_1280-1024x768.jpg 1024w, https:\/\/wp3.novida.fi\/med24pusa\/wp-content\/uploads\/sites\/39\/2025\/12\/cat-1625838_1280-768x576.jpg 768w, https:\/\/wp3.novida.fi\/med24pusa\/wp-content\/uploads\/sites\/39\/2025\/12\/cat-1625838_1280-360x270.jpg 360w\" sizes=\"auto, (max-width: 1280px) 100vw, 1280px\"><\/figure>\n<\/div>\n\n\n<h3 id=\"wp-block-themeisle-blocks-advanced-heading-5239759c\" class=\"wp-block-themeisle-blocks-advanced-heading wp-block-themeisle-blocks-advanced-heading-5239759c\">Mimi<\/h3>\n\n\n\n<p class=\"has-text-align-center\">\u2640<\/p>\n\n\n\n<p class=\"has-text-align-center\">9v<br>Van\u00adhak\u00adsi kissak\u00adsi ket\u00adter\u00e4, rakas\u00adtaa kiipeily\u00e4. <\/p>\n<\/div>\n<\/div><\/div>\n","protected":false},"excerpt":{"rendered":"","protected":false},"author":43,"featured_media":0,"parent":0,"menu_order":0,"comment_status":"closed","ping_status":"closed","template":"","meta":{"wp_typography_post_enhancements_disabled":false,"_themeisle_gutenberg_block_has_review":false,"footnotes":""},"class_list":["post-65","page","type-page","status-publish","hentry"],"yoast_head":"<!-- This site is optimized with the Yoast SEO plugin v26.5 - https:\/\/yoast.com\/wordpress\/plugins\/seo\/ -->\n<title>Kissat - LoiMauMau<\/title>\n<meta name=\"robots\" content=\"index, follow, max-snippet:-1, max-image-preview:large, max-video-preview:-1\" \/>\n<link rel=\"canonical\" href=\"https:\/\/wp3.novida.fi\/med24pusa\/kissat\/\" \/>\n<meta property=\"og:locale\" content=\"en_GB\" \/>\n<meta property=\"og:type\" content=\"article\" \/>\n<meta property=\"og:title\" content=\"Kissat - LoiMauMau\" \/>\n<meta property=\"og:url\" content=\"https:\/\/wp3.novida.fi\/med24pusa\/kissat\/\" \/>\n<meta property=\"og:site_name\" content=\"LoiMauMau\" \/>\n<meta property=\"article:modified_time\" content=\"2026-01-21T10:09:06+00:00\" \/>\n<meta property=\"og:image\" content=\"https:\/\/wp3.novida.fi\/med24pusa\/wp-content\/uploads\/sites\/39\/2025\/12\/cat-5205591_1280.jpg\" \/>\n\t<meta property=\"og:image:width\" content=\"1280\" \/>\n\t<meta property=\"og:image:height\" content=\"794\" \/>\n\t<meta property=\"og:image:type\" content=\"image\/jpeg\" \/>\n<meta name=\"twitter:card\" content=\"summary_large_image\" \/>\n<meta name=\"twitter:label1\" content=\"Estimated reading time\" \/>\n\t<meta name=\"twitter:data1\" content=\"2 minutes\" \/>\n<script type=\"application\/ld+json\" class=\"yoast-schema-graph\">{\"@context\":\"https:\/\/schema.org\",\"@graph\":[{\"@type\":\"WebPage\",\"@id\":\"https:\/\/wp3.novida.fi\/med24pusa\/kissat\/\",\"url\":\"https:\/\/wp3.novida.fi\/med24pusa\/kissat\/\",\"name\":\"Kissat - LoiMauMau\",\"isPartOf\":{\"@id\":\"https:\/\/wp3.novida.fi\/med24pusa\/#website\"},\"primaryImageOfPage\":{\"@id\":\"https:\/\/wp3.novida.fi\/med24pusa\/kissat\/#primaryimage\"},\"image\":{\"@id\":\"https:\/\/wp3.novida.fi\/med24pusa\/kissat\/#primaryimage\"},\"thumbnailUrl\":\"https:\/\/wp3.novida.fi\/med24pusa\/wp-content\/uploads\/sites\/39\/2025\/12\/cat-5205591_1280.jpg\",\"datePublished\":\"2025-12-04T10:13:20+00:00\",\"dateModified\":\"2026-01-21T10:09:06+00:00\",\"breadcrumb\":{\"@id\":\"https:\/\/wp3.novida.fi\/med24pusa\/kissat\/#breadcrumb\"},\"inLanguage\":\"en-GB\",\"potentialAction\":[{\"@type\":\"ReadAction\",\"target\":[\"https:\/\/wp3.novida.fi\/med24pusa\/kissat\/\"]}]},{\"@type\":\"ImageObject\",\"inLanguage\":\"en-GB\",\"@id\":\"https:\/\/wp3.novida.fi\/med24pusa\/kissat\/#primaryimage\",\"url\":\"https:\/\/wp3.novida.fi\/med24pusa\/wp-content\/uploads\/sites\/39\/2025\/12\/cat-5205591_1280.jpg\",\"contentUrl\":\"https:\/\/wp3.novida.fi\/med24pusa\/wp-content\/uploads\/sites\/39\/2025\/12\/cat-5205591_1280.jpg\",\"width\":1280,\"height\":794},{\"@type\":\"BreadcrumbList\",\"@id\":\"https:\/\/wp3.novida.fi\/med24pusa\/kissat\/#breadcrumb\",\"itemListElement\":[{\"@type\":\"ListItem\",\"position\":1,\"name\":\"Home\",\"item\":\"https:\/\/wp3.novida.fi\/med24pusa\/\"},{\"@type\":\"ListItem\",\"position\":2,\"name\":\"Kissat\"}]},{\"@type\":\"WebSite\",\"@id\":\"https:\/\/wp3.novida.fi\/med24pusa\/#website\",\"url\":\"https:\/\/wp3.novida.fi\/med24pusa\/\",\"name\":\"LoiMauMau\",\"description\":\"kissakahvila\",\"publisher\":{\"@id\":\"https:\/\/wp3.novida.fi\/med24pusa\/#organization\"},\"potentialAction\":[{\"@type\":\"SearchAction\",\"target\":{\"@type\":\"EntryPoint\",\"urlTemplate\":\"https:\/\/wp3.novida.fi\/med24pusa\/?s={search_term_string}\"},\"query-input\":{\"@type\":\"PropertyValueSpecification\",\"valueRequired\":true,\"valueName\":\"search_term_string\"}}],\"inLanguage\":\"en-GB\"},{\"@type\":\"Organization\",\"@id\":\"https:\/\/wp3.novida.fi\/med24pusa\/#organization\",\"name\":\"LoiMauMau\",\"url\":\"https:\/\/wp3.novida.fi\/med24pusa\/\",\"logo\":{\"@type\":\"ImageObject\",\"inLanguage\":\"en-GB\",\"@id\":\"https:\/\/wp3.novida.fi\/med24pusa\/#\/schema\/logo\/image\/\",\"url\":\"https:\/\/wp3.novida.fi\/med24pusa\/wp-content\/uploads\/sites\/39\/2025\/12\/cropped-Asset-1.png\",\"contentUrl\":\"https:\/\/wp3.novida.fi\/med24pusa\/wp-content\/uploads\/sites\/39\/2025\/12\/cropped-Asset-1.png\",\"width\":902,\"height\":837,\"caption\":\"LoiMauMau\"},\"image\":{\"@id\":\"https:\/\/wp3.novida.fi\/med24pusa\/#\/schema\/logo\/image\/\"}}]}<\/script>\n<!-- \/ Yoast SEO plugin. -->","yoast_head_json":{"title":"Kissat - LoiMauMau","robots":{"index":"index","follow":"follow","max-snippet":"max-snippet:-1","max-image-preview":"max-image-preview:large","max-video-preview":"max-video-preview:-1"},"canonical":"https:\/\/wp3.novida.fi\/med24pusa\/kissat\/","og_locale":"en_GB","og_type":"article","og_title":"Kissat - LoiMauMau","og_url":"https:\/\/wp3.novida.fi\/med24pusa\/kissat\/","og_site_name":"LoiMauMau","article_modified_time":"2026-01-21T10:09:06+00:00","og_image":[{"width":1280,"height":794,"url":"https:\/\/wp3.novida.fi\/med24pusa\/wp-content\/uploads\/sites\/39\/2025\/12\/cat-5205591_1280.jpg","type":"image\/jpeg"}],"twitter_card":"summary_large_image","twitter_misc":{"Estimated reading time":"2 minutes"},"schema":{"@context":"https:\/\/schema.org","@graph":[{"@type":"WebPage","@id":"https:\/\/wp3.novida.fi\/med24pusa\/kissat\/","url":"https:\/\/wp3.novida.fi\/med24pusa\/kissat\/","name":"Kissat - LoiMauMau","isPartOf":{"@id":"https:\/\/wp3.novida.fi\/med24pusa\/#website"},"primaryImageOfPage":{"@id":"https:\/\/wp3.novida.fi\/med24pusa\/kissat\/#primaryimage"},"image":{"@id":"https:\/\/wp3.novida.fi\/med24pusa\/kissat\/#primaryimage"},"thumbnailUrl":"https:\/\/wp3.novida.fi\/med24pusa\/wp-content\/uploads\/sites\/39\/2025\/12\/cat-5205591_1280.jpg","datePublished":"2025-12-04T10:13:20+00:00","dateModified":"2026-01-21T10:09:06+00:00","breadcrumb":{"@id":"https:\/\/wp3.novida.fi\/med24pusa\/kissat\/#breadcrumb"},"inLanguage":"en-GB","potentialAction":[{"@type":"ReadAction","target":["https:\/\/wp3.novida.fi\/med24pusa\/kissat\/"]}]},{"@type":"ImageObject","inLanguage":"en-GB","@id":"https:\/\/wp3.novida.fi\/med24pusa\/kissat\/#primaryimage","url":"https:\/\/wp3.novida.fi\/med24pusa\/wp-content\/uploads\/sites\/39\/2025\/12\/cat-5205591_1280.jpg","contentUrl":"https:\/\/wp3.novida.fi\/med24pusa\/wp-content\/uploads\/sites\/39\/2025\/12\/cat-5205591_1280.jpg","width":1280,"height":794},{"@type":"BreadcrumbList","@id":"https:\/\/wp3.novida.fi\/med24pusa\/kissat\/#breadcrumb","itemListElement":[{"@type":"ListItem","position":1,"name":"Home","item":"https:\/\/wp3.novida.fi\/med24pusa\/"},{"@type":"ListItem","position":2,"name":"Kissat"}]},{"@type":"WebSite","@id":"https:\/\/wp3.novida.fi\/med24pusa\/#website","url":"https:\/\/wp3.novida.fi\/med24pusa\/","name":"LoiMauMau","description":"kissakahvila","publisher":{"@id":"https:\/\/wp3.novida.fi\/med24pusa\/#organization"},"potentialAction":[{"@type":"SearchAction","target":{"@type":"EntryPoint","urlTemplate":"https:\/\/wp3.novida.fi\/med24pusa\/?s={search_term_string}"},"query-input":{"@type":"PropertyValueSpecification","valueRequired":true,"valueName":"search_term_string"}}],"inLanguage":"en-GB"},{"@type":"Organization","@id":"https:\/\/wp3.novida.fi\/med24pusa\/#organization","name":"LoiMauMau","url":"https:\/\/wp3.novida.fi\/med24pusa\/","logo":{"@type":"ImageObject","inLanguage":"en-GB","@id":"https:\/\/wp3.novida.fi\/med24pusa\/#\/schema\/logo\/image\/","url":"https:\/\/wp3.novida.fi\/med24pusa\/wp-content\/uploads\/sites\/39\/2025\/12\/cropped-Asset-1.png","contentUrl":"https:\/\/wp3.novida.fi\/med24pusa\/wp-content\/uploads\/sites\/39\/2025\/12\/cropped-Asset-1.png","width":902,"height":837,"caption":"LoiMauMau"},"image":{"@id":"https:\/\/wp3.novida.fi\/med24pusa\/#\/schema\/logo\/image\/"}}]}},"_links":{"self":[{"href":"https:\/\/wp3.novida.fi\/med24pusa\/wp-json\/wp\/v2\/pages\/65","targetHints":{"allow":["GET"]}}],"collection":[{"href":"https:\/\/wp3.novida.fi\/med24pusa\/wp-json\/wp\/v2\/pages"}],"about":[{"href":"https:\/\/wp3.novida.fi\/med24pusa\/wp-json\/wp\/v2\/types\/page"}],"author":[{"embeddable":true,"href":"https:\/\/wp3.novida.fi\/med24pusa\/wp-json\/wp\/v2\/users\/43"}],"replies":[{"embeddable":true,"href":"https:\/\/wp3.novida.fi\/med24pusa\/wp-json\/wp\/v2\/comments?post=65"}],"version-history":[{"count":19,"href":"https:\/\/wp3.novida.fi\/med24pusa\/wp-json\/wp\/v2\/pages\/65\/revisions"}],"predecessor-version":[{"id":755,"href":"https:\/\/wp3.novida.fi\/med24pusa\/wp-json\/wp\/v2\/pages\/65\/revisions\/755"}],"wp:attachment":[{"href":"https:\/\/wp3.novida.fi\/med24pusa\/wp-json\/wp\/v2\/media?parent=65"}],"curies":[{"name":"wp","href":"https:\/\/api.w.org\/{rel}","templated":true}]}}