{"id":264,"date":"2025-12-11T10:37:22","date_gmt":"2025-12-11T10:37:22","guid":{"rendered":"https:\/\/wp3.novida.fi\/med24pusa\/?page_id=264"},"modified":"2026-01-21T09:53:45","modified_gmt":"2026-01-21T09:53:45","slug":"syotavat","status":"publish","type":"page","link":"https:\/\/wp3.novida.fi\/med24pusa\/syotavat\/","title":{"rendered":"Sy\u00f6t\u00e4v\u00e4t"},"content":{"rendered":"\n<div id=\"wp-block-themeisle-blocks-flip-56543d15\" class=\"wp-block-themeisle-blocks-flip anim flipY\"><div class=\"o-flip-inner\"><div class=\"o-flip-front\"><div class=\"o-flip-content\"><h3><strong>Keitot<\/strong><\/h3><p><\/p><\/div><\/div><div class=\"o-flip-back\">\n<div id=\"wp-block-themeisle-blocks-advanced-columns-7f3df300\" class=\"wp-block-themeisle-blocks-advanced-columns has-3-columns has-desktop-equal-layout has-tablet-equal-layout has-mobile-collapsedRows-layout has-vertical-unset\"><div class=\"wp-block-themeisle-blocks-advanced-columns-overlay\"><\/div><div class=\"innerblocks-wrap\">\n<div id=\"wp-block-themeisle-blocks-advanced-column-a4529324\" class=\"wp-block-themeisle-blocks-advanced-column\">\n<p class=\"has-text-color has-link-color wp-elements-9f663c904ed7c1c7a76cc3a9f047c8d3\" style=\"color:#f27127;font-size:33px\">\u2193<\/p>\n<\/div>\n\n\n\n<div id=\"wp-block-themeisle-blocks-advanced-column-cf9ac10b\" class=\"wp-block-themeisle-blocks-advanced-column\">\n<h2 class=\"wp-block-heading ticss-e10bc11d\">Kalakeitto<\/h2>\n\n\n\n<p>\u2500\u2500\u2500\u2500\u0b68\u09ce\u2500\u2500\u2500\u2500<\/p>\n\n\n\n<h2 class=\"wp-block-heading\">Kanakeitto<\/h2>\n\n\n\n<p class=\"has-text-color has-link-color wp-elements-c522451d29427bdad8c89229033848d1\" style=\"color:#f27127\">\u2500\u2500\u2500\u2500\u0b68\u09ce\u2500\u2500\u2500\u2500<\/p>\n\n\n\n<h2 class=\"wp-block-heading\">Lihakeitto<\/h2>\n\n\n\n<p>\u2500\u2500\u2500\u2500\u0b68\u09ce\u2500\u2500\u2500\u2500<\/p>\n\n\n\n<h2 class=\"wp-block-heading ticss-e10bc11d\">Kasvissosekeitto<\/h2>\n<\/div>\n\n\n\n<div id=\"wp-block-themeisle-blocks-advanced-column-960bf0d8\" class=\"wp-block-themeisle-blocks-advanced-column\">\n<p class=\"has-text-color has-link-color wp-elements-9f663c904ed7c1c7a76cc3a9f047c8d3\" style=\"color:#f27127;font-size:33px\">\u2193<\/p>\n<\/div>\n<\/div><\/div>\n<\/div><\/div><\/div>\n\n\n\n<div id=\"wp-block-themeisle-blocks-flip-96d0eb72\" class=\"wp-block-themeisle-blocks-flip anim flipY\"><div class=\"o-flip-inner\"><div class=\"o-flip-front\"><div class=\"o-flip-content\"><h3><strong>Salaatit<\/strong><\/h3><p><\/p><\/div><\/div><div class=\"o-flip-back\">\n<div id=\"wp-block-themeisle-blocks-advanced-columns-19c09a4a\" class=\"wp-block-themeisle-blocks-advanced-columns has-3-columns has-desktop-equal-layout has-tablet-equal-layout has-mobile-collapsedRows-layout has-vertical-unset\"><div class=\"wp-block-themeisle-blocks-advanced-columns-overlay\"><\/div><div class=\"innerblocks-wrap\">\n<div id=\"wp-block-themeisle-blocks-advanced-column-cb456fa0\" class=\"wp-block-themeisle-blocks-advanced-column\">\n<p class=\"has-text-color has-link-color wp-elements-9f663c904ed7c1c7a76cc3a9f047c8d3\" style=\"color:#f27127;font-size:33px\">\u2193<\/p>\n<\/div>\n\n\n\n<div id=\"wp-block-themeisle-blocks-advanced-column-b8cd6e89\" class=\"wp-block-themeisle-blocks-advanced-column\">\n<h2 class=\"wp-block-heading ticss-e10bc11d\">Kana<\/h2>\n\n\n\n<p class=\"has-text-color has-link-color wp-elements-c522451d29427bdad8c89229033848d1\" style=\"color:#f27127\">\u2500\u2500\u2500\u2500\u0b68\u09ce\u2500\u2500\u2500\u2500<\/p>\n\n\n\n<h2 class=\"wp-block-heading ticss-e10bc11d\">Kala<\/h2>\n\n\n\n<p>\u2500\u2500\u2500\u2500\u0b68\u09ce\u2500\u2500\u2500\u2500<\/p>\n\n\n\n<h2 class=\"wp-block-heading\">Peruna<\/h2>\n\n\n\n<p class=\"has-text-color has-link-color wp-elements-c522451d29427bdad8c89229033848d1\" style=\"color:#f27127\">\u2500\u2500\u2500\u2500\u0b68\u09ce\u2500\u2500\u2500\u2500<\/p>\n\n\n\n<h2 class=\"wp-block-heading\">Viher<\/h2>\n\n\n\n<p>\u2500\u2500\u2500\u2500\u0b68\u09ce\u2500\u2500\u2500\u2500<\/p>\n\n\n\n<h2 class=\"wp-block-heading ticss-e10bc11d\">Feta<\/h2>\n\n\n\n<p class=\"has-text-color has-link-color wp-elements-c522451d29427bdad8c89229033848d1\" style=\"color:#f27127\">\u2500\u2500\u2500\u2500\u0b68\u09ce\u2500\u2500\u2500\u2500<\/p>\n\n\n\n<h2 class=\"wp-block-heading ticss-e10bc11d\">Mozzarella<\/h2>\n<\/div>\n\n\n\n<div id=\"wp-block-themeisle-blocks-advanced-column-684b9f9e\" class=\"wp-block-themeisle-blocks-advanced-column\">\n<p class=\"has-text-color has-link-color wp-elements-9f663c904ed7c1c7a76cc3a9f047c8d3\" style=\"color:#f27127;font-size:33px\">\u2193<\/p>\n<\/div>\n<\/div><\/div>\n<\/div><\/div><\/div>\n\n\n\n<div id=\"wp-block-themeisle-blocks-flip-62f1a5c3\" class=\"wp-block-themeisle-blocks-flip anim flipY\"><div class=\"o-flip-inner\"><div class=\"o-flip-front\"><div class=\"o-flip-content\"><h3><strong>S\u00e4mpyl\u00e4t \/ Leiv\u00e4t<\/strong><\/h3><p>x<\/p><\/div><\/div><div class=\"o-flip-back\">\n<div id=\"wp-block-themeisle-blocks-advanced-columns-ed9f2a34\" class=\"wp-block-themeisle-blocks-advanced-columns has-3-columns has-desktop-equal-layout has-tablet-equal-layout has-mobile-collapsedRows-layout has-vertical-unset\"><div class=\"wp-block-themeisle-blocks-advanced-columns-overlay\"><\/div><div class=\"innerblocks-wrap\">\n<div id=\"wp-block-themeisle-blocks-advanced-column-781fa687\" class=\"wp-block-themeisle-blocks-advanced-column\">\n<p class=\"has-text-color has-link-color wp-elements-9f663c904ed7c1c7a76cc3a9f047c8d3\" style=\"color:#f27127;font-size:33px\">\u2193<\/p>\n<\/div>\n\n\n\n<div id=\"wp-block-themeisle-blocks-advanced-column-3cd35b2d\" class=\"wp-block-themeisle-blocks-advanced-column\">\n<h2 class=\"wp-block-heading ticss-e10bc11d\">T\u00e4ytetyt leiv\u00e4t <\/h2>\n\n\n\n<p>kinkku-juus\u00adto, kana, kasvis, ton\u00adnikala.. <\/p>\n\n\n\n<p class=\"has-text-color has-link-color wp-elements-c522451d29427bdad8c89229033848d1\" style=\"color:#f27127\">\u2500\u2500\u2500\u2500\u0b68\u09ce\u2500\u2500\u2500\u2500<\/p>\n\n\n\n<h2 class=\"wp-block-heading ticss-e10bc11d\">Panini<\/h2>\n\n\n\n<p>\u2500\u2500\u2500\u2500\u0b68\u09ce\u2500\u2500\u2500\u2500<\/p>\n\n\n\n<h2 class=\"wp-block-heading\">Croissant<\/h2>\n\n\n\n<p class=\"has-text-color has-link-color wp-elements-c522451d29427bdad8c89229033848d1\" style=\"color:#f27127\">\u2500\u2500\u2500\u2500\u0b68\u09ce\u2500\u2500\u2500\u2500<\/p>\n\n\n\n<h2 class=\"wp-block-heading ticss-e10bc11d\">Voi croissant<\/h2>\n\n\n\n<p>\u2500\u2500\u2500\u2500\u0b68\u09ce\u2500\u2500\u2500\u2500<\/p>\n\n\n\n<h2 class=\"wp-block-heading\">T\u00e4ytetty croissant<\/h2>\n\n\n\n<p>Juus\u00adto, kinkku, suk\u00adlaa..<\/p>\n<\/div>\n\n\n\n<div id=\"wp-block-themeisle-blocks-advanced-column-036bb2de\" class=\"wp-block-themeisle-blocks-advanced-column\">\n<p class=\"has-text-color has-link-color wp-elements-9f663c904ed7c1c7a76cc3a9f047c8d3\" style=\"color:#f27127;font-size:33px\">\u2193<\/p>\n<\/div>\n<\/div><\/div>\n<\/div><\/div><\/div>\n\n\n\n<div id=\"wp-block-themeisle-blocks-flip-194ef8a0\" class=\"wp-block-themeisle-blocks-flip anim flipY\"><div class=\"o-flip-inner\"><div class=\"o-flip-front\"><div class=\"o-flip-content\"><h3><strong>Uunituoreet<\/strong><\/h3><p><\/p><\/div><\/div><div class=\"o-flip-back\">\n<div id=\"wp-block-themeisle-blocks-advanced-columns-7693bedb\" class=\"wp-block-themeisle-blocks-advanced-columns has-3-columns has-desktop-equal-layout has-tablet-equal-layout has-mobile-collapsedRows-layout has-vertical-unset\"><div class=\"wp-block-themeisle-blocks-advanced-columns-overlay\"><\/div><div class=\"innerblocks-wrap\">\n<div id=\"wp-block-themeisle-blocks-advanced-column-6fcc506c\" class=\"wp-block-themeisle-blocks-advanced-column\">\n<p class=\"has-text-color has-link-color wp-elements-9f663c904ed7c1c7a76cc3a9f047c8d3\" style=\"color:#f27127;font-size:33px\">\u2193<\/p>\n<\/div>\n\n\n\n<div id=\"wp-block-themeisle-blocks-advanced-column-721e9a26\" class=\"wp-block-themeisle-blocks-advanced-column\">\n<h2 class=\"wp-block-heading ticss-e10bc11d\">Pasteija<\/h2>\n\n\n\n<p class=\"has-text-color has-link-color wp-elements-c522451d29427bdad8c89229033848d1\" style=\"color:#f27127\">\u2500\u2500\u2500\u2500\u0b68\u09ce\u2500\u2500\u2500\u2500<\/p>\n\n\n\n<h2 class=\"wp-block-heading ticss-e10bc11d\">Karjalanpiirakat<\/h2>\n\n\n\n<p>\u2500\u2500\u2500\u2500\u0b68\u09ce\u2500\u2500\u2500\u2500<\/p>\n\n\n\n<h2 class=\"wp-block-heading\">Suolaiset piirakat<\/h2>\n\n\n\n<p>juus\u00adto, kasvis, kana..<\/p>\n\n\n\n<p class=\"has-text-color has-link-color wp-elements-c522451d29427bdad8c89229033848d1\" style=\"color:#f27127\">\u2500\u2500\u2500\u2500\u0b68\u09ce\u2500\u2500\u2500\u2500<\/p>\n\n\n\n<h2 class=\"wp-block-heading ticss-e10bc11d\">Mini Pizzat<\/h2>\n\n\n\n<p>kinkku, kinkku-juus\u00adto, kasvis, sala\u00admi, pep\u00adper\u00adoni..<\/p>\n<\/div>\n\n\n\n<div id=\"wp-block-themeisle-blocks-advanced-column-81f0d3d7\" class=\"wp-block-themeisle-blocks-advanced-column\">\n<p class=\"has-text-color has-link-color wp-elements-9f663c904ed7c1c7a76cc3a9f047c8d3\" style=\"color:#f27127;font-size:33px\">\u2193<\/p>\n<\/div>\n<\/div><\/div>\n<\/div><\/div><\/div>\n\n\n\n<p><\/p>\n","protected":false},"excerpt":{"rendered":"","protected":false},"author":43,"featured_media":0,"parent":0,"menu_order":0,"comment_status":"closed","ping_status":"closed","template":"","meta":{"wp_typography_post_enhancements_disabled":false,"_themeisle_gutenberg_block_has_review":false,"footnotes":""},"class_list":["post-264","page","type-page","status-publish","hentry"],"yoast_head":"<!-- This site is optimized with the Yoast SEO plugin v26.5 - https:\/\/yoast.com\/wordpress\/plugins\/seo\/ -->\n<title>Sy\u00f6t\u00e4v\u00e4t - LoiMauMau<\/title>\n<meta name=\"robots\" content=\"index, follow, max-snippet:-1, max-image-preview:large, max-video-preview:-1\" \/>\n<link rel=\"canonical\" href=\"https:\/\/wp3.novida.fi\/med24pusa\/syotavat\/\" \/>\n<meta property=\"og:locale\" content=\"en_GB\" \/>\n<meta property=\"og:type\" content=\"article\" \/>\n<meta property=\"og:title\" content=\"Sy\u00f6t\u00e4v\u00e4t - LoiMauMau\" \/>\n<meta property=\"og:url\" content=\"https:\/\/wp3.novida.fi\/med24pusa\/syotavat\/\" \/>\n<meta property=\"og:site_name\" content=\"LoiMauMau\" \/>\n<meta property=\"article:modified_time\" content=\"2026-01-21T09:53:45+00:00\" \/>\n<meta name=\"twitter:card\" content=\"summary_large_image\" \/>\n<meta name=\"twitter:label1\" content=\"Estimated reading time\" \/>\n\t<meta name=\"twitter:data1\" content=\"1 minute\" \/>\n<script type=\"application\/ld+json\" class=\"yoast-schema-graph\">{\"@context\":\"https:\/\/schema.org\",\"@graph\":[{\"@type\":\"WebPage\",\"@id\":\"https:\/\/wp3.novida.fi\/med24pusa\/syotavat\/\",\"url\":\"https:\/\/wp3.novida.fi\/med24pusa\/syotavat\/\",\"name\":\"Sy\u00f6t\u00e4v\u00e4t - LoiMauMau\",\"isPartOf\":{\"@id\":\"https:\/\/wp3.novida.fi\/med24pusa\/#website\"},\"datePublished\":\"2025-12-11T10:37:22+00:00\",\"dateModified\":\"2026-01-21T09:53:45+00:00\",\"breadcrumb\":{\"@id\":\"https:\/\/wp3.novida.fi\/med24pusa\/syotavat\/#breadcrumb\"},\"inLanguage\":\"en-GB\",\"potentialAction\":[{\"@type\":\"ReadAction\",\"target\":[\"https:\/\/wp3.novida.fi\/med24pusa\/syotavat\/\"]}]},{\"@type\":\"BreadcrumbList\",\"@id\":\"https:\/\/wp3.novida.fi\/med24pusa\/syotavat\/#breadcrumb\",\"itemListElement\":[{\"@type\":\"ListItem\",\"position\":1,\"name\":\"Home\",\"item\":\"https:\/\/wp3.novida.fi\/med24pusa\/\"},{\"@type\":\"ListItem\",\"position\":2,\"name\":\"Sy\u00f6t\u00e4v\u00e4t\"}]},{\"@type\":\"WebSite\",\"@id\":\"https:\/\/wp3.novida.fi\/med24pusa\/#website\",\"url\":\"https:\/\/wp3.novida.fi\/med24pusa\/\",\"name\":\"LoiMauMau\",\"description\":\"kissakahvila\",\"publisher\":{\"@id\":\"https:\/\/wp3.novida.fi\/med24pusa\/#organization\"},\"potentialAction\":[{\"@type\":\"SearchAction\",\"target\":{\"@type\":\"EntryPoint\",\"urlTemplate\":\"https:\/\/wp3.novida.fi\/med24pusa\/?s={search_term_string}\"},\"query-input\":{\"@type\":\"PropertyValueSpecification\",\"valueRequired\":true,\"valueName\":\"search_term_string\"}}],\"inLanguage\":\"en-GB\"},{\"@type\":\"Organization\",\"@id\":\"https:\/\/wp3.novida.fi\/med24pusa\/#organization\",\"name\":\"LoiMauMau\",\"url\":\"https:\/\/wp3.novida.fi\/med24pusa\/\",\"logo\":{\"@type\":\"ImageObject\",\"inLanguage\":\"en-GB\",\"@id\":\"https:\/\/wp3.novida.fi\/med24pusa\/#\/schema\/logo\/image\/\",\"url\":\"https:\/\/wp3.novida.fi\/med24pusa\/wp-content\/uploads\/sites\/39\/2025\/12\/cropped-Asset-1.png\",\"contentUrl\":\"https:\/\/wp3.novida.fi\/med24pusa\/wp-content\/uploads\/sites\/39\/2025\/12\/cropped-Asset-1.png\",\"width\":902,\"height\":837,\"caption\":\"LoiMauMau\"},\"image\":{\"@id\":\"https:\/\/wp3.novida.fi\/med24pusa\/#\/schema\/logo\/image\/\"}}]}<\/script>\n<!-- \/ Yoast SEO plugin. -->","yoast_head_json":{"title":"Sy\u00f6t\u00e4v\u00e4t - LoiMauMau","robots":{"index":"index","follow":"follow","max-snippet":"max-snippet:-1","max-image-preview":"max-image-preview:large","max-video-preview":"max-video-preview:-1"},"canonical":"https:\/\/wp3.novida.fi\/med24pusa\/syotavat\/","og_locale":"en_GB","og_type":"article","og_title":"Sy\u00f6t\u00e4v\u00e4t - LoiMauMau","og_url":"https:\/\/wp3.novida.fi\/med24pusa\/syotavat\/","og_site_name":"LoiMauMau","article_modified_time":"2026-01-21T09:53:45+00:00","twitter_card":"summary_large_image","twitter_misc":{"Estimated reading time":"1 minute"},"schema":{"@context":"https:\/\/schema.org","@graph":[{"@type":"WebPage","@id":"https:\/\/wp3.novida.fi\/med24pusa\/syotavat\/","url":"https:\/\/wp3.novida.fi\/med24pusa\/syotavat\/","name":"Sy\u00f6t\u00e4v\u00e4t - LoiMauMau","isPartOf":{"@id":"https:\/\/wp3.novida.fi\/med24pusa\/#website"},"datePublished":"2025-12-11T10:37:22+00:00","dateModified":"2026-01-21T09:53:45+00:00","breadcrumb":{"@id":"https:\/\/wp3.novida.fi\/med24pusa\/syotavat\/#breadcrumb"},"inLanguage":"en-GB","potentialAction":[{"@type":"ReadAction","target":["https:\/\/wp3.novida.fi\/med24pusa\/syotavat\/"]}]},{"@type":"BreadcrumbList","@id":"https:\/\/wp3.novida.fi\/med24pusa\/syotavat\/#breadcrumb","itemListElement":[{"@type":"ListItem","position":1,"name":"Home","item":"https:\/\/wp3.novida.fi\/med24pusa\/"},{"@type":"ListItem","position":2,"name":"Sy\u00f6t\u00e4v\u00e4t"}]},{"@type":"WebSite","@id":"https:\/\/wp3.novida.fi\/med24pusa\/#website","url":"https:\/\/wp3.novida.fi\/med24pusa\/","name":"LoiMauMau","description":"kissakahvila","publisher":{"@id":"https:\/\/wp3.novida.fi\/med24pusa\/#organization"},"potentialAction":[{"@type":"SearchAction","target":{"@type":"EntryPoint","urlTemplate":"https:\/\/wp3.novida.fi\/med24pusa\/?s={search_term_string}"},"query-input":{"@type":"PropertyValueSpecification","valueRequired":true,"valueName":"search_term_string"}}],"inLanguage":"en-GB"},{"@type":"Organization","@id":"https:\/\/wp3.novida.fi\/med24pusa\/#organization","name":"LoiMauMau","url":"https:\/\/wp3.novida.fi\/med24pusa\/","logo":{"@type":"ImageObject","inLanguage":"en-GB","@id":"https:\/\/wp3.novida.fi\/med24pusa\/#\/schema\/logo\/image\/","url":"https:\/\/wp3.novida.fi\/med24pusa\/wp-content\/uploads\/sites\/39\/2025\/12\/cropped-Asset-1.png","contentUrl":"https:\/\/wp3.novida.fi\/med24pusa\/wp-content\/uploads\/sites\/39\/2025\/12\/cropped-Asset-1.png","width":902,"height":837,"caption":"LoiMauMau"},"image":{"@id":"https:\/\/wp3.novida.fi\/med24pusa\/#\/schema\/logo\/image\/"}}]}},"_links":{"self":[{"href":"https:\/\/wp3.novida.fi\/med24pusa\/wp-json\/wp\/v2\/pages\/264","targetHints":{"allow":["GET"]}}],"collection":[{"href":"https:\/\/wp3.novida.fi\/med24pusa\/wp-json\/wp\/v2\/pages"}],"about":[{"href":"https:\/\/wp3.novida.fi\/med24pusa\/wp-json\/wp\/v2\/types\/page"}],"author":[{"embeddable":true,"href":"https:\/\/wp3.novida.fi\/med24pusa\/wp-json\/wp\/v2\/users\/43"}],"replies":[{"embeddable":true,"href":"https:\/\/wp3.novida.fi\/med24pusa\/wp-json\/wp\/v2\/comments?post=264"}],"version-history":[{"count":33,"href":"https:\/\/wp3.novida.fi\/med24pusa\/wp-json\/wp\/v2\/pages\/264\/revisions"}],"predecessor-version":[{"id":749,"href":"https:\/\/wp3.novida.fi\/med24pusa\/wp-json\/wp\/v2\/pages\/264\/revisions\/749"}],"wp:attachment":[{"href":"https:\/\/wp3.novida.fi\/med24pusa\/wp-json\/wp\/v2\/media?parent=264"}],"curies":[{"name":"wp","href":"https:\/\/api.w.org\/{rel}","templated":true}]}}