{"id":262,"date":"2025-12-11T10:36:57","date_gmt":"2025-12-11T10:36:57","guid":{"rendered":"https:\/\/wp3.novida.fi\/med24pusa\/?page_id=262"},"modified":"2026-01-20T06:41:35","modified_gmt":"2026-01-20T06:41:35","slug":"makeat","status":"publish","type":"page","link":"https:\/\/wp3.novida.fi\/med24pusa\/makeat\/","title":{"rendered":"Makeiset \/ Herkut"},"content":{"rendered":"\n<div id=\"wp-block-themeisle-blocks-flip-31389585\" class=\"wp-block-themeisle-blocks-flip anim flipY-rev\"><div class=\"o-flip-inner\"><div class=\"o-flip-front\"><div class=\"o-flip-content\"><h3><strong>Keksit<\/strong><\/h3><p><\/p><\/div><\/div><div class=\"o-flip-back\">\n<div id=\"wp-block-themeisle-blocks-advanced-columns-416984fd\" class=\"wp-block-themeisle-blocks-advanced-columns has-3-columns has-desktop-equal-layout has-tablet-equal-layout has-mobile-collapsedRows-layout has-vertical-unset\"><div class=\"wp-block-themeisle-blocks-advanced-columns-overlay\"><\/div><div class=\"innerblocks-wrap\">\n<div id=\"wp-block-themeisle-blocks-advanced-column-427c6ec7\" class=\"wp-block-themeisle-blocks-advanced-column\">\n<p class=\"has-text-color has-link-color wp-elements-9f663c904ed7c1c7a76cc3a9f047c8d3\" style=\"color:#f27127;font-size:33px\">\u2193<\/p>\n<\/div>\n\n\n\n<div id=\"wp-block-themeisle-blocks-advanced-column-d57e20db\" class=\"wp-block-themeisle-blocks-advanced-column\">\n<h2 class=\"wp-block-heading ticss-e10bc11d\">Keksit<\/h2>\n\n\n\n<p class=\"has-text-color has-link-color wp-elements-9119203df56d639b785068214403c7e3\" style=\"color:#f27127\">\u2500\u2500\u2500\u2500\u0b68\u09ce\u2500\u2500\u2500\u2500<\/p>\n\n\n\n<h2 class=\"wp-block-heading\">T\u00e4ytekeksit<\/h2>\n\n\n\n<p>\u2500\u2500\u2500\u2500\u0b68\u09ce\u2500\u2500\u2500\u2500<\/p>\n\n\n\n<h2 class=\"wp-block-heading\">Lusikkaleiv\u00e4t<\/h2>\n\n\n\n<p class=\"has-text-color has-link-color wp-elements-9119203df56d639b785068214403c7e3\" style=\"color:#f27127\">\u2500\u2500\u2500\u2500\u0b68\u09ce\u2500\u2500\u2500\u2500<\/p>\n\n\n\n<h2 class=\"wp-block-heading\">Joulunaikaan pipareita<\/h2>\n<\/div>\n\n\n\n<div id=\"wp-block-themeisle-blocks-advanced-column-37357f17\" class=\"wp-block-themeisle-blocks-advanced-column\">\n<p class=\"has-text-color has-link-color wp-elements-41a2354a48ce14a0ace74691f1e09346\" style=\"color:#f27127;font-size:33px\">\u2193<\/p>\n<\/div>\n<\/div><\/div>\n<\/div><\/div><\/div>\n\n\n\n<div id=\"wp-block-themeisle-blocks-flip-bf6306ac\" class=\"wp-block-themeisle-blocks-flip anim flipY-rev\"><div class=\"o-flip-inner\"><div class=\"o-flip-front\"><div class=\"o-flip-content\"><h3><strong>Muffins<\/strong>it<\/h3><p><\/p><\/div><\/div><div class=\"o-flip-back\">\n<div id=\"wp-block-themeisle-blocks-advanced-columns-33232688\" class=\"wp-block-themeisle-blocks-advanced-columns has-3-columns has-desktop-equal-layout has-tablet-equal-layout has-mobile-collapsedRows-layout has-vertical-unset\"><div class=\"wp-block-themeisle-blocks-advanced-columns-overlay\"><\/div><div class=\"innerblocks-wrap\">\n<div id=\"wp-block-themeisle-blocks-advanced-column-311702dd\" class=\"wp-block-themeisle-blocks-advanced-column\">\n<p class=\"has-text-color has-link-color wp-elements-9f663c904ed7c1c7a76cc3a9f047c8d3\" style=\"color:#f27127;font-size:33px\">\u2193<\/p>\n<\/div>\n\n\n\n<div id=\"wp-block-themeisle-blocks-advanced-column-4f6a52a9\" class=\"wp-block-themeisle-blocks-advanced-column\">\n<h2 class=\"wp-block-heading ticss-e10bc11d\">Suklaa<\/h2>\n\n\n\n<p>\u2500\u2500\u2500\u2500\u0b68\u09ce\u2500\u2500\u2500\u2500<\/p>\n\n\n\n<h2 class=\"wp-block-heading\">Musikka<\/h2>\n\n\n\n<p class=\"has-text-color has-link-color wp-elements-c522451d29427bdad8c89229033848d1\" style=\"color:#f27127\">\u2500\u2500\u2500\u2500\u0b68\u09ce\u2500\u2500\u2500\u2500<\/p>\n\n\n\n<h2 class=\"wp-block-heading\">Vadelma<\/h2>\n\n\n\n<p>\u2500\u2500\u2500\u2500\u0b68\u09ce\u2500\u2500\u2500\u2500<\/p>\n\n\n\n<h2 class=\"wp-block-heading ticss-e10bc11d\">Valkosuklaa<\/h2>\n\n\n\n<p class=\"has-text-color has-link-color wp-elements-9119203df56d639b785068214403c7e3\" style=\"color:#f27127\">\u2500\u2500\u2500\u2500\u0b68\u09ce\u2500\u2500\u2500\u2500<\/p>\n\n\n\n<h2 class=\"wp-block-heading\">Suklaahippu<\/h2>\n<\/div>\n\n\n\n<div id=\"wp-block-themeisle-blocks-advanced-column-4de89c7e\" class=\"wp-block-themeisle-blocks-advanced-column\">\n<p class=\"has-text-color has-link-color wp-elements-9f663c904ed7c1c7a76cc3a9f047c8d3\" style=\"color:#f27127;font-size:33px\">\u2193<\/p>\n<\/div>\n<\/div><\/div>\n<\/div><\/div><\/div>\n\n\n\n<div id=\"wp-block-themeisle-blocks-flip-273d8eae\" class=\"wp-block-themeisle-blocks-flip anim flipY-rev\"><div class=\"o-flip-inner\"><div class=\"o-flip-front\"><div class=\"o-flip-content\"><h3><strong>Donitsit<\/strong><\/h3><p><\/p><\/div><\/div><div class=\"o-flip-back\">\n<div id=\"wp-block-themeisle-blocks-advanced-columns-b8d7b6e5\" class=\"wp-block-themeisle-blocks-advanced-columns has-3-columns has-desktop-equal-layout has-tablet-equal-layout has-mobile-collapsedRows-layout has-vertical-unset\"><div class=\"wp-block-themeisle-blocks-advanced-columns-overlay\"><\/div><div class=\"innerblocks-wrap\">\n<div id=\"wp-block-themeisle-blocks-advanced-column-f8ee90fb\" class=\"wp-block-themeisle-blocks-advanced-column\">\n<p class=\"has-text-color has-link-color wp-elements-9f663c904ed7c1c7a76cc3a9f047c8d3\" style=\"color:#f27127;font-size:33px\">\u2193<\/p>\n<\/div>\n\n\n\n<div id=\"wp-block-themeisle-blocks-advanced-column-82db601e\" class=\"wp-block-themeisle-blocks-advanced-column\">\n<h2 class=\"wp-block-heading ticss-e10bc11d\">Sokeri<\/h2>\n\n\n\n<p class=\"has-text-color has-link-color wp-elements-c522451d29427bdad8c89229033848d1\" style=\"color:#f27127\">\u2500\u2500\u2500\u2500\u0b68\u09ce\u2500\u2500\u2500\u2500<\/p>\n\n\n\n<h2 class=\"wp-block-heading\"><strong>Kanelisokeri<\/strong><\/h2>\n\n\n\n<p>\u2500\u2500\u2500\u2500\u0b68\u09ce\u2500\u2500\u2500\u2500<\/p>\n\n\n\n<h2 class=\"wp-block-heading\"><strong>Valkosuklaa<\/strong><\/h2>\n\n\n\n<p class=\"has-text-color has-link-color wp-elements-c522451d29427bdad8c89229033848d1\" style=\"color:#f27127\">\u2500\u2500\u2500\u2500\u0b68\u09ce\u2500\u2500\u2500\u2500<\/p>\n\n\n\n<h2 class=\"wp-block-heading ticss-e10bc11d\">Suklaa<\/h2>\n\n\n\n<p>\u2500\u2500\u2500\u2500\u0b68\u09ce\u2500\u2500\u2500\u2500<\/p>\n\n\n\n<h2 class=\"wp-block-heading\"><strong>Suklaa-p\u00e4hkin\u00e4<\/strong><\/h2>\n\n\n\n<p class=\"has-text-color has-link-color wp-elements-c522451d29427bdad8c89229033848d1\" style=\"color:#f27127\">\u2500\u2500\u2500\u2500\u0b68\u09ce\u2500\u2500\u2500\u2500<\/p>\n\n\n\n<h2 class=\"wp-block-heading\"><strong>Mansikka t\u00e4yte<\/strong><\/h2>\n\n\n\n<p>\u2500\u2500\u2500\u2500\u0b68\u09ce\u2500\u2500\u2500\u2500<\/p>\n\n\n\n<h2 class=\"wp-block-heading\"><strong>Str\u00f6sseli<\/strong><\/h2>\n<\/div>\n\n\n\n<div id=\"wp-block-themeisle-blocks-advanced-column-ea704965\" class=\"wp-block-themeisle-blocks-advanced-column\">\n<p class=\"has-text-color has-link-color wp-elements-9f663c904ed7c1c7a76cc3a9f047c8d3\" style=\"color:#f27127;font-size:33px\">\u2193<\/p>\n<\/div>\n<\/div><\/div>\n<\/div><\/div><\/div>\n\n\n\n<div id=\"wp-block-themeisle-blocks-flip-4982421f\" class=\"wp-block-themeisle-blocks-flip anim flipY-rev\"><div class=\"o-flip-inner\"><div class=\"o-flip-front\"><div class=\"o-flip-content\"><h3><strong>J\u00e4\u00e4tel\u00f6t<\/strong><\/h3><p><\/p><\/div><\/div><div class=\"o-flip-back\">\n<div id=\"wp-block-themeisle-blocks-advanced-columns-952e1bcf\" class=\"wp-block-themeisle-blocks-advanced-columns has-3-columns has-desktop-twoOneOne-layout has-tablet-equal-layout has-mobile-collapsedRows-layout has-vertical-unset\"><div class=\"wp-block-themeisle-blocks-advanced-columns-overlay\"><\/div><div class=\"innerblocks-wrap\">\n<div id=\"wp-block-themeisle-blocks-advanced-column-590873aa\" class=\"wp-block-themeisle-blocks-advanced-column\">\n<p class=\"has-text-color has-link-color wp-elements-9f663c904ed7c1c7a76cc3a9f047c8d3\" style=\"color:#f27127;font-size:33px\">\u2193<\/p>\n<\/div>\n\n\n\n<div id=\"wp-block-themeisle-blocks-advanced-column-7fd4dcf1\" class=\"wp-block-themeisle-blocks-advanced-column\">\n<h2 class=\"wp-block-heading ticss-e10bc11d\">Mansikka<\/h2>\n\n\n\n<p>\u2500\u2500\u2500\u2500\u0b68\u09ce\u2500\u2500\u2500\u2500<\/p>\n\n\n\n<h2 class=\"wp-block-heading\">Suklaa<\/h2>\n\n\n\n<p class=\"has-text-color has-link-color wp-elements-9119203df56d639b785068214403c7e3\" style=\"color:#f27127\">\u2500\u2500\u2500\u2500\u0b68\u09ce\u2500\u2500\u2500\u2500<\/p>\n\n\n\n<h2 class=\"wp-block-heading\">Suolainen kinuski<\/h2>\n\n\n\n<p>\u2500\u2500\u2500\u2500\u0b68\u09ce\u2500\u2500\u2500\u2500<\/p>\n\n\n\n<h2 class=\"wp-block-heading\">Minttu<\/h2>\n\n\n\n<p class=\"has-text-color has-link-color wp-elements-c522451d29427bdad8c89229033848d1\" style=\"color:#f27127\">\u2500\u2500\u2500\u2500\u0b68\u09ce\u2500\u2500\u2500\u2500<\/p>\n\n\n\n<h2 class=\"wp-block-heading\">P\u00e4\u00e4ryn\u00e4<\/h2>\n<\/div>\n\n\n\n<div id=\"wp-block-themeisle-blocks-advanced-column-86961f8c\" class=\"wp-block-themeisle-blocks-advanced-column\">\n<p class=\"has-text-color has-link-color wp-elements-9f663c904ed7c1c7a76cc3a9f047c8d3\" style=\"color:#f27127;font-size:33px\">\u2193<\/p>\n<\/div>\n<\/div><\/div>\n<\/div><\/div><\/div>\n\n\n\n<div id=\"wp-block-themeisle-blocks-flip-6bfe34eb\" class=\"wp-block-themeisle-blocks-flip anim flipY-rev\"><div class=\"o-flip-inner\"><div class=\"o-flip-front\"><div class=\"o-flip-content\"><h3><strong>Kakkuja<\/strong><\/h3><p><\/p><\/div><\/div><div class=\"o-flip-back\">\n<div id=\"wp-block-themeisle-blocks-advanced-columns-56e84c99\" class=\"wp-block-themeisle-blocks-advanced-columns has-3-columns has-desktop-oneOneTwo-layout has-tablet-equal-layout has-mobile-collapsedRows-layout has-vertical-unset\"><div class=\"wp-block-themeisle-blocks-advanced-columns-overlay\"><\/div><div class=\"innerblocks-wrap\">\n<div id=\"wp-block-themeisle-blocks-advanced-column-9c1d0c70\" class=\"wp-block-themeisle-blocks-advanced-column\">\n<p class=\"has-text-color has-link-color wp-elements-9f663c904ed7c1c7a76cc3a9f047c8d3\" style=\"color:#f27127;font-size:33px\">\u2193<\/p>\n<\/div>\n\n\n\n<div id=\"wp-block-themeisle-blocks-advanced-column-359986a5\" class=\"wp-block-themeisle-blocks-advanced-column\">\n<h2 class=\"wp-block-heading ticss-e10bc11d\">Juustokakku<\/h2>\n\n\n\n<p class=\"has-text-color has-link-color wp-elements-c522451d29427bdad8c89229033848d1\" style=\"color:#f27127\">\u2500\u2500\u2500\u2500\u0b68\u09ce\u2500\u2500\u2500\u2500<\/p>\n\n\n\n<h2 class=\"wp-block-heading\">Suklaakakku<\/h2>\n\n\n\n<p>\u2500\u2500\u2500\u2500\u0b68\u09ce\u2500\u2500\u2500\u2500<\/p>\n\n\n\n<h2 class=\"wp-block-heading\">Kuivakakku<\/h2>\n<\/div>\n\n\n\n<div id=\"wp-block-themeisle-blocks-advanced-column-55dd22e6\" class=\"wp-block-themeisle-blocks-advanced-column\">\n<p class=\"has-text-color has-link-color wp-elements-9f663c904ed7c1c7a76cc3a9f047c8d3\" style=\"color:#f27127;font-size:33px\">\u2193<\/p>\n<\/div>\n<\/div><\/div>\n<\/div><\/div><\/div>\n\n\n\n<div id=\"wp-block-themeisle-blocks-flip-13094685\" class=\"wp-block-themeisle-blocks-flip anim flipY-rev\"><div class=\"o-flip-inner\"><div class=\"o-flip-front\"><div class=\"o-flip-content\"><h3><strong>Pieni\u00e4 herkkuja<\/strong><\/h3><p><\/p><\/div><\/div><div class=\"o-flip-back\">\n<div id=\"wp-block-themeisle-blocks-advanced-columns-62c33182\" class=\"wp-block-themeisle-blocks-advanced-columns has-3-columns has-desktop-twoOneOne-layout has-tablet-equal-layout has-mobile-collapsedRows-layout has-vertical-unset\"><div class=\"wp-block-themeisle-blocks-advanced-columns-overlay\"><\/div><div class=\"innerblocks-wrap\">\n<div id=\"wp-block-themeisle-blocks-advanced-column-d5c92a5e\" class=\"wp-block-themeisle-blocks-advanced-column\">\n<p class=\"has-text-color has-link-color wp-elements-9f663c904ed7c1c7a76cc3a9f047c8d3\" style=\"color:#f27127;font-size:33px\">\u2193<\/p>\n<\/div>\n\n\n\n<div id=\"wp-block-themeisle-blocks-advanced-column-b9ae3556\" class=\"wp-block-themeisle-blocks-advanced-column\">\n<h2 class=\"wp-block-heading ticss-e10bc11d\">Suklaita<\/h2>\n\n\n\n<p>\u2500\u2500\u2500\u2500\u0b68\u09ce\u2500\u2500\u2500\u2500<\/p>\n\n\n\n<h2 class=\"wp-block-heading\">Pieni\u00e4 sipsipusseja<\/h2>\n\n\n\n<p class=\"has-text-color has-link-color wp-elements-c522451d29427bdad8c89229033848d1\" style=\"color:#f27127\">\u2500\u2500\u2500\u2500\u0b68\u09ce\u2500\u2500\u2500\u2500<\/p>\n\n\n\n<h2 class=\"wp-block-heading\">Pieni\u00e4 karkkipusseja<\/h2>\n<\/div>\n\n\n\n<div id=\"wp-block-themeisle-blocks-advanced-column-2bd6fc73\" class=\"wp-block-themeisle-blocks-advanced-column\">\n<p class=\"has-text-color has-link-color wp-elements-9f663c904ed7c1c7a76cc3a9f047c8d3\" style=\"color:#f27127;font-size:33px\">\u2193<\/p>\n<\/div>\n<\/div><\/div>\n<\/div><\/div><\/div>\n","protected":false},"excerpt":{"rendered":"","protected":false},"author":43,"featured_media":0,"parent":0,"menu_order":0,"comment_status":"closed","ping_status":"closed","template":"","meta":{"wp_typography_post_enhancements_disabled":false,"_themeisle_gutenberg_block_has_review":false,"footnotes":""},"class_list":["post-262","page","type-page","status-publish","hentry"],"yoast_head":"<!-- This site is optimized with the Yoast SEO plugin v26.5 - https:\/\/yoast.com\/wordpress\/plugins\/seo\/ -->\n<title>Makeiset \/ Herkut - LoiMauMau<\/title>\n<meta name=\"robots\" content=\"index, follow, max-snippet:-1, max-image-preview:large, max-video-preview:-1\" \/>\n<link rel=\"canonical\" href=\"https:\/\/wp3.novida.fi\/med24pusa\/makeat\/\" \/>\n<meta property=\"og:locale\" content=\"en_GB\" \/>\n<meta property=\"og:type\" content=\"article\" \/>\n<meta property=\"og:title\" content=\"Makeiset \/ Herkut - LoiMauMau\" \/>\n<meta property=\"og:url\" content=\"https:\/\/wp3.novida.fi\/med24pusa\/makeat\/\" \/>\n<meta property=\"og:site_name\" content=\"LoiMauMau\" \/>\n<meta property=\"article:modified_time\" content=\"2026-01-20T06:41:35+00:00\" \/>\n<meta name=\"twitter:card\" content=\"summary_large_image\" \/>\n<meta name=\"twitter:label1\" content=\"Estimated reading time\" \/>\n\t<meta name=\"twitter:data1\" content=\"1 minute\" \/>\n<script type=\"application\/ld+json\" class=\"yoast-schema-graph\">{\"@context\":\"https:\/\/schema.org\",\"@graph\":[{\"@type\":\"WebPage\",\"@id\":\"https:\/\/wp3.novida.fi\/med24pusa\/makeat\/\",\"url\":\"https:\/\/wp3.novida.fi\/med24pusa\/makeat\/\",\"name\":\"Makeiset \/ Herkut - LoiMauMau\",\"isPartOf\":{\"@id\":\"https:\/\/wp3.novida.fi\/med24pusa\/#website\"},\"datePublished\":\"2025-12-11T10:36:57+00:00\",\"dateModified\":\"2026-01-20T06:41:35+00:00\",\"breadcrumb\":{\"@id\":\"https:\/\/wp3.novida.fi\/med24pusa\/makeat\/#breadcrumb\"},\"inLanguage\":\"en-GB\",\"potentialAction\":[{\"@type\":\"ReadAction\",\"target\":[\"https:\/\/wp3.novida.fi\/med24pusa\/makeat\/\"]}]},{\"@type\":\"BreadcrumbList\",\"@id\":\"https:\/\/wp3.novida.fi\/med24pusa\/makeat\/#breadcrumb\",\"itemListElement\":[{\"@type\":\"ListItem\",\"position\":1,\"name\":\"Home\",\"item\":\"https:\/\/wp3.novida.fi\/med24pusa\/\"},{\"@type\":\"ListItem\",\"position\":2,\"name\":\"Makeiset \/ Herkut\"}]},{\"@type\":\"WebSite\",\"@id\":\"https:\/\/wp3.novida.fi\/med24pusa\/#website\",\"url\":\"https:\/\/wp3.novida.fi\/med24pusa\/\",\"name\":\"LoiMauMau\",\"description\":\"kissakahvila\",\"publisher\":{\"@id\":\"https:\/\/wp3.novida.fi\/med24pusa\/#organization\"},\"potentialAction\":[{\"@type\":\"SearchAction\",\"target\":{\"@type\":\"EntryPoint\",\"urlTemplate\":\"https:\/\/wp3.novida.fi\/med24pusa\/?s={search_term_string}\"},\"query-input\":{\"@type\":\"PropertyValueSpecification\",\"valueRequired\":true,\"valueName\":\"search_term_string\"}}],\"inLanguage\":\"en-GB\"},{\"@type\":\"Organization\",\"@id\":\"https:\/\/wp3.novida.fi\/med24pusa\/#organization\",\"name\":\"LoiMauMau\",\"url\":\"https:\/\/wp3.novida.fi\/med24pusa\/\",\"logo\":{\"@type\":\"ImageObject\",\"inLanguage\":\"en-GB\",\"@id\":\"https:\/\/wp3.novida.fi\/med24pusa\/#\/schema\/logo\/image\/\",\"url\":\"https:\/\/wp3.novida.fi\/med24pusa\/wp-content\/uploads\/sites\/39\/2025\/12\/cropped-Asset-1.png\",\"contentUrl\":\"https:\/\/wp3.novida.fi\/med24pusa\/wp-content\/uploads\/sites\/39\/2025\/12\/cropped-Asset-1.png\",\"width\":902,\"height\":837,\"caption\":\"LoiMauMau\"},\"image\":{\"@id\":\"https:\/\/wp3.novida.fi\/med24pusa\/#\/schema\/logo\/image\/\"}}]}<\/script>\n<!-- \/ Yoast SEO plugin. -->","yoast_head_json":{"title":"Makeiset \/ Herkut - LoiMauMau","robots":{"index":"index","follow":"follow","max-snippet":"max-snippet:-1","max-image-preview":"max-image-preview:large","max-video-preview":"max-video-preview:-1"},"canonical":"https:\/\/wp3.novida.fi\/med24pusa\/makeat\/","og_locale":"en_GB","og_type":"article","og_title":"Makeiset \/ Herkut - LoiMauMau","og_url":"https:\/\/wp3.novida.fi\/med24pusa\/makeat\/","og_site_name":"LoiMauMau","article_modified_time":"2026-01-20T06:41:35+00:00","twitter_card":"summary_large_image","twitter_misc":{"Estimated reading time":"1 minute"},"schema":{"@context":"https:\/\/schema.org","@graph":[{"@type":"WebPage","@id":"https:\/\/wp3.novida.fi\/med24pusa\/makeat\/","url":"https:\/\/wp3.novida.fi\/med24pusa\/makeat\/","name":"Makeiset \/ Herkut - LoiMauMau","isPartOf":{"@id":"https:\/\/wp3.novida.fi\/med24pusa\/#website"},"datePublished":"2025-12-11T10:36:57+00:00","dateModified":"2026-01-20T06:41:35+00:00","breadcrumb":{"@id":"https:\/\/wp3.novida.fi\/med24pusa\/makeat\/#breadcrumb"},"inLanguage":"en-GB","potentialAction":[{"@type":"ReadAction","target":["https:\/\/wp3.novida.fi\/med24pusa\/makeat\/"]}]},{"@type":"BreadcrumbList","@id":"https:\/\/wp3.novida.fi\/med24pusa\/makeat\/#breadcrumb","itemListElement":[{"@type":"ListItem","position":1,"name":"Home","item":"https:\/\/wp3.novida.fi\/med24pusa\/"},{"@type":"ListItem","position":2,"name":"Makeiset \/ Herkut"}]},{"@type":"WebSite","@id":"https:\/\/wp3.novida.fi\/med24pusa\/#website","url":"https:\/\/wp3.novida.fi\/med24pusa\/","name":"LoiMauMau","description":"kissakahvila","publisher":{"@id":"https:\/\/wp3.novida.fi\/med24pusa\/#organization"},"potentialAction":[{"@type":"SearchAction","target":{"@type":"EntryPoint","urlTemplate":"https:\/\/wp3.novida.fi\/med24pusa\/?s={search_term_string}"},"query-input":{"@type":"PropertyValueSpecification","valueRequired":true,"valueName":"search_term_string"}}],"inLanguage":"en-GB"},{"@type":"Organization","@id":"https:\/\/wp3.novida.fi\/med24pusa\/#organization","name":"LoiMauMau","url":"https:\/\/wp3.novida.fi\/med24pusa\/","logo":{"@type":"ImageObject","inLanguage":"en-GB","@id":"https:\/\/wp3.novida.fi\/med24pusa\/#\/schema\/logo\/image\/","url":"https:\/\/wp3.novida.fi\/med24pusa\/wp-content\/uploads\/sites\/39\/2025\/12\/cropped-Asset-1.png","contentUrl":"https:\/\/wp3.novida.fi\/med24pusa\/wp-content\/uploads\/sites\/39\/2025\/12\/cropped-Asset-1.png","width":902,"height":837,"caption":"LoiMauMau"},"image":{"@id":"https:\/\/wp3.novida.fi\/med24pusa\/#\/schema\/logo\/image\/"}}]}},"_links":{"self":[{"href":"https:\/\/wp3.novida.fi\/med24pusa\/wp-json\/wp\/v2\/pages\/262","targetHints":{"allow":["GET"]}}],"collection":[{"href":"https:\/\/wp3.novida.fi\/med24pusa\/wp-json\/wp\/v2\/pages"}],"about":[{"href":"https:\/\/wp3.novida.fi\/med24pusa\/wp-json\/wp\/v2\/types\/page"}],"author":[{"embeddable":true,"href":"https:\/\/wp3.novida.fi\/med24pusa\/wp-json\/wp\/v2\/users\/43"}],"replies":[{"embeddable":true,"href":"https:\/\/wp3.novida.fi\/med24pusa\/wp-json\/wp\/v2\/comments?post=262"}],"version-history":[{"count":56,"href":"https:\/\/wp3.novida.fi\/med24pusa\/wp-json\/wp\/v2\/pages\/262\/revisions"}],"predecessor-version":[{"id":662,"href":"https:\/\/wp3.novida.fi\/med24pusa\/wp-json\/wp\/v2\/pages\/262\/revisions\/662"}],"wp:attachment":[{"href":"https:\/\/wp3.novida.fi\/med24pusa\/wp-json\/wp\/v2\/media?parent=262"}],"curies":[{"name":"wp","href":"https:\/\/api.w.org\/{rel}","templated":true}]}}