{"id":11,"date":"2025-12-01T08:26:38","date_gmt":"2025-12-01T08:26:38","guid":{"rendered":"https:\/\/wp3.novida.fi\/med24esje\/?page_id=11"},"modified":"2026-01-20T11:35:23","modified_gmt":"2026-01-20T11:35:23","slug":"yhteystiedot","status":"publish","type":"page","link":"https:\/\/wp3.novida.fi\/med24esje\/yhteystiedot\/","title":{"rendered":"Yhteystiedot"},"content":{"rendered":"\n<h2 class=\"wp-block-heading has-ltc-goudy-thirty-font-family\" style=\"font-style:normal;font-weight:500;letter-spacing:0.5px\">Yhteystiedot<\/h2>\n\n\n\n<div class=\"wp-block-columns is-style-default is-layout-flex wp-container-core-columns-is-layout-28f84493 wp-block-columns-is-layout-flex\">\n<div class=\"wp-block-column is-layout-flow wp-block-column-is-layout-flow\">\n<div id=\"wp-block-themeisle-blocks-form-0b837e77\" class=\"wp-block-themeisle-blocks-form\" data-option-name=\"7f39e699e511d2e737607943ee2f3526906eabac_0b837e77\"><form class=\"otter-form__container\">\n<div id=\"wp-block-themeisle-blocks-form-input-3bdfa64a\" class=\"wp-block-themeisle-blocks-form-input\"><label for=\"wp-block-themeisle-blocks-form-input-3bdfa64a-input\" class=\"otter-form-input-label\"><span class=\"otter-form-input-label__label\">Nimi<\/span><span class=\"required\">*<\/span><\/label><input type=\"text\" id=\"wp-block-themeisle-blocks-form-input-3bdfa64a-input\" required class=\"otter-form-input\"><\/div>\n\n\n\n<div id=\"wp-block-themeisle-blocks-form-input-c7ccb292\" class=\"wp-block-themeisle-blocks-form-input\"><label for=\"wp-block-themeisle-blocks-form-input-c7ccb292-input\" class=\"otter-form-input-label\"><span class=\"otter-form-input-label__label\">S\u00e4hk\u00f6\u00adposti<\/span><span class=\"required\">*<\/span><\/label><input type=\"email\" id=\"wp-block-themeisle-blocks-form-input-c7ccb292-input\" required class=\"otter-form-input\"><\/div>\n\n\n<div class=\"protection\" aria-hidden=\"true\"><input type=\"hidden\" id=\"wp-block-themeisle-blocks-form-0b837e77_nonce_field\" name=\"wp-block-themeisle-blocks-form-0b837e77_nonce_field\" value=\"aabb169b92\"><input type=\"hidden\" name=\"_wp_http_referer\" value=\"\/med24esje\/wp-json\/wp\/v2\/pages\/11\"><input class=\"o-anti-bot\" type=\"checkbox\"><\/div>\n\n\n<div id=\"wp-block-themeisle-blocks-form-textarea-c03d2524\" class=\"wp-block-themeisle-blocks-form-textarea\"><label for=\"wp-block-themeisle-blocks-form-textarea-c03d2524-input\" class=\"otter-form-textarea-label\"><span class=\"otter-form-textarea-label__label\">Viesti<\/span><\/label><textarea id=\"wp-block-themeisle-blocks-form-textarea-c03d2524-input\" rows=\"10\" class=\"otter-form-textarea-input\"><\/textarea><\/div>\n\n\n\n<p class=\"has-ltc-goudy-thirty-font-family\" style=\"font-size:23px\">You agree to receive email com\u00admu\u00adni\u00adca\u00adtion from us by sub\u00admit\u00adting this form and under\u00adstand that your con\u00adtact infor\u00adma\u00adtion will be stored with us.<\/p>\n<div class=\"wp-block-button\"><button class=\"wp-block-button__link\" type=\"submit\">L\u00c4HET\u00c4<\/button><\/div><\/form><\/div>\n<\/div>\n\n\n\n<div class=\"wp-block-column is-layout-flow wp-block-column-is-layout-flow\" style=\"flex-basis:50px\"><\/div>\n\n\n\n<div class=\"wp-block-column has-global-padding is-layout-constrained wp-block-column-is-layout-constrained\">\n<p class=\"has-text-align-left has-ltc-goudy-thirty-font-family\" style=\"font-size:30px\">Pako.loimaa@gmail.com<\/p>\n\n\n\n<p class=\"has-text-align-left has-ltc-goudy-thirty-font-family\" style=\"font-size:30px\">Puh. 007 545 788 (klo. 10\u201319)<\/p>\n\n\n\n<p class=\"has-text-align-left has-ltc-goudy-thirty-font-family\" style=\"font-size:30px\">Turun\u00adtie 31 Loimaa<\/p>\n\n\n\n<div style=\"height:30px\" aria-hidden=\"true\" class=\"wp-block-spacer\"><\/div>\n\n\n\n<div class=\"wp-block-cover\" style=\"border-top-left-radius:4px;border-top-right-radius:4px;border-bottom-left-radius:4px;border-bottom-right-radius:4px;min-height:355px;aspect-ratio:unset;\"><img loading=\"lazy\" decoding=\"async\" width=\"1024\" height=\"683\" class=\"wp-block-cover__image-background wp-image-407\" alt src=\"https:\/\/wp3.novida.fi\/med24esje\/wp-content\/uploads\/sites\/31\/2026\/01\/yhteystiedot-2-1024x683.jpg\" style=\"object-position:79% 56%\" data-object-fit=\"cover\" data-object-position=\"79% 56%\" srcset=\"https:\/\/wp3.novida.fi\/med24esje\/wp-content\/uploads\/sites\/31\/2026\/01\/yhteystiedot-2-1024x683.jpg 1024w, https:\/\/wp3.novida.fi\/med24esje\/wp-content\/uploads\/sites\/31\/2026\/01\/yhteystiedot-2-300x200.jpg 300w, https:\/\/wp3.novida.fi\/med24esje\/wp-content\/uploads\/sites\/31\/2026\/01\/yhteystiedot-2-768x512.jpg 768w, https:\/\/wp3.novida.fi\/med24esje\/wp-content\/uploads\/sites\/31\/2026\/01\/yhteystiedot-2-1536x1024.jpg 1536w, https:\/\/wp3.novida.fi\/med24esje\/wp-content\/uploads\/sites\/31\/2026\/01\/yhteystiedot-2-2048x1365.jpg 2048w\" sizes=\"auto, (max-width: 1024px) 100vw, 1024px\"><span aria-hidden=\"true\" class=\"wp-block-cover__background has-background-dim\"><\/span><div class=\"wp-block-cover__inner-container is-layout-flow wp-block-cover-is-layout-flow\">\n<p class=\"has-text-align-center has-large-font-size\"><\/p>\n<\/div><\/div>\n<\/div>\n<\/div>\n\n\n\n<div style=\"height:25px\" aria-hidden=\"true\" class=\"wp-block-spacer\"><\/div>\n\n\n<div style=\"height:400pxpx;\" class=\"ticss-cbf57edf wp-block-themeisle-blocks-leaflet-map\" id=\"wp-block-themeisle-blocks-leaflet-map-c3b3e662\"><\/div>\n<script type=\"text\/javascript\">\n\t\/* <![CDATA[ *\/\n\t\tif ( ! window.themeisleLeafletMaps ) window.themeisleLeafletMaps =[];\n\t\twindow.themeisleLeafletMaps.push( { container: \"wp-block-themeisle-blocks-leaflet-map-c3b3e662\", attributes: {\"id\":\"wp-block-themeisle-blocks-leaflet-map-c3b3e662\",\"location\":\"Turuntie 31, Loimaa, Suomi\",\"latitude\":\"60.84518236732675\",\"longitude\":\"23.05489540100098\",\"bbox\":\"23.04861903190613,60.844136994378104,23.06117177009583,60.84622770608606\",\"zoom\":17,\"markers\":[{\"id\":\"6a371534-3d36-45fc-9d3c-cd5b87fd93fe\",\"latitude\":60.845341783696895,\"longitude\":23.054729104042057,\"title\":\"Add a title\",\"description\":\"\"}],\"className\":\"ticss-cbf57edf\",\"hasCustomCSS\":true,\"customCSS\":\".ticss-cbf57edf {\\n  border-radius: 4px;\\n}\\n\",\"height\":\"400px\",\"zoomControl\":true,\"draggable\":true,\"otterConditions\":[]} } );\n\t\/* ]]> *\/\n<\/script>\n","protected":false},"excerpt":{"rendered":"<p>Yhteystiedot Pako.loimaa@gmail.com Puh. 007 545 788 (klo. 10\u201319) Turun\u00adtie 31 Loimaa<\/p>\n","protected":false},"author":35,"featured_media":0,"parent":0,"menu_order":0,"comment_status":"closed","ping_status":"closed","template":"","meta":{"wp_typography_post_enhancements_disabled":false,"_themeisle_gutenberg_block_has_review":false,"footnotes":""},"class_list":["post-11","page","type-page","status-publish","hentry"],"yoast_head":"<!-- This site is optimized with the Yoast SEO plugin v26.5 - https:\/\/yoast.com\/wordpress\/plugins\/seo\/ -->\n<title>Yhteystiedot - PAKO Loimaa<\/title>\n<meta name=\"description\" content=\"Voit olla yhteydess\u00e4 yhteydenotto lomakkeella tai s\u00e4hk\u00f6postitse. Kiireellisiss\u00e4 asioissa voit soittaa, esim. ajanvarauksen peruutus.\" \/>\n<meta name=\"robots\" content=\"index, follow, max-snippet:-1, max-image-preview:large, max-video-preview:-1\" \/>\n<link rel=\"canonical\" href=\"https:\/\/wp3.novida.fi\/med24esje\/yhteystiedot\/\" \/>\n<meta property=\"og:locale\" content=\"en_GB\" \/>\n<meta property=\"og:type\" content=\"article\" \/>\n<meta property=\"og:title\" content=\"Yhteystiedot - PAKO Loimaa\" \/>\n<meta property=\"og:description\" content=\"Voit olla yhteydess\u00e4 yhteydenotto lomakkeella tai s\u00e4hk\u00f6postitse. Kiireellisiss\u00e4 asioissa voit soittaa, esim. ajanvarauksen peruutus.\" \/>\n<meta property=\"og:url\" content=\"https:\/\/wp3.novida.fi\/med24esje\/yhteystiedot\/\" \/>\n<meta property=\"og:site_name\" content=\"PAKO Loimaa\" \/>\n<meta property=\"article:modified_time\" content=\"2026-01-20T11:35:23+00:00\" \/>\n<meta property=\"og:image\" content=\"https:\/\/wp3.novida.fi\/med24esje\/wp-content\/uploads\/sites\/31\/2026\/01\/yhteystiedot-2-scaled.jpg\" \/>\n\t<meta property=\"og:image:width\" content=\"2560\" \/>\n\t<meta property=\"og:image:height\" content=\"1707\" \/>\n\t<meta property=\"og:image:type\" content=\"image\/jpeg\" \/>\n<meta name=\"twitter:card\" content=\"summary_large_image\" \/>\n<meta name=\"twitter:label1\" content=\"Estimated reading time\" \/>\n\t<meta name=\"twitter:data1\" content=\"1 minute\" \/>\n<script type=\"application\/ld+json\" class=\"yoast-schema-graph\">{\"@context\":\"https:\/\/schema.org\",\"@graph\":[{\"@type\":\"WebPage\",\"@id\":\"https:\/\/wp3.novida.fi\/med24esje\/yhteystiedot\/\",\"url\":\"https:\/\/wp3.novida.fi\/med24esje\/yhteystiedot\/\",\"name\":\"Yhteystiedot - PAKO Loimaa\",\"isPartOf\":{\"@id\":\"https:\/\/wp3.novida.fi\/med24esje\/#website\"},\"primaryImageOfPage\":{\"@id\":\"https:\/\/wp3.novida.fi\/med24esje\/yhteystiedot\/#primaryimage\"},\"image\":{\"@id\":\"https:\/\/wp3.novida.fi\/med24esje\/yhteystiedot\/#primaryimage\"},\"thumbnailUrl\":\"https:\/\/wp3.novida.fi\/med24esje\/wp-content\/uploads\/sites\/31\/2026\/01\/yhteystiedot-2-1024x683.jpg\",\"datePublished\":\"2025-12-01T08:26:38+00:00\",\"dateModified\":\"2026-01-20T11:35:23+00:00\",\"description\":\"Voit olla yhteydess\u00e4 yhteydenotto lomakkeella tai s\u00e4hk\u00f6postitse. Kiireellisiss\u00e4 asioissa voit soittaa, esim. ajanvarauksen peruutus.\",\"breadcrumb\":{\"@id\":\"https:\/\/wp3.novida.fi\/med24esje\/yhteystiedot\/#breadcrumb\"},\"inLanguage\":\"en-GB\",\"potentialAction\":[{\"@type\":\"ReadAction\",\"target\":[\"https:\/\/wp3.novida.fi\/med24esje\/yhteystiedot\/\"]}]},{\"@type\":\"ImageObject\",\"inLanguage\":\"en-GB\",\"@id\":\"https:\/\/wp3.novida.fi\/med24esje\/yhteystiedot\/#primaryimage\",\"url\":\"https:\/\/wp3.novida.fi\/med24esje\/wp-content\/uploads\/sites\/31\/2026\/01\/yhteystiedot-2-scaled.jpg\",\"contentUrl\":\"https:\/\/wp3.novida.fi\/med24esje\/wp-content\/uploads\/sites\/31\/2026\/01\/yhteystiedot-2-scaled.jpg\",\"width\":2560,\"height\":1707},{\"@type\":\"BreadcrumbList\",\"@id\":\"https:\/\/wp3.novida.fi\/med24esje\/yhteystiedot\/#breadcrumb\",\"itemListElement\":[{\"@type\":\"ListItem\",\"position\":1,\"name\":\"Home\",\"item\":\"https:\/\/wp3.novida.fi\/med24esje\/\"},{\"@type\":\"ListItem\",\"position\":2,\"name\":\"Yhteystiedot\"}]},{\"@type\":\"WebSite\",\"@id\":\"https:\/\/wp3.novida.fi\/med24esje\/#website\",\"url\":\"https:\/\/wp3.novida.fi\/med24esje\/\",\"name\":\"PAKO Loimaa\",\"description\":\"\",\"publisher\":{\"@id\":\"https:\/\/wp3.novida.fi\/med24esje\/#organization\"},\"potentialAction\":[{\"@type\":\"SearchAction\",\"target\":{\"@type\":\"EntryPoint\",\"urlTemplate\":\"https:\/\/wp3.novida.fi\/med24esje\/?s={search_term_string}\"},\"query-input\":{\"@type\":\"PropertyValueSpecification\",\"valueRequired\":true,\"valueName\":\"search_term_string\"}}],\"inLanguage\":\"en-GB\"},{\"@type\":\"Organization\",\"@id\":\"https:\/\/wp3.novida.fi\/med24esje\/#organization\",\"name\":\"PAKO Loimaa\",\"url\":\"https:\/\/wp3.novida.fi\/med24esje\/\",\"logo\":{\"@type\":\"ImageObject\",\"inLanguage\":\"en-GB\",\"@id\":\"https:\/\/wp3.novida.fi\/med24esje\/#\/schema\/logo\/image\/\",\"url\":\"https:\/\/wp3.novida.fi\/med24esje\/wp-content\/uploads\/sites\/31\/2025\/12\/Artboard-2.png\",\"contentUrl\":\"https:\/\/wp3.novida.fi\/med24esje\/wp-content\/uploads\/sites\/31\/2025\/12\/Artboard-2.png\",\"width\":1920,\"height\":1080,\"caption\":\"PAKO Loimaa\"},\"image\":{\"@id\":\"https:\/\/wp3.novida.fi\/med24esje\/#\/schema\/logo\/image\/\"}}]}<\/script>\n<!-- \/ Yoast SEO plugin. -->","yoast_head_json":{"title":"Yhteystiedot - PAKO Loimaa","description":"Voit olla yhteydess\u00e4 yhteydenotto lomakkeella tai s\u00e4hk\u00f6postitse. Kiireellisiss\u00e4 asioissa voit soittaa, esim. ajanvarauksen peruutus.","robots":{"index":"index","follow":"follow","max-snippet":"max-snippet:-1","max-image-preview":"max-image-preview:large","max-video-preview":"max-video-preview:-1"},"canonical":"https:\/\/wp3.novida.fi\/med24esje\/yhteystiedot\/","og_locale":"en_GB","og_type":"article","og_title":"Yhteystiedot - PAKO Loimaa","og_description":"Voit olla yhteydess\u00e4 yhteydenotto lomakkeella tai s\u00e4hk\u00f6postitse. Kiireellisiss\u00e4 asioissa voit soittaa, esim. ajanvarauksen peruutus.","og_url":"https:\/\/wp3.novida.fi\/med24esje\/yhteystiedot\/","og_site_name":"PAKO Loimaa","article_modified_time":"2026-01-20T11:35:23+00:00","og_image":[{"width":2560,"height":1707,"url":"https:\/\/wp3.novida.fi\/med24esje\/wp-content\/uploads\/sites\/31\/2026\/01\/yhteystiedot-2-scaled.jpg","type":"image\/jpeg"}],"twitter_card":"summary_large_image","twitter_misc":{"Estimated reading time":"1 minute"},"schema":{"@context":"https:\/\/schema.org","@graph":[{"@type":"WebPage","@id":"https:\/\/wp3.novida.fi\/med24esje\/yhteystiedot\/","url":"https:\/\/wp3.novida.fi\/med24esje\/yhteystiedot\/","name":"Yhteystiedot - PAKO Loimaa","isPartOf":{"@id":"https:\/\/wp3.novida.fi\/med24esje\/#website"},"primaryImageOfPage":{"@id":"https:\/\/wp3.novida.fi\/med24esje\/yhteystiedot\/#primaryimage"},"image":{"@id":"https:\/\/wp3.novida.fi\/med24esje\/yhteystiedot\/#primaryimage"},"thumbnailUrl":"https:\/\/wp3.novida.fi\/med24esje\/wp-content\/uploads\/sites\/31\/2026\/01\/yhteystiedot-2-1024x683.jpg","datePublished":"2025-12-01T08:26:38+00:00","dateModified":"2026-01-20T11:35:23+00:00","description":"Voit olla yhteydess\u00e4 yhteydenotto lomakkeella tai s\u00e4hk\u00f6postitse. Kiireellisiss\u00e4 asioissa voit soittaa, esim. ajanvarauksen peruutus.","breadcrumb":{"@id":"https:\/\/wp3.novida.fi\/med24esje\/yhteystiedot\/#breadcrumb"},"inLanguage":"en-GB","potentialAction":[{"@type":"ReadAction","target":["https:\/\/wp3.novida.fi\/med24esje\/yhteystiedot\/"]}]},{"@type":"ImageObject","inLanguage":"en-GB","@id":"https:\/\/wp3.novida.fi\/med24esje\/yhteystiedot\/#primaryimage","url":"https:\/\/wp3.novida.fi\/med24esje\/wp-content\/uploads\/sites\/31\/2026\/01\/yhteystiedot-2-scaled.jpg","contentUrl":"https:\/\/wp3.novida.fi\/med24esje\/wp-content\/uploads\/sites\/31\/2026\/01\/yhteystiedot-2-scaled.jpg","width":2560,"height":1707},{"@type":"BreadcrumbList","@id":"https:\/\/wp3.novida.fi\/med24esje\/yhteystiedot\/#breadcrumb","itemListElement":[{"@type":"ListItem","position":1,"name":"Home","item":"https:\/\/wp3.novida.fi\/med24esje\/"},{"@type":"ListItem","position":2,"name":"Yhteystiedot"}]},{"@type":"WebSite","@id":"https:\/\/wp3.novida.fi\/med24esje\/#website","url":"https:\/\/wp3.novida.fi\/med24esje\/","name":"PAKO Loimaa","description":"","publisher":{"@id":"https:\/\/wp3.novida.fi\/med24esje\/#organization"},"potentialAction":[{"@type":"SearchAction","target":{"@type":"EntryPoint","urlTemplate":"https:\/\/wp3.novida.fi\/med24esje\/?s={search_term_string}"},"query-input":{"@type":"PropertyValueSpecification","valueRequired":true,"valueName":"search_term_string"}}],"inLanguage":"en-GB"},{"@type":"Organization","@id":"https:\/\/wp3.novida.fi\/med24esje\/#organization","name":"PAKO Loimaa","url":"https:\/\/wp3.novida.fi\/med24esje\/","logo":{"@type":"ImageObject","inLanguage":"en-GB","@id":"https:\/\/wp3.novida.fi\/med24esje\/#\/schema\/logo\/image\/","url":"https:\/\/wp3.novida.fi\/med24esje\/wp-content\/uploads\/sites\/31\/2025\/12\/Artboard-2.png","contentUrl":"https:\/\/wp3.novida.fi\/med24esje\/wp-content\/uploads\/sites\/31\/2025\/12\/Artboard-2.png","width":1920,"height":1080,"caption":"PAKO Loimaa"},"image":{"@id":"https:\/\/wp3.novida.fi\/med24esje\/#\/schema\/logo\/image\/"}}]}},"_links":{"self":[{"href":"https:\/\/wp3.novida.fi\/med24esje\/wp-json\/wp\/v2\/pages\/11","targetHints":{"allow":["GET"]}}],"collection":[{"href":"https:\/\/wp3.novida.fi\/med24esje\/wp-json\/wp\/v2\/pages"}],"about":[{"href":"https:\/\/wp3.novida.fi\/med24esje\/wp-json\/wp\/v2\/types\/page"}],"author":[{"embeddable":true,"href":"https:\/\/wp3.novida.fi\/med24esje\/wp-json\/wp\/v2\/users\/35"}],"replies":[{"embeddable":true,"href":"https:\/\/wp3.novida.fi\/med24esje\/wp-json\/wp\/v2\/comments?post=11"}],"version-history":[{"count":40,"href":"https:\/\/wp3.novida.fi\/med24esje\/wp-json\/wp\/v2\/pages\/11\/revisions"}],"predecessor-version":[{"id":565,"href":"https:\/\/wp3.novida.fi\/med24esje\/wp-json\/wp\/v2\/pages\/11\/revisions\/565"}],"wp:attachment":[{"href":"https:\/\/wp3.novida.fi\/med24esje\/wp-json\/wp\/v2\/media?parent=11"}],"curies":[{"name":"wp","href":"https:\/\/api.w.org\/{rel}","templated":true}]}}